{"id":118,"date":"2022-07-05T14:37:48","date_gmt":"2022-07-05T12:37:48","guid":{"rendered":"http:\/\/bfh-ingenieure.de\/kontakt\/"},"modified":"2026-02-09T21:27:22","modified_gmt":"2026-02-09T20:27:22","slug":"contact","status":"publish","type":"page","link":"https:\/\/bfh-ingenieure.de\/fr\/contact\/","title":{"rendered":"Nous contacter"},"content":{"rendered":"<p>[vc_section full_width=\u00a0\u00bbstretch_row\u00a0\u00bb el_id=\u00a0\u00bbintro\u00a0\u00bb css=\u00a0\u00bb.vc_custom_1770668840812{background: #cae7ef url(https:\/\/bfh-ingenieure.de\/wp-content\/uploads\/2026\/02\/Group-581.png?id=1120) !important;}\u00a0\u00bb][vc_row][vc_column width=\u00a0\u00bb1\/2&Prime;][vc_column_text]<\/p>\n<h1 class=\"upper\">Contact<\/h1>\n<p>[\/vc_column_text][\/vc_column][vc_column width=\u00a0\u00bb1\/2&Prime;][\/vc_column][\/vc_row][vc_row full_width=\u00a0\u00bbstretch_row_content_no_spaces\u00a0\u00bb el_class=\u00a0\u00bbskew-bot-row skew-bot-row-light\u00a0\u00bb][vc_column][\/vc_column][\/vc_row][\/vc_section][vc_section full_width=\u00a0\u00bbstretch_row\u00a0\u00bb css=\u00a0\u00bb.vc_custom_1657024775273{background-color: #cae7ef !important;}\u00a0\u00bb][vc_row][vc_column width=\u00a0\u00bb1\/4&Prime;][\/vc_column][vc_column width=\u00a0\u00bb1\/2&Prime;]<div class=\"wpcf7 no-js\" id=\"wpcf7-f6-o1\" lang=\"en-US\" dir=\"ltr\">\n<div class=\"screen-reader-response\"><p role=\"status\" aria-live=\"polite\" aria-atomic=\"true\"><\/p> <ul><\/ul><\/div>\n<form action=\"\/fr\/wp-json\/wp\/v2\/pages\/118#wpcf7-f6-o1\" method=\"post\" class=\"wpcf7-form init\" aria-label=\"Contact form\" novalidate=\"novalidate\" data-status=\"init\">\n<div style=\"display: none;\">\n<input type=\"hidden\" name=\"_wpcf7\" value=\"6\" \/>\n<input type=\"hidden\" name=\"_wpcf7_version\" value=\"5.7.2\" \/>\n<input type=\"hidden\" name=\"_wpcf7_locale\" value=\"en_US\" \/>\n<input type=\"hidden\" name=\"_wpcf7_unit_tag\" value=\"wpcf7-f6-o1\" \/>\n<input type=\"hidden\" name=\"_wpcf7_container_post\" value=\"0\" \/>\n<input type=\"hidden\" name=\"_wpcf7_posted_data_hash\" value=\"\" \/>\n<\/div>\n<div class=\"cf-row\">\n\t<div>\n\t\t<p><label>Civilit\u00e9 *<\/label><span class=\"wpcf7-form-control-wrap\" data-name=\"civility\"><select class=\"wpcf7-form-control wpcf7-select wpcf7-validates-as-required\" aria-required=\"true\" aria-invalid=\"false\" name=\"civility\"><option value=\"M.\">M.<\/option><option value=\"Mme\">Mme<\/option><\/select><\/span>\n\t\t<\/p>\n\t<\/div>\n<\/div>\n<div class=\"cf-row\">\n\t<div>\n\t\t<p><label>Nom *<\/label><span class=\"wpcf7-form-control-wrap\" data-name=\"your-name\"><input size=\"40\" class=\"wpcf7-form-control wpcf7-text wpcf7-validates-as-required\" aria-required=\"true\" aria-invalid=\"false\" value=\"\" type=\"text\" name=\"your-name\" \/><\/span>\n\t\t<\/p>\n\t<\/div>\n\t<div>\n\t\t<p><label>Pr\u00e9nom *<\/label><span class=\"wpcf7-form-control-wrap\" data-name=\"your-first-name\"><input size=\"40\" class=\"wpcf7-form-control wpcf7-text wpcf7-validates-as-required\" aria-required=\"true\" aria-invalid=\"false\" value=\"\" type=\"text\" name=\"your-first-name\" \/><\/span>\n\t\t<\/p>\n\t<\/div>\n<\/div>\n<div class=\"cf-row\">\n\t<div>\n\t\t<p><label>Email *<\/label><span class=\"wpcf7-form-control-wrap\" data-name=\"your-mail\"><input size=\"40\" class=\"wpcf7-form-control wpcf7-text wpcf7-email wpcf7-validates-as-required wpcf7-validates-as-email\" aria-required=\"true\" aria-invalid=\"false\" value=\"\" type=\"email\" name=\"your-mail\" \/><\/span>\n\t\t<\/p>\n\t<\/div>\n\t<div>\n\t\t<p><label>T\u00e9l\u00e9phone<\/label><span class=\"wpcf7-form-control-wrap\" data-name=\"your-tel\"><input size=\"40\" class=\"wpcf7-form-control wpcf7-text wpcf7-tel wpcf7-validates-as-tel\" aria-invalid=\"false\" value=\"\" type=\"tel\" name=\"your-tel\" \/><\/span>\n\t\t<\/p>\n\t<\/div>\n<\/div>\n<div class=\"cf-row\">\n\t<div>\n\t\t<p><label>Je suis<\/label><span class=\"wpcf7-form-control-wrap\" data-name=\"profession\"><select class=\"wpcf7-form-control wpcf7-select wpcf7-validates-as-required\" aria-required=\"true\" aria-invalid=\"false\" name=\"profession\"><option value=\"Un professionnel\">Un professionnel<\/option><option value=\"Une commune\">Une commune<\/option><option value=\"Un organisme public\">Un organisme public<\/option><option value=\"Un particulier\">Un particulier<\/option><\/select><\/span>\n\t\t<\/p>\n\t<\/div>\n\t<div>\n\t\t<p><label>Cela concerne *<\/label><span class=\"wpcf7-form-control-wrap\" data-name=\"your-demand\"><select class=\"wpcf7-form-control wpcf7-select wpcf7-validates-as-required\" aria-required=\"true\" aria-invalid=\"false\" name=\"your-demand\"><option value=\"Autre demande\">Autre demande<\/option><option value=\"Project management\">Project management<\/option><option value=\"Direction des travaux\">Direction des travaux<\/option><option value=\"Etudes des infrastructures\">Etudes des infrastructures<\/option><option value=\"Trafic &amp; mobilit\u00e9\">Trafic &amp; mobilit\u00e9<\/option><option value=\"Hydrologie et gestion des eaux\">Hydrologie et gestion des eaux<\/option><option value=\"Urbanisme et am\u00e9nagement du territoire\">Urbanisme et am\u00e9nagement du territoire<\/option><option value=\"\u00c9tudes des structures\">\u00c9tudes des structures<\/option><option value=\"\u00c9tudes environnementales\">\u00c9tudes environnementales<\/option><option value=\"Topographie &amp; laser scanning 3D\">Topographie &amp; laser scanning 3D<\/option><option value=\"Syst\u00e8me d&#039;Information G\u00e9ographique\">Syst\u00e8me d&#039;Information G\u00e9ographique<\/option><\/select><\/span>\n\t\t<\/p>\n\t<\/div>\n<\/div>\n<p><label>Message<\/label><span class=\"wpcf7-form-control-wrap\" data-name=\"your-message\"><textarea cols=\"40\" rows=\"10\" class=\"wpcf7-form-control wpcf7-textarea wpcf7-validates-as-required\" aria-required=\"true\" aria-invalid=\"false\" name=\"your-message\"><\/textarea><\/span>\n<\/p>\n<p><span class=\"wpcf7-form-control-wrap\" data-name=\"legal-check\"><span class=\"wpcf7-form-control wpcf7-checkbox wpcf7-validates-as-required\"><span class=\"wpcf7-list-item first last\"><label><input type=\"checkbox\" name=\"legal-check[]\" value=\"En soumettant ce formulaire, j\u2019accepte que BFH Ingenieure utilise les donn\u00e9es personnelles collect\u00e9es qui y sont renseign\u00e9es, dans le but de traiter ma candidature. Pour conna\u00eetre et exercer vos droits, notamment de retrait de consentement \u00e0 l\u2019utilisation de vos donn\u00e9es collect\u00e9es, veuillez consulter notre politique de protection des donn\u00e9es \u00e0 caract\u00e8re personnel\" tabindex=\"\" \/><span class=\"wpcf7-list-item-label\">En soumettant ce formulaire, j\u2019accepte que BFH Ingenieure utilise les donn\u00e9es personnelles collect\u00e9es qui y sont renseign\u00e9es, dans le but de traiter ma candidature. Pour conna\u00eetre et exercer vos droits, notamment de retrait de consentement \u00e0 l\u2019utilisation de vos donn\u00e9es collect\u00e9es, veuillez consulter notre politique de protection des donn\u00e9es \u00e0 caract\u00e8re personnel<\/span><\/label><\/span><\/span><\/span>\n<\/p>\n<p class=\"contact-hint\">*Champs obligatoire\n<\/p>\n<p><span class=\"wpcf7-form-control-wrap\" data-name=\"math-quiz\"><label><span class=\"wpcf7-quiz-label\">Demande de confirmation: 12+48=?<\/span> <input size=\"40\" class=\"wpcf7-form-control wpcf7-quiz\" autocomplete=\"off\" aria-required=\"true\" aria-invalid=\"false\" type=\"text\" name=\"math-quiz\" \/><\/label><input type=\"hidden\" name=\"_wpcf7_quiz_answer_math-quiz\" value=\"95be30944da848fe6338719b96deefe0\" \/><\/span>\n<\/p>\n<div class=\"wpcf-submit-wrap al-center\">\n\t<p><input class=\"wpcf7-form-control has-spinner wpcf7-submit cta-btn\" type=\"submit\" value=\"Envoyer\" \/>\n\t<\/p>\n<\/div><div class=\"wpcf7-response-output\" aria-hidden=\"true\"><\/div><\/form><\/div>[\/vc_column][vc_column width=\u00a0\u00bb1\/4&Prime;][\/vc_column][\/vc_row][vc_row full_width=\u00a0\u00bbstretch_row_content_no_spaces\u00a0\u00bb el_class=\u00a0\u00bbskew-bot-row skew-bot-row-white\u00a0\u00bb][vc_column][\/vc_column][\/vc_row][\/vc_section][vc_section full_width=\u00a0\u00bbstretch_row\u00a0\u00bb][vc_row el_id=\u00a0\u00bbcontact-info-row\u00a0\u00bb el_class=\u00a0\u00bbtop-mar-2&Prime;][vc_column width=\u00a0\u00bb1\/2&Prime;][vc_column_text]<\/p>\n<h3 class=\"upper\"><strong>Coordonne\u00e9s<\/strong><\/h3>\n<p>[\/vc_column_text][vc_column_text el_class=\u00a0\u00bbcontact-details-info\u00a0\u00bb]Max-Planck-Stra\u00dfe 22<br \/>\n54296 Trier<\/p>\n<div class=\"contact-link-wrap\"><a href=\"tel:+49651147490\"><i class=\"fas fa-mobile-alt\"><span class=\"social-placeholder\">.<\/span><\/i>+49 651 14749-0<\/a><a href=\"mailto:info@bfh-ingenieure.de\"><i class=\"icon-mail-line\"><span class=\"social-placeholder\">.<\/span><\/i>info@bfh-ingenieure.de<\/a><a href=\"https:\/\/www.google.com\/maps\/dir\/\/49.755993,6.6667793\" target=\"_blank\" rel=\"nofollow noopener\"><i class=\"fas fa-map-marker-alt\"><span class=\"social-placeholder\">.<\/span><\/i>Iten\u00e9raire<\/a><\/div>\n<p>[\/vc_column_text][\/vc_column][vc_column width=\u00a0\u00bb1\/2&Prime;][vc_column_text]<\/p>\n<h3 class=\"upper\"><strong>Horaires d&rsquo;ouverture<\/strong><\/h3>\n<p>[\/vc_column_text][vc_column_text]L\u2019entreprise est ouverte <strong>du lundi au vendredi de 8h \u00e0 12h et de 13h \u00e0 17h.<\/strong>[\/vc_column_text][\/vc_column][\/vc_row][\/vc_section]<\/p>\n","protected":false},"excerpt":{"rendered":"<p>[vc_section full_width=\u00a0\u00bbstretch_row\u00a0\u00bb el_id=\u00a0\u00bbintro\u00a0\u00bb css=\u00a0\u00bb.vc_custom_1770668840812{background: #cae7ef url(https:\/\/bfh-ingenieure.de\/wp-content\/uploads\/2026\/02\/Group-581.png?id=1120) !important;}\u00a0\u00bb][vc_row][vc_column width=\u00a0\u00bb1\/2&Prime;][vc_column_text] Contact [\/vc_column_text][\/vc_column][vc_column width=\u00a0\u00bb1\/2&Prime;][\/vc_column][\/vc_row][vc_row full_width=\u00a0\u00bbstretch_row_content_no_spaces\u00a0\u00bb el_class=\u00a0\u00bbskew-bot-row skew-bot-row-light\u00a0\u00bb][vc_column][\/vc_column][\/vc_row][\/vc_section][vc_section full_width=\u00a0\u00bbstretch_row\u00a0\u00bb css=\u00a0\u00bb.vc_custom_1657024775273{background-color: #cae7ef !important;}\u00a0\u00bb][vc_row][vc_column width=\u00a0\u00bb1\/4&Prime;][\/vc_column][vc_column width=\u00a0\u00bb1\/2&Prime;][\/vc_column][vc_column width=\u00a0\u00bb1\/4&Prime;][\/vc_column][\/vc_row][vc_row full_width=\u00a0\u00bbstretch_row_content_no_spaces\u00a0\u00bb el_class=\u00a0\u00bbskew-bot-row skew-bot-row-white\u00a0\u00bb][vc_column][\/vc_column][\/vc_row][\/vc_section][vc_section full_width=\u00a0\u00bbstretch_row\u00a0\u00bb][vc_row el_id=\u00a0\u00bbcontact-info-row\u00a0\u00bb<span class=\"excerpt-hellip\"> [\u2026]<\/span><\/p>\n","protected":false},"author":1,"featured_media":0,"parent":0,"menu_order":0,"comment_status":"closed","ping_status":"closed","template":"","meta":{"footnotes":""},"class_list":["post-118","page","type-page","status-publish","hentry"],"yoast_head":"<!-- This site is optimized with the Yoast SEO plugin v19.14 - https:\/\/yoast.com\/wordpress\/plugins\/seo\/ -->\n<title>Nous contacter - BFH Ingenieure<\/title>\n<meta name=\"robots\" content=\"index, follow, max-snippet:-1, max-image-preview:large, max-video-preview:-1\" \/>\n<link rel=\"canonical\" href=\"https:\/\/bfh-ingenieure.de\/fr\/contact\/\" \/>\n<meta property=\"og:locale\" content=\"fr_FR\" \/>\n<meta property=\"og:type\" content=\"article\" \/>\n<meta property=\"og:title\" content=\"Nous contacter - BFH Ingenieure\" \/>\n<meta property=\"og:description\" content=\"[vc_section full_width=\u00a0\u00bbstretch_row\u00a0\u00bb el_id=\u00a0\u00bbintro\u00a0\u00bb css=\u00a0\u00bb.vc_custom_1770668840812{background: #cae7ef url(https:\/\/bfh-ingenieure.de\/wp-content\/uploads\/2026\/02\/Group-581.png?id=1120) !important;}\u00a0\u00bb][vc_row][vc_column width=\u00a0\u00bb1\/2&Prime;][vc_column_text] Contact [\/vc_column_text][\/vc_column][vc_column width=\u00a0\u00bb1\/2&Prime;][\/vc_column][\/vc_row][vc_row full_width=\u00a0\u00bbstretch_row_content_no_spaces\u00a0\u00bb el_class=\u00a0\u00bbskew-bot-row skew-bot-row-light\u00a0\u00bb][vc_column][\/vc_column][\/vc_row][\/vc_section][vc_section full_width=\u00a0\u00bbstretch_row\u00a0\u00bb css=\u00a0\u00bb.vc_custom_1657024775273{background-color: #cae7ef !important;}\u00a0\u00bb][vc_row][vc_column width=\u00a0\u00bb1\/4&Prime;][\/vc_column][vc_column width=\u00a0\u00bb1\/2&Prime;][\/vc_column][vc_column width=\u00a0\u00bb1\/4&Prime;][\/vc_column][\/vc_row][vc_row full_width=\u00a0\u00bbstretch_row_content_no_spaces\u00a0\u00bb el_class=\u00a0\u00bbskew-bot-row skew-bot-row-white\u00a0\u00bb][vc_column][\/vc_column][\/vc_row][\/vc_section][vc_section full_width=\u00a0\u00bbstretch_row\u00a0\u00bb][vc_row el_id=\u00a0\u00bbcontact-info-row\u00a0\u00bb [\u2026]\" \/>\n<meta property=\"og:url\" content=\"https:\/\/bfh-ingenieure.de\/fr\/contact\/\" \/>\n<meta property=\"og:site_name\" content=\"BFH Ingenieure\" \/>\n<meta property=\"article:modified_time\" content=\"2026-02-09T20:27:22+00:00\" \/>\n<meta name=\"twitter:card\" content=\"summary_large_image\" \/>\n<meta name=\"twitter:label1\" content=\"Dur\u00e9e de lecture estim\u00e9e\" \/>\n\t<meta name=\"twitter:data1\" content=\"1 minute\" \/>\n<script type=\"application\/ld+json\" class=\"yoast-schema-graph\">{\"@context\":\"https:\/\/schema.org\",\"@graph\":[{\"@type\":\"WebPage\",\"@id\":\"https:\/\/bfh-ingenieure.de\/fr\/contact\/\",\"url\":\"https:\/\/bfh-ingenieure.de\/fr\/contact\/\",\"name\":\"Nous contacter - BFH Ingenieure\",\"isPartOf\":{\"@id\":\"https:\/\/bfh-ingenieure.de\/#website\"},\"datePublished\":\"2022-07-05T12:37:48+00:00\",\"dateModified\":\"2026-02-09T20:27:22+00:00\",\"breadcrumb\":{\"@id\":\"https:\/\/bfh-ingenieure.de\/fr\/contact\/#breadcrumb\"},\"inLanguage\":\"fr-FR\",\"potentialAction\":[{\"@type\":\"ReadAction\",\"target\":[\"https:\/\/bfh-ingenieure.de\/fr\/contact\/\"]}]},{\"@type\":\"BreadcrumbList\",\"@id\":\"https:\/\/bfh-ingenieure.de\/fr\/contact\/#breadcrumb\",\"itemListElement\":[{\"@type\":\"ListItem\",\"position\":1,\"name\":\"Home\",\"item\":\"https:\/\/bfh-ingenieure.de\/fr\/home\/\"},{\"@type\":\"ListItem\",\"position\":2,\"name\":\"Nous contacter\"}]},{\"@type\":\"WebSite\",\"@id\":\"https:\/\/bfh-ingenieure.de\/#website\",\"url\":\"https:\/\/bfh-ingenieure.de\/\",\"name\":\"BFH Ingenieure\",\"description\":\"Eine weitere WordPress-Website\",\"inLanguage\":\"fr-FR\"}]}<\/script>\n<!-- \/ Yoast SEO plugin. -->","yoast_head_json":{"title":"Nous contacter - BFH Ingenieure","robots":{"index":"index","follow":"follow","max-snippet":"max-snippet:-1","max-image-preview":"max-image-preview:large","max-video-preview":"max-video-preview:-1"},"canonical":"https:\/\/bfh-ingenieure.de\/fr\/contact\/","og_locale":"fr_FR","og_type":"article","og_title":"Nous contacter - BFH Ingenieure","og_description":"[vc_section full_width=\u00a0\u00bbstretch_row\u00a0\u00bb el_id=\u00a0\u00bbintro\u00a0\u00bb css=\u00a0\u00bb.vc_custom_1770668840812{background: #cae7ef url(https:\/\/bfh-ingenieure.de\/wp-content\/uploads\/2026\/02\/Group-581.png?id=1120) !important;}\u00a0\u00bb][vc_row][vc_column width=\u00a0\u00bb1\/2&Prime;][vc_column_text] Contact [\/vc_column_text][\/vc_column][vc_column width=\u00a0\u00bb1\/2&Prime;][\/vc_column][\/vc_row][vc_row full_width=\u00a0\u00bbstretch_row_content_no_spaces\u00a0\u00bb el_class=\u00a0\u00bbskew-bot-row skew-bot-row-light\u00a0\u00bb][vc_column][\/vc_column][\/vc_row][\/vc_section][vc_section full_width=\u00a0\u00bbstretch_row\u00a0\u00bb css=\u00a0\u00bb.vc_custom_1657024775273{background-color: #cae7ef !important;}\u00a0\u00bb][vc_row][vc_column width=\u00a0\u00bb1\/4&Prime;][\/vc_column][vc_column width=\u00a0\u00bb1\/2&Prime;][\/vc_column][vc_column width=\u00a0\u00bb1\/4&Prime;][\/vc_column][\/vc_row][vc_row full_width=\u00a0\u00bbstretch_row_content_no_spaces\u00a0\u00bb el_class=\u00a0\u00bbskew-bot-row skew-bot-row-white\u00a0\u00bb][vc_column][\/vc_column][\/vc_row][\/vc_section][vc_section full_width=\u00a0\u00bbstretch_row\u00a0\u00bb][vc_row el_id=\u00a0\u00bbcontact-info-row\u00a0\u00bb [\u2026]","og_url":"https:\/\/bfh-ingenieure.de\/fr\/contact\/","og_site_name":"BFH Ingenieure","article_modified_time":"2026-02-09T20:27:22+00:00","twitter_card":"summary_large_image","twitter_misc":{"Dur\u00e9e de lecture estim\u00e9e":"1 minute"},"schema":{"@context":"https:\/\/schema.org","@graph":[{"@type":"WebPage","@id":"https:\/\/bfh-ingenieure.de\/fr\/contact\/","url":"https:\/\/bfh-ingenieure.de\/fr\/contact\/","name":"Nous contacter - BFH Ingenieure","isPartOf":{"@id":"https:\/\/bfh-ingenieure.de\/#website"},"datePublished":"2022-07-05T12:37:48+00:00","dateModified":"2026-02-09T20:27:22+00:00","breadcrumb":{"@id":"https:\/\/bfh-ingenieure.de\/fr\/contact\/#breadcrumb"},"inLanguage":"fr-FR","potentialAction":[{"@type":"ReadAction","target":["https:\/\/bfh-ingenieure.de\/fr\/contact\/"]}]},{"@type":"BreadcrumbList","@id":"https:\/\/bfh-ingenieure.de\/fr\/contact\/#breadcrumb","itemListElement":[{"@type":"ListItem","position":1,"name":"Home","item":"https:\/\/bfh-ingenieure.de\/fr\/home\/"},{"@type":"ListItem","position":2,"name":"Nous contacter"}]},{"@type":"WebSite","@id":"https:\/\/bfh-ingenieure.de\/#website","url":"https:\/\/bfh-ingenieure.de\/","name":"BFH Ingenieure","description":"Eine weitere WordPress-Website","inLanguage":"fr-FR"}]}},"_links":{"self":[{"href":"https:\/\/bfh-ingenieure.de\/fr\/wp-json\/wp\/v2\/pages\/118","targetHints":{"allow":["GET"]}}],"collection":[{"href":"https:\/\/bfh-ingenieure.de\/fr\/wp-json\/wp\/v2\/pages"}],"about":[{"href":"https:\/\/bfh-ingenieure.de\/fr\/wp-json\/wp\/v2\/types\/page"}],"author":[{"embeddable":true,"href":"https:\/\/bfh-ingenieure.de\/fr\/wp-json\/wp\/v2\/users\/1"}],"replies":[{"embeddable":true,"href":"https:\/\/bfh-ingenieure.de\/fr\/wp-json\/wp\/v2\/comments?post=118"}],"version-history":[{"count":4,"href":"https:\/\/bfh-ingenieure.de\/fr\/wp-json\/wp\/v2\/pages\/118\/revisions"}],"predecessor-version":[{"id":1139,"href":"https:\/\/bfh-ingenieure.de\/fr\/wp-json\/wp\/v2\/pages\/118\/revisions\/1139"}],"wp:attachment":[{"href":"https:\/\/bfh-ingenieure.de\/fr\/wp-json\/wp\/v2\/media?parent=118"}],"curies":[{"name":"wp","href":"https:\/\/api.w.org\/{rel}","templated":true}]}}