{"id":122,"date":"2022-07-05T15:00:58","date_gmt":"2022-07-05T13:00:58","guid":{"rendered":"http:\/\/bfh-ingenieure.de\/taetigkeitsfelder\/"},"modified":"2026-02-09T21:12:33","modified_gmt":"2026-02-09T20:12:33","slug":"nos-activites","status":"publish","type":"page","link":"https:\/\/bfh-ingenieure.de\/fr\/nos-activites\/","title":{"rendered":"Nos activit\u00e9s"},"content":{"rendered":"<p>[vc_section full_width=\u00a0\u00bbstretch_row\u00a0\u00bb el_id=\u00a0\u00bbintro\u00a0\u00bb css=\u00a0\u00bb.vc_custom_1770667923878{background-image: url(https:\/\/bfh-ingenieure.de\/wp-content\/uploads\/2026\/02\/Group-5.png?id=1116) !important;}\u00a0\u00bb][vc_row][vc_column width=\u00a0\u00bb1\/2&Prime;][vc_column_text]<\/p>\n<h1 class=\"upper\">Nos activit\u00e9s<\/h1>\n<p>[\/vc_column_text][\/vc_column][vc_column width=\u00a0\u00bb1\/2&Prime;][\/vc_column][\/vc_row][vc_row full_width=\u00a0\u00bbstretch_row_content_no_spaces\u00a0\u00bb disable_element=\u00a0\u00bbyes\u00a0\u00bb el_class=\u00a0\u00bbskew-bot-row skew-bot-row-dark\u00a0\u00bb][vc_column][\/vc_column][\/vc_row][\/vc_section][vc_section el_id=\u00a0\u00bbactivity-sec\u00a0\u00bb css=\u00a0\u00bb.vc_custom_1652790355704{padding-top: 0px !important;}\u00a0\u00bb el_class=\u00a0\u00bbtop-mar-4&Prime;][vc_row full_width=\u00a0\u00bbstretch_row_content_no_spaces\u00a0\u00bb disable_element=\u00a0\u00bbyes\u00a0\u00bb el_class=\u00a0\u00bbskew-bot-row skew-top-row-dark\u00a0\u00bb][vc_column][\/vc_column][\/vc_row][vc_row equal_height=\u00a0\u00bbyes\u00a0\u00bb el_class=\u00a0\u00bbactivity-grid-row top-mar-4&Prime;][vc_column width=\u00a0\u00bb1\/3&Prime;][vc_single_image image=\u00a0\u00bb138&Prime; img_size=\u00a0\u00bbfull\u00a0\u00bb alignment=\u00a0\u00bbcenter\u00a0\u00bb onclick=\u00a0\u00bbcustom_link\u00a0\u00bb link=\u00a0\u00bb\/fr\/nos-activites\/direction-des-travaux\/\u00a0\u00bb][vc_column_text el_class=\u00a0\u00bbactivity-overlay activity-overlay-0&Prime;]<a class=\"activity-overlay-link\" href=\"\/fr\/nos-activites\/direction-des-travaux\/\"><span class=\"activity-overlay-inner-text\">Nous proposons tous les services n\u00e9cessaires \u00e0 la direction des travaux et \u00e0 la surveillance des chantiers en garantissant une ex\u00e9cution sp\u00e9cifique, rapide et \u00e9conomique.<\/span><\/a>[\/vc_column_text][vc_column_text el_class=\u00a0\u00bbactivity-grid-title upper\u00a0\u00bb]<\/p>\n<h4><a href=\"\/fr\/nos-activites\/direction-des-travaux\/\">Direction des travaux<\/a><\/h4>\n<p>[\/vc_column_text][vc_column_text el_class=\u00a0\u00bbactivity-overlay-mob\u00a0\u00bb]<a href=\"\/fr\/nos-activites\/direction-des-travaux\/\"><span class=\"activity-overlay-inner-text\">Nous proposons tous les services n\u00e9cessaires \u00e0 la direction des travaux et \u00e0 la surveillance des chantiers en garantissant une ex\u00e9cution sp\u00e9cifique, rapide et \u00e9conomique.<\/span><\/a>[\/vc_column_text][\/vc_column][vc_column width=\u00a0\u00bb1\/3&Prime;][vc_single_image image=\u00a0\u00bb150&Prime; img_size=\u00a0\u00bbfull\u00a0\u00bb alignment=\u00a0\u00bbcenter\u00a0\u00bb onclick=\u00a0\u00bbcustom_link\u00a0\u00bb link=\u00a0\u00bb\/fr\/nos-activites\/etudes-des-infrastructures\/\u00a0\u00bb][vc_column_text el_class=\u00a0\u00bbactivity-overlay activity-overlay-1&Prime;]<a class=\"activity-overlay-link\" href=\"\/fr\/nos-activites\/etudes-des-infrastructures\/\"><span class=\"activity-overlay-inner-text\">Le d\u00e9partement \u00ab Voiries et R\u00e9seaux Divers \u00bb (VRD) assure, en collaboration avec les autres d\u00e9partements, la totalit\u00e9 des prestations d\u2019ing\u00e9nierie pour la conception, l\u2019\u00e9tude d\u00e9taill\u00e9e et la r\u00e9alisation&#8230;<\/span><\/a>[\/vc_column_text][vc_column_text el_class=\u00a0\u00bbactivity-grid-title upper\u00a0\u00bb]<\/p>\n<h4><a href=\"\/fr\/nos-activites\/etudes-des-infrastructures\/\">Etudes des infrastructures<\/a><\/h4>\n<p>[\/vc_column_text][vc_column_text el_class=\u00a0\u00bbactivity-overlay-mob\u00a0\u00bb]<a href=\"\/fr\/nos-activites\/etudes-des-infrastructures\/\"><span class=\"activity-overlay-inner-text\">Le d\u00e9partement \u00ab Voiries et R\u00e9seaux Divers \u00bb (VRD) assure, en collaboration avec les autres d\u00e9partements, la totalit\u00e9 des prestations d\u2019ing\u00e9nierie pour la conception, l\u2019\u00e9tude d\u00e9taill\u00e9e et la r\u00e9alisation&#8230;<\/span><\/a>[\/vc_column_text][\/vc_column][vc_column width=\u00a0\u00bb1\/3&Prime;][vc_single_image image=\u00a0\u00bb186&Prime; img_size=\u00a0\u00bbfull\u00a0\u00bb alignment=\u00a0\u00bbcenter\u00a0\u00bb onclick=\u00a0\u00bbcustom_link\u00a0\u00bb link=\u00a0\u00bb\/fr\/nos-activites\/trafic-mobilite\/\u00a0\u00bb][vc_column_text el_class=\u00a0\u00bbactivity-overlay activity-overlay-2 activity-overlay-white\u00a0\u00bb]<a class=\"activity-overlay-link\" href=\"\/fr\/nos-activites\/trafic-mobilite\/\"><span class=\"activity-overlay-inner-text\">Nos ing\u00e9nieurs r\u00e9pondent \u00e0 vos besoins en termes d\u2019\u00e9tudes de trafic et concepts de mobilit\u00e9, optimisation des r\u00e9seaux existants et \u00e9laboration des nouvelles voies de transport.<\/span><\/a>[\/vc_column_text][vc_column_text el_class=\u00a0\u00bbactivity-grid-title upper\u00a0\u00bb]<\/p>\n<h4><a href=\"\/fr\/nos-activites\/trafic-mobilite\/\">Trafic &amp; mobilit\u00e9<\/a><\/h4>\n<p>[\/vc_column_text][vc_column_text el_class=\u00a0\u00bbactivity-overlay-mob\u00a0\u00bb]<a href=\"\/fr\/nos-activites\/trafic-mobilite\/\"><span class=\"activity-overlay-inner-text\">Nos ing\u00e9nieurs r\u00e9pondent \u00e0 vos besoins en termes d\u2019\u00e9tudes de trafic et concepts de mobilit\u00e9, optimisation des r\u00e9seaux existants et \u00e9laboration des nouvelles voies de transport.<\/span><\/a>[\/vc_column_text][\/vc_column][\/vc_row][vc_row equal_height=\u00a0\u00bbyes\u00a0\u00bb el_class=\u00a0\u00bbactivity-grid-row top-mar-4&Prime;][vc_column width=\u00a0\u00bb1\/3&Prime;][vc_single_image image=\u00a0\u00bb200&Prime; img_size=\u00a0\u00bbfull\u00a0\u00bb alignment=\u00a0\u00bbcenter\u00a0\u00bb onclick=\u00a0\u00bbcustom_link\u00a0\u00bb link=\u00a0\u00bb\/fr\/nos-activites\/hydrologie-et-gestion-des-eaux\/\u00a0\u00bb][vc_column_text el_class=\u00a0\u00bbactivity-overlay activity-overlay-3&Prime;]<a class=\"activity-overlay-link\" href=\"\/fr\/nos-activites\/hydrologie-et-gestion-des-eaux\/\"><span class=\"activity-overlay-inner-text\">Le d\u00e9partement Hydrologie est sp\u00e9cialis\u00e9 dans la gestion des eaux. Il intervient dans l\u2019assainissement, l\u2019eau potable et la renaturation des cours d\u2019eau.<\/span><\/a>[\/vc_column_text][vc_column_text el_class=\u00a0\u00bbactivity-grid-title upper\u00a0\u00bb]<\/p>\n<h4><a href=\"\/fr\/nos-activites\/hydrologie-et-gestion-des-eaux\/\">Hydrologie et gestion des eaux<\/a><\/h4>\n<p>[\/vc_column_text][vc_column_text el_class=\u00a0\u00bbactivity-overlay-mob\u00a0\u00bb]<a href=\"\/fr\/nos-activites\/hydrologie-et-gestion-des-eaux\/\"><span class=\"activity-overlay-inner-text\">Le d\u00e9partement Hydrologie est sp\u00e9cialis\u00e9 dans la gestion des eaux. Il intervient dans l\u2019assainissement, l\u2019eau potable et la renaturation des cours d\u2019eau.<\/span><\/a>[\/vc_column_text][\/vc_column][vc_column width=\u00a0\u00bb1\/3&Prime;][vc_single_image image=\u00a0\u00bb214&Prime; img_size=\u00a0\u00bbfull\u00a0\u00bb alignment=\u00a0\u00bbcenter\u00a0\u00bb onclick=\u00a0\u00bbcustom_link\u00a0\u00bb link=\u00a0\u00bb\/fr\/nos-activites\/urbanisme-et-amenagement-du-territoire\/\u00a0\u00bb][vc_column_text el_class=\u00a0\u00bbactivity-overlay activity-overlay-4&Prime;]<a class=\"activity-overlay-link\" href=\"\/fr\/nos-activites\/urbanisme-et-amenagement-du-territoire\/\"><span class=\"activity-overlay-inner-text\">Notre D\u00e9partement Urbanisme et Am\u00e9nagement du territoire (DUA) r\u00e9sout les probl\u00e8mes de planification les plus complexes qui englobent aussi bien la planification r\u00e9gionale que la conception d\u00e9taill\u00e9e.<\/span><\/a>[\/vc_column_text][vc_column_text el_class=\u00a0\u00bbactivity-grid-title upper\u00a0\u00bb]<\/p>\n<h4><a href=\"\/fr\/nos-activites\/urbanisme-et-amenagement-du-territoire\/\">Urbanisme et am\u00e9nagement du territoire<\/a><\/h4>\n<p>[\/vc_column_text][vc_column_text el_class=\u00a0\u00bbactivity-overlay-mob\u00a0\u00bb]<a href=\"\/fr\/nos-activites\/urbanisme-et-amenagement-du-territoire\/\"><span class=\"activity-overlay-inner-text\">Notre D\u00e9partement Urbanisme et Am\u00e9nagement du territoire (DUA) r\u00e9sout les probl\u00e8mes de planification les plus complexes qui englobent aussi bien la planification r\u00e9gionale que la conception d\u00e9taill\u00e9e.<\/span><\/a>[\/vc_column_text][\/vc_column][vc_column width=\u00a0\u00bb1\/3&Prime;][vc_single_image image=\u00a0\u00bb246&Prime; img_size=\u00a0\u00bbfull\u00a0\u00bb alignment=\u00a0\u00bbcenter\u00a0\u00bb onclick=\u00a0\u00bbcustom_link\u00a0\u00bb link=\u00a0\u00bb\/fr\/nos-activites\/etudes-environnementales\/\u00a0\u00bb][vc_column_text el_class=\u00a0\u00bbactivity-overlay activity-overlay-5 activity-overlay-white\u00a0\u00bb]<a class=\"activity-overlay-link\" href=\"\/fr\/nos-activites\/etudes-environnementales\/\"><span class=\"activity-overlay-inner-text\">Le d\u00e9partement Environnement recouvre l\u2019ensemble des domaines d\u2019\u00e9tudes environnementales : eau, sol, faune, flore, for\u00eat, \u00e9nergie, d\u00e9chets.<\/span><\/a>[\/vc_column_text][vc_column_text el_class=\u00a0\u00bbactivity-grid-title upper\u00a0\u00bb]<\/p>\n<h4><a href=\"\/fr\/nos-activites\/etudes-environnementales\/\">\u00c9tudes environnementales<\/a><\/h4>\n<p>[\/vc_column_text][vc_column_text el_class=\u00a0\u00bbactivity-overlay-mob\u00a0\u00bb]<a href=\"\/fr\/nos-activites\/etudes-environnementales\/\"><span class=\"activity-overlay-inner-text\">Le d\u00e9partement Environnement recouvre l\u2019ensemble des domaines d\u2019\u00e9tudes environnementales : eau, sol, faune, flore, for\u00eat, \u00e9nergie, d\u00e9chets.<\/span><\/a>[\/vc_column_text][\/vc_column][\/vc_row][vc_row equal_height=\u00a0\u00bbyes\u00a0\u00bb el_class=\u00a0\u00bbactivity-grid-row top-mar-4&Prime;][vc_column width=\u00a0\u00bb1\/3&Prime;][vc_single_image image=\u00a0\u00bb262&Prime; img_size=\u00a0\u00bbfull\u00a0\u00bb alignment=\u00a0\u00bbcenter\u00a0\u00bb onclick=\u00a0\u00bbcustom_link\u00a0\u00bb link=\u00a0\u00bb\/fr\/nos-activites\/topographie-laser-scanning-3d\/\u00a0\u00bb][vc_column_text el_class=\u00a0\u00bbactivity-overlay activity-overlay-6&Prime;]<a class=\"activity-overlay-link\" href=\"\/fr\/nos-activites\/topographie-laser-scanning-3d\/\"><span class=\"activity-overlay-inner-text\">Nous proposons des solutions efficaces et innovantes pour le mesurage, le traitement des donn\u00e9es et DAO, les solutions de laser scanning 3D, les\u00a0 relev\u00e9s par tach\u00e9om\u00e8tres et drones.<\/span><\/a>[\/vc_column_text][vc_column_text el_class=\u00a0\u00bbactivity-grid-title upper\u00a0\u00bb]<\/p>\n<h4><a href=\"\/fr\/nos-activites\/topographie-laser-scanning-3d\/\">Topographie &amp; laser scanning 3D<\/a><\/h4>\n<p>[\/vc_column_text][vc_column_text el_class=\u00a0\u00bbactivity-overlay-mob\u00a0\u00bb]<a href=\"\/fr\/nos-activites\/topographie-laser-scanning-3d\/\"><span class=\"activity-overlay-inner-text\">Nous proposons des solutions efficaces et innovantes pour le mesurage, le traitement des donn\u00e9es et DAO, les solutions de laser scanning 3D, les\u00a0 relev\u00e9s par tach\u00e9om\u00e8tres et drones.<\/span><\/a>[\/vc_column_text][\/vc_column][vc_column width=\u00a0\u00bb1\/3&Prime;][vc_single_image image=\u00a0\u00bb274&Prime; img_size=\u00a0\u00bbfull\u00a0\u00bb alignment=\u00a0\u00bbcenter\u00a0\u00bb onclick=\u00a0\u00bbcustom_link\u00a0\u00bb link=\u00a0\u00bb\/fr\/nos-activites\/systeme-dinformation-geographique\/\u00a0\u00bb][vc_column_text el_class=\u00a0\u00bbactivity-overlay activity-overlay-7&Prime;]<a class=\"activity-overlay-link\" href=\"\/fr\/nos-activites\/systeme-dinformation-geographique\/\"><span class=\"activity-overlay-inner-text\">Bas\u00e9 sur des relev\u00e9s de terrain par GPS et sur des donn\u00e9es cadastrales, notre d\u00e9partement SIG propose, gr\u00e2ce \u00e0 son interface web SIGcom, de consulter toute sorte de donn\u00e9es g\u00e9ographiques.<\/span><\/a>[\/vc_column_text][vc_column_text el_class=\u00a0\u00bbactivity-grid-title upper\u00a0\u00bb]<\/p>\n<h4><a href=\"\/fr\/nos-activites\/systeme-dinformation-geographique\/\">Syst\u00e8me d&rsquo;Information G\u00e9ographique<\/a><\/h4>\n<p>[\/vc_column_text][vc_column_text el_class=\u00a0\u00bbactivity-overlay-mob\u00a0\u00bb]<a href=\"\/fr\/nos-activites\/systeme-dinformation-geographique\/\"><span class=\"activity-overlay-inner-text\">Bas\u00e9 sur des relev\u00e9s de terrain par GPS et sur des donn\u00e9es cadastrales, notre d\u00e9partement SIG propose, gr\u00e2ce \u00e0 son interface web SIGcom, de consulter toute sorte de donn\u00e9es g\u00e9ographiques.<\/span><\/a>[\/vc_column_text][\/vc_column][vc_column width=\u00a0\u00bb1\/3&Prime;][vc_single_image image=\u00a0\u00bb358&Prime; img_size=\u00a0\u00bbfull\u00a0\u00bb alignment=\u00a0\u00bbcenter\u00a0\u00bb onclick=\u00a0\u00bbcustom_link\u00a0\u00bb link=\u00a0\u00bb\/fr\/nos-activites\/etudes-des-structures\/\u00a0\u00bb][vc_column_text el_class=\u00a0\u00bbactivity-overlay activity-overlay-8 activity-overlay-white\u00a0\u00bb]<a class=\"activity-overlay-link\" href=\"\/fr\/nos-activites\/etudes-des-structures\/\"><span class=\"activity-overlay-inner-text\">Nos ing\u00e9nieurs et techniciens dessinateurs exp\u00e9riment\u00e9s r\u00e9alisent vos \u00e9tudes de stabilit\u00e9 les plus complexes en alliant quotidiennement savoir-faire, rigueur et r\u00e9activit\u00e9.<\/span><\/a>[\/vc_column_text][vc_column_text el_class=\u00a0\u00bbactivity-grid-title upper\u00a0\u00bb]<\/p>\n<h4><a href=\"\/fr\/nos-activites\/etudes-des-structures\/\">\u00c9tudes des structures<\/a><\/h4>\n<p>[\/vc_column_text][vc_column_text el_class=\u00a0\u00bbactivity-overlay-mob\u00a0\u00bb]<a href=\"\/fr\/nos-activites\/etudes-des-structures\/\"><span class=\"activity-overlay-inner-text\">Nos ing\u00e9nieurs et techniciens dessinateurs exp\u00e9riment\u00e9s r\u00e9alisent vos \u00e9tudes de stabilit\u00e9 les plus complexes en alliant quotidiennement savoir-faire, rigueur et r\u00e9activit\u00e9.<\/span><\/a>[\/vc_column_text][\/vc_column][\/vc_row][vc_row equal_height=\u00a0\u00bbyes\u00a0\u00bb el_class=\u00a0\u00bbactivity-grid-row top-mar-4&Prime;][vc_column width=\u00a0\u00bb1\/3&Prime;][vc_single_image image=\u00a0\u00bb356&Prime; img_size=\u00a0\u00bbfull\u00a0\u00bb alignment=\u00a0\u00bbcenter\u00a0\u00bb onclick=\u00a0\u00bbcustom_link\u00a0\u00bb link=\u00a0\u00bb\/fr\/nos-activites\/project-management\/\u00a0\u00bb][vc_column_text el_class=\u00a0\u00bbactivity-overlay activity-overlay-9 activity-overlay-black\u00a0\u00bb]<a class=\"activity-overlay-link\" href=\"\/fr\/nos-activites\/project-management\/\"><span class=\"activity-overlay-inner-text\">La ma\u00eetrise d\u2019\u0153uvre r\u00e9v\u00e8le un int\u00e9r\u00eat de plus en plus important pour apporter aux ma\u00eetres d\u2019ouvrages des aides \u00e0 la d\u00e9cision et le suivi n\u00e9cessaire au d\u00e9veloppement d\u2019un projet.<\/span><\/a>[\/vc_column_text][vc_column_text el_class=\u00a0\u00bbactivity-grid-title upper\u00a0\u00bb]<\/p>\n<h4><a href=\"https:\/\/bfh-ingenieure.de\/fr\/taetigkeitsfelder\/project-management\/\">Projektmanagement<\/a><\/h4>\n<p>[\/vc_column_text][vc_column_text el_class=\u00a0\u00bbactivity-overlay-mob\u00a0\u00bb]<a href=\"\/fr\/nos-activites\/project-management\/\"><span class=\"activity-overlay-inner-text\">La ma\u00eetrise d\u2019\u0153uvre r\u00e9v\u00e8le un int\u00e9r\u00eat de plus en plus important pour apporter aux ma\u00eetres d\u2019ouvrages des aides \u00e0 la d\u00e9cision et le suivi n\u00e9cessaire au d\u00e9veloppement d\u2019un projet.<\/span><\/a>[\/vc_column_text][\/vc_column][\/vc_row][\/vc_section]<\/p>\n","protected":false},"excerpt":{"rendered":"<p>[vc_section full_width=\u00a0\u00bbstretch_row\u00a0\u00bb el_id=\u00a0\u00bbintro\u00a0\u00bb css=\u00a0\u00bb.vc_custom_1770667923878{background-image: url(https:\/\/bfh-ingenieure.de\/wp-content\/uploads\/2026\/02\/Group-5.png?id=1116) !important;}\u00a0\u00bb][vc_row][vc_column width=\u00a0\u00bb1\/2&Prime;][vc_column_text] Nos activit\u00e9s [\/vc_column_text][\/vc_column][vc_column width=\u00a0\u00bb1\/2&Prime;][\/vc_column][\/vc_row][vc_row full_width=\u00a0\u00bbstretch_row_content_no_spaces\u00a0\u00bb disable_element=\u00a0\u00bbyes\u00a0\u00bb el_class=\u00a0\u00bbskew-bot-row skew-bot-row-dark\u00a0\u00bb][vc_column][\/vc_column][\/vc_row][\/vc_section][vc_section el_id=\u00a0\u00bbactivity-sec\u00a0\u00bb css=\u00a0\u00bb.vc_custom_1652790355704{padding-top: 0px !important;}\u00a0\u00bb el_class=\u00a0\u00bbtop-mar-4&Prime;][vc_row full_width=\u00a0\u00bbstretch_row_content_no_spaces\u00a0\u00bb disable_element=\u00a0\u00bbyes\u00a0\u00bb el_class=\u00a0\u00bbskew-bot-row skew-top-row-dark\u00a0\u00bb][vc_column][\/vc_column][\/vc_row][vc_row equal_height=\u00a0\u00bbyes\u00a0\u00bb el_class=\u00a0\u00bbactivity-grid-row<span class=\"excerpt-hellip\"> [\u2026]<\/span><\/p>\n","protected":false},"author":1,"featured_media":0,"parent":0,"menu_order":0,"comment_status":"closed","ping_status":"closed","template":"","meta":{"footnotes":""},"class_list":["post-122","page","type-page","status-publish","hentry"],"yoast_head":"<!-- This site is optimized with the Yoast SEO plugin v19.14 - https:\/\/yoast.com\/wordpress\/plugins\/seo\/ -->\n<title>Nos activit\u00e9s - BFH Ingenieure<\/title>\n<meta name=\"robots\" content=\"index, follow, max-snippet:-1, max-image-preview:large, max-video-preview:-1\" \/>\n<link rel=\"canonical\" href=\"https:\/\/bfh-ingenieure.de\/fr\/nos-activites\/\" \/>\n<meta property=\"og:locale\" content=\"fr_FR\" \/>\n<meta property=\"og:type\" content=\"article\" \/>\n<meta property=\"og:title\" content=\"Nos activit\u00e9s - BFH Ingenieure\" \/>\n<meta property=\"og:description\" content=\"[vc_section full_width=\u00a0\u00bbstretch_row\u00a0\u00bb el_id=\u00a0\u00bbintro\u00a0\u00bb css=\u00a0\u00bb.vc_custom_1770667923878{background-image: url(https:\/\/bfh-ingenieure.de\/wp-content\/uploads\/2026\/02\/Group-5.png?id=1116) !important;}\u00a0\u00bb][vc_row][vc_column width=\u00a0\u00bb1\/2&Prime;][vc_column_text] Nos activit\u00e9s [\/vc_column_text][\/vc_column][vc_column width=\u00a0\u00bb1\/2&Prime;][\/vc_column][\/vc_row][vc_row full_width=\u00a0\u00bbstretch_row_content_no_spaces\u00a0\u00bb disable_element=\u00a0\u00bbyes\u00a0\u00bb el_class=\u00a0\u00bbskew-bot-row skew-bot-row-dark\u00a0\u00bb][vc_column][\/vc_column][\/vc_row][\/vc_section][vc_section el_id=\u00a0\u00bbactivity-sec\u00a0\u00bb css=\u00a0\u00bb.vc_custom_1652790355704{padding-top: 0px !important;}\u00a0\u00bb el_class=\u00a0\u00bbtop-mar-4&Prime;][vc_row full_width=\u00a0\u00bbstretch_row_content_no_spaces\u00a0\u00bb disable_element=\u00a0\u00bbyes\u00a0\u00bb el_class=\u00a0\u00bbskew-bot-row skew-top-row-dark\u00a0\u00bb][vc_column][\/vc_column][\/vc_row][vc_row equal_height=\u00a0\u00bbyes\u00a0\u00bb el_class=\u00a0\u00bbactivity-grid-row [\u2026]\" \/>\n<meta property=\"og:url\" content=\"https:\/\/bfh-ingenieure.de\/fr\/nos-activites\/\" \/>\n<meta property=\"og:site_name\" content=\"BFH Ingenieure\" \/>\n<meta property=\"article:modified_time\" content=\"2026-02-09T20:12:33+00:00\" \/>\n<meta name=\"twitter:card\" content=\"summary_large_image\" \/>\n<meta name=\"twitter:label1\" content=\"Dur\u00e9e de lecture estim\u00e9e\" \/>\n\t<meta name=\"twitter:data1\" content=\"4 minutes\" \/>\n<script type=\"application\/ld+json\" class=\"yoast-schema-graph\">{\"@context\":\"https:\/\/schema.org\",\"@graph\":[{\"@type\":\"WebPage\",\"@id\":\"https:\/\/bfh-ingenieure.de\/fr\/nos-activites\/\",\"url\":\"https:\/\/bfh-ingenieure.de\/fr\/nos-activites\/\",\"name\":\"Nos activit\u00e9s - BFH Ingenieure\",\"isPartOf\":{\"@id\":\"https:\/\/bfh-ingenieure.de\/#website\"},\"datePublished\":\"2022-07-05T13:00:58+00:00\",\"dateModified\":\"2026-02-09T20:12:33+00:00\",\"breadcrumb\":{\"@id\":\"https:\/\/bfh-ingenieure.de\/fr\/nos-activites\/#breadcrumb\"},\"inLanguage\":\"fr-FR\",\"potentialAction\":[{\"@type\":\"ReadAction\",\"target\":[\"https:\/\/bfh-ingenieure.de\/fr\/nos-activites\/\"]}]},{\"@type\":\"BreadcrumbList\",\"@id\":\"https:\/\/bfh-ingenieure.de\/fr\/nos-activites\/#breadcrumb\",\"itemListElement\":[{\"@type\":\"ListItem\",\"position\":1,\"name\":\"Home\",\"item\":\"https:\/\/bfh-ingenieure.de\/fr\/home\/\"},{\"@type\":\"ListItem\",\"position\":2,\"name\":\"Nos activit\u00e9s\"}]},{\"@type\":\"WebSite\",\"@id\":\"https:\/\/bfh-ingenieure.de\/#website\",\"url\":\"https:\/\/bfh-ingenieure.de\/\",\"name\":\"BFH Ingenieure\",\"description\":\"Eine weitere WordPress-Website\",\"inLanguage\":\"fr-FR\"}]}<\/script>\n<!-- \/ Yoast SEO plugin. -->","yoast_head_json":{"title":"Nos activit\u00e9s - BFH Ingenieure","robots":{"index":"index","follow":"follow","max-snippet":"max-snippet:-1","max-image-preview":"max-image-preview:large","max-video-preview":"max-video-preview:-1"},"canonical":"https:\/\/bfh-ingenieure.de\/fr\/nos-activites\/","og_locale":"fr_FR","og_type":"article","og_title":"Nos activit\u00e9s - BFH Ingenieure","og_description":"[vc_section full_width=\u00a0\u00bbstretch_row\u00a0\u00bb el_id=\u00a0\u00bbintro\u00a0\u00bb css=\u00a0\u00bb.vc_custom_1770667923878{background-image: url(https:\/\/bfh-ingenieure.de\/wp-content\/uploads\/2026\/02\/Group-5.png?id=1116) !important;}\u00a0\u00bb][vc_row][vc_column width=\u00a0\u00bb1\/2&Prime;][vc_column_text] Nos activit\u00e9s [\/vc_column_text][\/vc_column][vc_column width=\u00a0\u00bb1\/2&Prime;][\/vc_column][\/vc_row][vc_row full_width=\u00a0\u00bbstretch_row_content_no_spaces\u00a0\u00bb disable_element=\u00a0\u00bbyes\u00a0\u00bb el_class=\u00a0\u00bbskew-bot-row skew-bot-row-dark\u00a0\u00bb][vc_column][\/vc_column][\/vc_row][\/vc_section][vc_section el_id=\u00a0\u00bbactivity-sec\u00a0\u00bb css=\u00a0\u00bb.vc_custom_1652790355704{padding-top: 0px !important;}\u00a0\u00bb el_class=\u00a0\u00bbtop-mar-4&Prime;][vc_row full_width=\u00a0\u00bbstretch_row_content_no_spaces\u00a0\u00bb disable_element=\u00a0\u00bbyes\u00a0\u00bb el_class=\u00a0\u00bbskew-bot-row skew-top-row-dark\u00a0\u00bb][vc_column][\/vc_column][\/vc_row][vc_row equal_height=\u00a0\u00bbyes\u00a0\u00bb el_class=\u00a0\u00bbactivity-grid-row [\u2026]","og_url":"https:\/\/bfh-ingenieure.de\/fr\/nos-activites\/","og_site_name":"BFH Ingenieure","article_modified_time":"2026-02-09T20:12:33+00:00","twitter_card":"summary_large_image","twitter_misc":{"Dur\u00e9e de lecture estim\u00e9e":"4 minutes"},"schema":{"@context":"https:\/\/schema.org","@graph":[{"@type":"WebPage","@id":"https:\/\/bfh-ingenieure.de\/fr\/nos-activites\/","url":"https:\/\/bfh-ingenieure.de\/fr\/nos-activites\/","name":"Nos activit\u00e9s - BFH Ingenieure","isPartOf":{"@id":"https:\/\/bfh-ingenieure.de\/#website"},"datePublished":"2022-07-05T13:00:58+00:00","dateModified":"2026-02-09T20:12:33+00:00","breadcrumb":{"@id":"https:\/\/bfh-ingenieure.de\/fr\/nos-activites\/#breadcrumb"},"inLanguage":"fr-FR","potentialAction":[{"@type":"ReadAction","target":["https:\/\/bfh-ingenieure.de\/fr\/nos-activites\/"]}]},{"@type":"BreadcrumbList","@id":"https:\/\/bfh-ingenieure.de\/fr\/nos-activites\/#breadcrumb","itemListElement":[{"@type":"ListItem","position":1,"name":"Home","item":"https:\/\/bfh-ingenieure.de\/fr\/home\/"},{"@type":"ListItem","position":2,"name":"Nos activit\u00e9s"}]},{"@type":"WebSite","@id":"https:\/\/bfh-ingenieure.de\/#website","url":"https:\/\/bfh-ingenieure.de\/","name":"BFH Ingenieure","description":"Eine weitere WordPress-Website","inLanguage":"fr-FR"}]}},"_links":{"self":[{"href":"https:\/\/bfh-ingenieure.de\/fr\/wp-json\/wp\/v2\/pages\/122","targetHints":{"allow":["GET"]}}],"collection":[{"href":"https:\/\/bfh-ingenieure.de\/fr\/wp-json\/wp\/v2\/pages"}],"about":[{"href":"https:\/\/bfh-ingenieure.de\/fr\/wp-json\/wp\/v2\/types\/page"}],"author":[{"embeddable":true,"href":"https:\/\/bfh-ingenieure.de\/fr\/wp-json\/wp\/v2\/users\/1"}],"replies":[{"embeddable":true,"href":"https:\/\/bfh-ingenieure.de\/fr\/wp-json\/wp\/v2\/comments?post=122"}],"version-history":[{"count":6,"href":"https:\/\/bfh-ingenieure.de\/fr\/wp-json\/wp\/v2\/pages\/122\/revisions"}],"predecessor-version":[{"id":1134,"href":"https:\/\/bfh-ingenieure.de\/fr\/wp-json\/wp\/v2\/pages\/122\/revisions\/1134"}],"wp:attachment":[{"href":"https:\/\/bfh-ingenieure.de\/fr\/wp-json\/wp\/v2\/media?parent=122"}],"curies":[{"name":"wp","href":"https:\/\/api.w.org\/{rel}","templated":true}]}}