{"id":308,"date":"2022-07-05T15:01:12","date_gmt":"2022-07-05T13:01:12","guid":{"rendered":"http:\/\/bfh-ingenieure.de\/nos-activites\/bauleitung\/"},"modified":"2026-02-09T21:37:07","modified_gmt":"2026-02-09T20:37:07","slug":"direction-des-travaux","status":"publish","type":"page","link":"https:\/\/bfh-ingenieure.de\/fr\/nos-activites\/direction-des-travaux\/","title":{"rendered":"Direction des travaux"},"content":{"rendered":"<p>[vc_section full_width=\u00a0\u00bbstretch_row\u00a0\u00bb el_id=\u00a0\u00bbactivity-intro\u00a0\u00bb css=\u00a0\u00bb.vc_custom_1770669392740{background-image: url(https:\/\/bfh-ingenieure.de\/wp-content\/uploads\/2026\/02\/Group-826.png?id=1070) !important;}\u00a0\u00bb][vc_row el_id=\u00a0\u00bbactivity-intro-heading-row\u00a0\u00bb][vc_column][vc_column_text]<\/p>\n<h1 class=\"upper\">Direction des travaux<\/h1>\n<p>[\/vc_column_text][\/vc_column][\/vc_row][vc_row full_width=\u00a0\u00bbstretch_row_content_no_spaces\u00a0\u00bb][vc_column][vc_single_image image=\u00a0\u00bb1072&Prime; img_size=\u00a0\u00bbfull\u00a0\u00bb alignment=\u00a0\u00bbcenter\u00a0\u00bb el_class=\u00a0\u00bbno-space-img\u00a0\u00bb][vc_column_text el_class=\u00a0\u00bbhidden\u00a0\u00bb]Nous proposons tous les services n\u00e9cessaires \u00e0 la direction des travaux et \u00e0 la surveillance des chantiers en garantissant une ex\u00e9cution sp\u00e9cifique, rapide et \u00e9conomique.[\/vc_column_text][vc_column_text el_id=\u00a0\u00bbactivity-breadcrumbs\u00a0\u00bb]<a href=\"\/fr\/nos-activites\/\">Nos activit\u00e9s<\/a> &gt; <a href=\"#\">Direction des travaux<\/a>[\/vc_column_text][\/vc_column][\/vc_row][\/vc_section][vc_section el_id=\u00a0\u00bbactivity-content-sec\u00a0\u00bb][vc_row][vc_column][vc_column_text]<strong>Le d\u00e9partement Direction des Travaux <\/strong>propose \u00e0 ses clients tous les services n\u00e9cessaires \u00e0 la direction des travaux et \u00e0 la surveillance des chantiers.<\/p>\n<p>Nos collaborateurs dirigent les chantiers dont la conception a \u00e9t\u00e9 r\u00e9alis\u00e9e par la soci\u00e9t\u00e9 mais \u00e9galement les projets ayant fait l\u2019objet d\u2019une planification externe. Leurs connaissances en la mati\u00e8re garantissent au client une ex\u00e9cution sp\u00e9cifique, rapide et \u00e9conomique.<\/p>\n<p><strong>La m\u00e9thode de travail suivie par le d\u00e9partement direction des travaux comprend la d\u00e9finition et la r\u00e9partition des responsabilit\u00e9s ainsi que la distribution des t\u00e2ches sp\u00e9cifiques<\/strong>. Avant le d\u00e9but de chaque mission, nous r\u00e9unissons les documents sp\u00e9cifiques qui d\u00e9finissent le d\u00e9roulement du chantier :<\/p>\n<ul class=\"black\">\n<li>Pi\u00e8ces contractuelles constituant le march\u00e9 des travaux et des prestations.<\/li>\n<li>Description des responsabilit\u00e9s et pouvoirs de toute partie impliqu\u00e9e dans la r\u00e9alisation du projet.<\/li>\n<li>D\u00e9termination des responsabilit\u00e9s et la structure hi\u00e9rarchique de la direction des travaux au moyen d\u2019un organigramme nominatif.<\/li>\n<li>Plan de contr\u00f4le.<\/li>\n<\/ul>\n<p>[\/vc_column_text][vc_column_text]<strong class=\"colored upper activity-service-strong\">Nos services<\/strong><\/p>\n<ul class=\"black\">\n<li>Coordination g\u00e9n\u00e9rale des chantiers : assurer l\u2019avancement normal et rationnel des travaux<\/li>\n<li>Contr\u00f4le et surveillance du respect des conditions administratives et techniques<\/li>\n<li>Contr\u00f4le et surveillance de l\u2019origine, provenance et qualit\u00e9 des mat\u00e9riaux<\/li>\n<li>Contr\u00f4le des plans de d\u00e9tails \u00e0 fournir par l\u2019entreprise<\/li>\n<li>Garantir la conformit\u00e9 de l\u2019ex\u00e9cution avec les documents d\u2019adjudication<\/li>\n<li>Contr\u00f4le et surveillance de l\u2019implantation sur le terrain des cotes et mesures des ouvrages, du respect des r\u00e9glementations du travail<\/li>\n<li>\u00c9laboration des propositions si le dossier technique d\u2019ex\u00e9cution n\u00e9cessite d\u2019\u00eatre remani\u00e9<\/li>\n<li>Organisation des r\u00e9unions de chantier et des r\u00e9ceptions des travaux des divers corps de m\u00e9tier<\/li>\n<li>\u00c9tablir les d\u00e9comptes provisoires et d\u00e9finitifs en mati\u00e8re de paiement (suivi du budget)<\/li>\n<\/ul>\n<p>[\/vc_column_text][\/vc_column][\/vc_row][vc_row el_class=\u00a0\u00bbhidden\u00a0\u00bb][vc_column][vc_btn title=\u00a0\u00bbDownload Infoflyer\u00a0\u00bb align=\u00a0\u00bbcenter\u00a0\u00bb link=\u00a0\u00bburl:%2Fwp-content%2Fuploads%2F2022%2F07%2FGC-COM-SUP-PII-20220629-FP-HYD-DE.pdf|target:_blank\u00a0\u00bb el_class=\u00a0\u00bbcta-btn\u00a0\u00bb][\/vc_column][\/vc_row][\/vc_section][vc_section el_id=\u00a0\u00bbactivity-gallery-sec\u00a0\u00bb][vc_row][vc_column][vc_column_text]<\/p>\n<h2 class=\"upper al-center\">Galerie photos<\/h2>\n<p>[\/vc_column_text][\/vc_column][\/vc_row][vc_row][vc_column][vc_gallery type=\u00a0\u00bbimage_grid\u00a0\u00bb images=\u00a0\u00bb142,140,138,136,134,132,130,128,124&Prime; img_size=\u00a0\u00bbfull\u00a0\u00bb][\/vc_column][\/vc_row][vc_row full_width=\u00a0\u00bbstretch_row_content_no_spaces\u00a0\u00bb el_class=\u00a0\u00bbskew-bot-row skew-bot-row-light\u00a0\u00bb][vc_column][\/vc_column][\/vc_row][\/vc_section][vc_section full_width=\u00a0\u00bbstretch_row\u00a0\u00bb el_id=\u00a0\u00bbactivity-reference-footer-sec\u00a0\u00bb css=\u00a0\u00bb.vc_custom_1657186851359{background-color: #cae7ef !important;}\u00a0\u00bb][vc_row][vc_column][vc_column_text]<h2 class=\"white upper bot-mar-2 al-center top-mar-1\">D\u00e9couvrez nos projets<\/h1><div id=\"ref-act-footer\" class=\"ref-act-footer-c-5 needs-slider\"><div class=\"ref-act-footer-item ref-act-footer-type-page\"><a href=\"https:\/\/bfh-ingenieure.de\/fr\/hochwasserrueckhaltebecken-hrb-oberthal\/\"><img decoding=\"async\" src=\"https:\/\/bfh-ingenieure.de\/wp-content\/uploads\/2022\/07\/foto_02-1024x768.jpg\"><div class=\"ref-act-footer-inner\"><span class=\"ref-act-footer-title\">Hochwasserr\u00fcckhaltebecken (HRB) Oberthal<\/span><\/div><\/a><\/div><div class=\"ref-act-footer-item ref-act-footer-type-page\"><a href=\"https:\/\/bfh-ingenieure.de\/fr\/blaues-klassenzimmer-in-trier-irsch\/\"><img decoding=\"async\" src=\"https:\/\/bfh-ingenieure.de\/wp-content\/uploads\/2022\/07\/dji_0032-1024x768.jpg\"><div class=\"ref-act-footer-inner\"><span class=\"ref-act-footer-title\">Blaues Klassenzimmer in Trier-Irsch<\/span><\/div><\/a><\/div><div class=\"ref-act-footer-item ref-act-footer-type-page\"><a href=\"https:\/\/bfh-ingenieure.de\/fr\/fahrradstation-am-hbf-trier\/\"><img decoding=\"async\" src=\"https:\/\/bfh-ingenieure.de\/wp-content\/uploads\/2022\/07\/20181107_101955-1-1920x1380-1-1024x768.jpg\"><div class=\"ref-act-footer-inner\"><span class=\"ref-act-footer-title\">Fahrradstation am HBF Trier<\/span><\/div><\/a><\/div><div class=\"ref-act-footer-item ref-act-footer-type-page\"><a href=\"https:\/\/bfh-ingenieure.de\/fr\/lagerhalle-in-trier-pfalzel\/\"><img decoding=\"async\" src=\"https:\/\/bfh-ingenieure.de\/wp-content\/uploads\/2022\/07\/pfalzel_1-1920x1380-1-1024x768.jpg\"><div class=\"ref-act-footer-inner\"><span class=\"ref-act-footer-title\">Lagerhalle in Trier-Pfalzel<\/span><\/div><\/a><\/div><div class=\"ref-act-footer-item ref-act-footer-type-page\"><a href=\"https:\/\/bfh-ingenieure.de\/fr\/sicherheits-und-gesundheitsschutzkoordination-sigeko-auf-baustellen\/\"><img decoding=\"async\" src=\"https:\/\/bfh-ingenieure.de\/wp-content\/uploads\/2022\/07\/img_20180514_142240-1024x768.jpg\"><div class=\"ref-act-footer-inner\"><span class=\"ref-act-footer-title\">Sicherheits- und Gesundheitsschutzkoordination (SiGeKo) auf Baustellen<\/span><\/div><\/a><\/div><\/div>[\/vc_column_text][\/vc_column][\/vc_row][\/vc_section]<\/p>\n","protected":false},"excerpt":{"rendered":"<p>[vc_section full_width=\u00a0\u00bbstretch_row\u00a0\u00bb el_id=\u00a0\u00bbactivity-intro\u00a0\u00bb css=\u00a0\u00bb.vc_custom_1770669392740{background-image: url(https:\/\/bfh-ingenieure.de\/wp-content\/uploads\/2026\/02\/Group-826.png?id=1070) !important;}\u00a0\u00bb][vc_row el_id=\u00a0\u00bbactivity-intro-heading-row\u00a0\u00bb][vc_column][vc_column_text] Direction des travaux [\/vc_column_text][\/vc_column][\/vc_row][vc_row full_width=\u00a0\u00bbstretch_row_content_no_spaces\u00a0\u00bb][vc_column][vc_single_image image=\u00a0\u00bb1072&Prime; img_size=\u00a0\u00bbfull\u00a0\u00bb alignment=\u00a0\u00bbcenter\u00a0\u00bb el_class=\u00a0\u00bbno-space-img\u00a0\u00bb][vc_column_text el_class=\u00a0\u00bbhidden\u00a0\u00bb]Nous proposons tous les services n\u00e9cessaires \u00e0 la direction des<span class=\"excerpt-hellip\"> [\u2026]<\/span><\/p>\n","protected":false},"author":1,"featured_media":127,"parent":122,"menu_order":0,"comment_status":"closed","ping_status":"closed","template":"","meta":{"footnotes":""},"class_list":["post-308","page","type-page","status-publish","has-post-thumbnail","hentry"],"yoast_head":"<!-- This site is optimized with the Yoast SEO plugin v19.14 - https:\/\/yoast.com\/wordpress\/plugins\/seo\/ -->\n<title>Direction des travaux - BFH Ingenieure<\/title>\n<meta name=\"robots\" content=\"index, follow, max-snippet:-1, max-image-preview:large, max-video-preview:-1\" \/>\n<link rel=\"canonical\" href=\"https:\/\/bfh-ingenieure.de\/fr\/nos-activites\/direction-des-travaux\/\" \/>\n<meta property=\"og:locale\" content=\"fr_FR\" \/>\n<meta property=\"og:type\" content=\"article\" \/>\n<meta property=\"og:title\" content=\"Direction des travaux - BFH Ingenieure\" \/>\n<meta property=\"og:description\" content=\"[vc_section full_width=\u00a0\u00bbstretch_row\u00a0\u00bb el_id=\u00a0\u00bbactivity-intro\u00a0\u00bb css=\u00a0\u00bb.vc_custom_1770669392740{background-image: url(https:\/\/bfh-ingenieure.de\/wp-content\/uploads\/2026\/02\/Group-826.png?id=1070) !important;}\u00a0\u00bb][vc_row el_id=\u00a0\u00bbactivity-intro-heading-row\u00a0\u00bb][vc_column][vc_column_text] Direction des travaux [\/vc_column_text][\/vc_column][\/vc_row][vc_row full_width=\u00a0\u00bbstretch_row_content_no_spaces\u00a0\u00bb][vc_column][vc_single_image image=\u00a0\u00bb1072&Prime; img_size=\u00a0\u00bbfull\u00a0\u00bb alignment=\u00a0\u00bbcenter\u00a0\u00bb el_class=\u00a0\u00bbno-space-img\u00a0\u00bb][vc_column_text el_class=\u00a0\u00bbhidden\u00a0\u00bb]Nous proposons tous les services n\u00e9cessaires \u00e0 la direction des [\u2026]\" \/>\n<meta property=\"og:url\" content=\"https:\/\/bfh-ingenieure.de\/fr\/nos-activites\/direction-des-travaux\/\" \/>\n<meta property=\"og:site_name\" content=\"BFH Ingenieure\" \/>\n<meta property=\"article:modified_time\" content=\"2026-02-09T20:37:07+00:00\" \/>\n<meta property=\"og:image\" content=\"https:\/\/bfh-ingenieure.de\/wp-content\/uploads\/2022\/07\/bauleitung-featured.jpg\" \/>\n\t<meta property=\"og:image:width\" content=\"800\" \/>\n\t<meta property=\"og:image:height\" content=\"500\" \/>\n\t<meta property=\"og:image:type\" content=\"image\/jpeg\" \/>\n<meta name=\"twitter:card\" content=\"summary_large_image\" \/>\n<meta name=\"twitter:label1\" content=\"Dur\u00e9e de lecture estim\u00e9e\" \/>\n\t<meta name=\"twitter:data1\" content=\"2 minutes\" \/>\n<script type=\"application\/ld+json\" class=\"yoast-schema-graph\">{\"@context\":\"https:\/\/schema.org\",\"@graph\":[{\"@type\":\"WebPage\",\"@id\":\"https:\/\/bfh-ingenieure.de\/fr\/nos-activites\/direction-des-travaux\/\",\"url\":\"https:\/\/bfh-ingenieure.de\/fr\/nos-activites\/direction-des-travaux\/\",\"name\":\"Direction des travaux - BFH Ingenieure\",\"isPartOf\":{\"@id\":\"https:\/\/bfh-ingenieure.de\/#website\"},\"datePublished\":\"2022-07-05T13:01:12+00:00\",\"dateModified\":\"2026-02-09T20:37:07+00:00\",\"breadcrumb\":{\"@id\":\"https:\/\/bfh-ingenieure.de\/fr\/nos-activites\/direction-des-travaux\/#breadcrumb\"},\"inLanguage\":\"fr-FR\",\"potentialAction\":[{\"@type\":\"ReadAction\",\"target\":[\"https:\/\/bfh-ingenieure.de\/fr\/nos-activites\/direction-des-travaux\/\"]}]},{\"@type\":\"BreadcrumbList\",\"@id\":\"https:\/\/bfh-ingenieure.de\/fr\/nos-activites\/direction-des-travaux\/#breadcrumb\",\"itemListElement\":[{\"@type\":\"ListItem\",\"position\":1,\"name\":\"Home\",\"item\":\"https:\/\/bfh-ingenieure.de\/fr\/home\/\"},{\"@type\":\"ListItem\",\"position\":2,\"name\":\"Nos activit\u00e9s\",\"item\":\"https:\/\/bfh-ingenieure.de\/fr\/nos-activites\/\"},{\"@type\":\"ListItem\",\"position\":3,\"name\":\"Direction des travaux\"}]},{\"@type\":\"WebSite\",\"@id\":\"https:\/\/bfh-ingenieure.de\/#website\",\"url\":\"https:\/\/bfh-ingenieure.de\/\",\"name\":\"BFH Ingenieure\",\"description\":\"Eine weitere WordPress-Website\",\"inLanguage\":\"fr-FR\"}]}<\/script>\n<!-- \/ Yoast SEO plugin. -->","yoast_head_json":{"title":"Direction des travaux - BFH Ingenieure","robots":{"index":"index","follow":"follow","max-snippet":"max-snippet:-1","max-image-preview":"max-image-preview:large","max-video-preview":"max-video-preview:-1"},"canonical":"https:\/\/bfh-ingenieure.de\/fr\/nos-activites\/direction-des-travaux\/","og_locale":"fr_FR","og_type":"article","og_title":"Direction des travaux - BFH Ingenieure","og_description":"[vc_section full_width=\u00a0\u00bbstretch_row\u00a0\u00bb el_id=\u00a0\u00bbactivity-intro\u00a0\u00bb css=\u00a0\u00bb.vc_custom_1770669392740{background-image: url(https:\/\/bfh-ingenieure.de\/wp-content\/uploads\/2026\/02\/Group-826.png?id=1070) !important;}\u00a0\u00bb][vc_row el_id=\u00a0\u00bbactivity-intro-heading-row\u00a0\u00bb][vc_column][vc_column_text] Direction des travaux [\/vc_column_text][\/vc_column][\/vc_row][vc_row full_width=\u00a0\u00bbstretch_row_content_no_spaces\u00a0\u00bb][vc_column][vc_single_image image=\u00a0\u00bb1072&Prime; img_size=\u00a0\u00bbfull\u00a0\u00bb alignment=\u00a0\u00bbcenter\u00a0\u00bb el_class=\u00a0\u00bbno-space-img\u00a0\u00bb][vc_column_text el_class=\u00a0\u00bbhidden\u00a0\u00bb]Nous proposons tous les services n\u00e9cessaires \u00e0 la direction des [\u2026]","og_url":"https:\/\/bfh-ingenieure.de\/fr\/nos-activites\/direction-des-travaux\/","og_site_name":"BFH Ingenieure","article_modified_time":"2026-02-09T20:37:07+00:00","og_image":[{"width":800,"height":500,"url":"https:\/\/bfh-ingenieure.de\/wp-content\/uploads\/2022\/07\/bauleitung-featured.jpg","type":"image\/jpeg"}],"twitter_card":"summary_large_image","twitter_misc":{"Dur\u00e9e de lecture estim\u00e9e":"2 minutes"},"schema":{"@context":"https:\/\/schema.org","@graph":[{"@type":"WebPage","@id":"https:\/\/bfh-ingenieure.de\/fr\/nos-activites\/direction-des-travaux\/","url":"https:\/\/bfh-ingenieure.de\/fr\/nos-activites\/direction-des-travaux\/","name":"Direction des travaux - BFH Ingenieure","isPartOf":{"@id":"https:\/\/bfh-ingenieure.de\/#website"},"datePublished":"2022-07-05T13:01:12+00:00","dateModified":"2026-02-09T20:37:07+00:00","breadcrumb":{"@id":"https:\/\/bfh-ingenieure.de\/fr\/nos-activites\/direction-des-travaux\/#breadcrumb"},"inLanguage":"fr-FR","potentialAction":[{"@type":"ReadAction","target":["https:\/\/bfh-ingenieure.de\/fr\/nos-activites\/direction-des-travaux\/"]}]},{"@type":"BreadcrumbList","@id":"https:\/\/bfh-ingenieure.de\/fr\/nos-activites\/direction-des-travaux\/#breadcrumb","itemListElement":[{"@type":"ListItem","position":1,"name":"Home","item":"https:\/\/bfh-ingenieure.de\/fr\/home\/"},{"@type":"ListItem","position":2,"name":"Nos activit\u00e9s","item":"https:\/\/bfh-ingenieure.de\/fr\/nos-activites\/"},{"@type":"ListItem","position":3,"name":"Direction des travaux"}]},{"@type":"WebSite","@id":"https:\/\/bfh-ingenieure.de\/#website","url":"https:\/\/bfh-ingenieure.de\/","name":"BFH Ingenieure","description":"Eine weitere WordPress-Website","inLanguage":"fr-FR"}]}},"_links":{"self":[{"href":"https:\/\/bfh-ingenieure.de\/fr\/wp-json\/wp\/v2\/pages\/308","targetHints":{"allow":["GET"]}}],"collection":[{"href":"https:\/\/bfh-ingenieure.de\/fr\/wp-json\/wp\/v2\/pages"}],"about":[{"href":"https:\/\/bfh-ingenieure.de\/fr\/wp-json\/wp\/v2\/types\/page"}],"author":[{"embeddable":true,"href":"https:\/\/bfh-ingenieure.de\/fr\/wp-json\/wp\/v2\/users\/1"}],"replies":[{"embeddable":true,"href":"https:\/\/bfh-ingenieure.de\/fr\/wp-json\/wp\/v2\/comments?post=308"}],"version-history":[{"count":5,"href":"https:\/\/bfh-ingenieure.de\/fr\/wp-json\/wp\/v2\/pages\/308\/revisions"}],"predecessor-version":[{"id":1152,"href":"https:\/\/bfh-ingenieure.de\/fr\/wp-json\/wp\/v2\/pages\/308\/revisions\/1152"}],"up":[{"embeddable":true,"href":"https:\/\/bfh-ingenieure.de\/fr\/wp-json\/wp\/v2\/pages\/122"}],"wp:featuredmedia":[{"embeddable":true,"href":"https:\/\/bfh-ingenieure.de\/fr\/wp-json\/wp\/v2\/media\/127"}],"wp:attachment":[{"href":"https:\/\/bfh-ingenieure.de\/fr\/wp-json\/wp\/v2\/media?parent=308"}],"curies":[{"name":"wp","href":"https:\/\/api.w.org\/{rel}","templated":true}]}}