{"id":313,"date":"2022-07-05T15:01:27","date_gmt":"2022-07-05T13:01:27","guid":{"rendered":"http:\/\/bfh-ingenieure.de\/nos-activites\/infrastrukturplanung\/"},"modified":"2025-12-09T13:16:21","modified_gmt":"2025-12-09T12:16:21","slug":"etudes-des-infrastructures","status":"publish","type":"page","link":"https:\/\/bfh-ingenieure.de\/fr\/nos-activites\/etudes-des-infrastructures\/","title":{"rendered":"Etudes des infrastructures"},"content":{"rendered":"<p>[vc_section full_width=\u00a0\u00bbstretch_row\u00a0\u00bb el_id=\u00a0\u00bbactivity-intro\u00a0\u00bb css=\u00a0\u00bb.vc_custom_1657182461156{background-image: url(\/wp-content\/uploads\/2022\/07\/Group-825.png?id=148) !important;}\u00a0\u00bb][vc_row el_id=\u00a0\u00bbactivity-intro-heading-row\u00a0\u00bb][vc_column][vc_column_text]<\/p>\n<h1 class=\"upper\">Etudes des infrastructures<\/h1>\n<p>[\/vc_column_text][\/vc_column][\/vc_row][vc_row full_width=\u00a0\u00bbstretch_row_content_no_spaces\u00a0\u00bb][vc_column][vc_single_image image=\u00a0\u00bb148&Prime; img_size=\u00a0\u00bbfull\u00a0\u00bb alignment=\u00a0\u00bbcenter\u00a0\u00bb el_class=\u00a0\u00bbno-space-img\u00a0\u00bb][vc_column_text el_class=\u00a0\u00bbhidden\u00a0\u00bb]Le d\u00e9partement \u00ab Voiries et R\u00e9seaux Divers \u00bb (VRD) assure, en collaboration avec les autres d\u00e9partements, la totalit\u00e9 des prestations d\u2019ing\u00e9nierie pour la conception, l\u2019\u00e9tude d\u00e9taill\u00e9e et la r\u00e9alisation&#8230;[\/vc_column_text][vc_column_text el_id=\u00a0\u00bbactivity-breadcrumbs\u00a0\u00bb]<a href=\"\/fr\/nos-activites\/\">Nos activit\u00e9s<\/a> &gt; <a href=\"#\">Etudes des infrastructures<\/a>[\/vc_column_text][\/vc_column][\/vc_row][\/vc_section][vc_section el_id=\u00a0\u00bbactivity-content-sec\u00a0\u00bb][vc_row][vc_column][vc_column_text]<strong>Le d\u00e9partement \u00ab Voiries et R\u00e9seaux Divers \u00bb (VRD)<\/strong> assure, en collaboration avec les autres d\u00e9partements, la totalit\u00e9 des prestations d\u2019ing\u00e9nierie pour <strong>la conception, l\u2019\u00e9tude d\u00e9taill\u00e9e et la r\u00e9alisation des travaux dans le domaine des \u00e9tudes d\u2019infrastructures<\/strong>.<\/p>\n<p>Une bonne infrastructure implique un r\u00e9seau routier s\u00fbr et d\u00e9velopp\u00e9. C\u2019est dans cette optique que le d\u00e9partement VRD propose une <strong>planification int\u00e9grale<\/strong>, allant des \u00e9tudes de trafic jusqu\u2019\u00e0 la r\u00e9alisation des chantiers routiers et des infrastructures li\u00e9es.[\/vc_column_text][vc_column_text]<strong class=\"colored upper activity-service-strong\">Nos services<\/strong><\/p>\n<ul class=\"black\">\n<li>La construction, l\u2019\u00e9largissement ou la r\u00e9habilitation d\u2019autoroutes, de routes nationales et de routes r\u00e9gionales<\/li>\n<li>La construction, l\u2019extension ou la r\u00e9habilitation d\u2019a\u00e9roports, de zones portuaires et de centres de fret a\u00e9rien et\/ou routiers<\/li>\n<li>La mise en place et l\u2019extension d\u2019infrastructures ferroviaires<\/li>\n<li>L\u2019am\u00e9nagement d\u2019\u00e9changeurs, de giratoires, d\u2019aires de service et de r\u00e9cr\u00e9ation<\/li>\n<li>La cr\u00e9ation de contournements de localit\u00e9s et l\u2019am\u00e9nagement de travers\u00e9es de localit\u00e9s \u00e0 trafic mod\u00e9r\u00e9<\/li>\n<li>Le redressement de chauss\u00e9es et boulevards urbains<\/li>\n<li>L\u2019am\u00e9nagement de nouvelles agglom\u00e9rations, zones industrielles et commerciales<\/li>\n<li>L\u2019am\u00e9nagement des surfaces ext\u00e9rieures pour tout b\u00e2timent public, industriel ou commercial<\/li>\n<li>Des projets d\u2019assainissement de villes, d\u2019agglom\u00e9rations et de surfaces ext\u00e9rieures de b\u00e2timents<\/li>\n<li>Des travaux d\u2019infrastructures pour r\u00e9seaux de conduites d\u2019eau, de gaz, d\u2019\u00e9lectricit\u00e9, de t\u00e9l\u00e9phone\u2026<\/li>\n<\/ul>\n<p>[\/vc_column_text][\/vc_column][\/vc_row][vc_row el_class=\u00a0\u00bbhidden\u00a0\u00bb][vc_column][vc_btn title=\u00a0\u00bbDownload Infoflyer\u00a0\u00bb align=\u00a0\u00bbcenter\u00a0\u00bb link=\u00a0\u00bburl:%2Fwp-content%2Fuploads%2F2022%2F07%2FGC-COM-SUP-PII-20220629-FP-HYD-DE.pdf|target:_blank\u00a0\u00bb el_class=\u00a0\u00bbcta-btn\u00a0\u00bb][\/vc_column][\/vc_row][\/vc_section][vc_section el_id=\u00a0\u00bbactivity-gallery-sec\u00a0\u00bb][vc_row][vc_column][vc_column_text]<\/p>\n<h2 class=\"upper al-center\">Galerie photos<\/h2>\n<p>[\/vc_column_text][\/vc_column][\/vc_row][vc_row][vc_column][vc_gallery type=\u00a0\u00bbimage_grid\u00a0\u00bb images=\u00a0\u00bb166,164,162,158,156,154,152,150&Prime; img_size=\u00a0\u00bbfull\u00a0\u00bb][\/vc_column][\/vc_row][vc_row full_width=\u00a0\u00bbstretch_row_content_no_spaces\u00a0\u00bb el_class=\u00a0\u00bbskew-bot-row skew-bot-row-light\u00a0\u00bb][vc_column][\/vc_column][\/vc_row][\/vc_section][vc_section full_width=\u00a0\u00bbstretch_row\u00a0\u00bb el_id=\u00a0\u00bbactivity-reference-footer-sec\u00a0\u00bb css=\u00a0\u00bb.vc_custom_1657187056816{background-color: #cae7ef !important;}\u00a0\u00bb][vc_row][vc_column][vc_column_text]<h2 class=\"white upper bot-mar-2 al-center top-mar-1\">D\u00e9couvrez nos projets<\/h1><div id=\"ref-act-footer\" class=\"ref-act-footer-c-2 \"><div class=\"ref-act-footer-item ref-act-footer-type-page\"><a href=\"https:\/\/bfh-ingenieure.de\/fr\/hydraulisch-hydrologische-optimierung-eines-wassergartens\/\"><img decoding=\"async\" src=\"https:\/\/bfh-ingenieure.de\/wp-content\/uploads\/2022\/07\/06-1024x768.jpg\"><div class=\"ref-act-footer-inner\"><span class=\"ref-act-footer-title\">Hydraulisch-hydrologische Optimierung eines Wassergartens<\/span><\/div><\/a><\/div><div class=\"ref-act-footer-item ref-act-footer-type-page\"><a href=\"https:\/\/bfh-ingenieure.de\/fr\/lebens-und-gesundheitszentrum-in-oberthal\/\"><img decoding=\"async\" src=\"https:\/\/bfh-ingenieure.de\/wp-content\/uploads\/2022\/07\/img_20190814_155919-1-1920x1380-1-1024x768.jpg\"><div class=\"ref-act-footer-inner\"><span class=\"ref-act-footer-title\">Lebens \u2013 und Gesundheitszentrum in Oberthal<\/span><\/div><\/a><\/div><\/div>[\/vc_column_text][\/vc_column][\/vc_row][\/vc_section]<\/p>\n","protected":false},"excerpt":{"rendered":"<p>[vc_section full_width=\u00a0\u00bbstretch_row\u00a0\u00bb el_id=\u00a0\u00bbactivity-intro\u00a0\u00bb css=\u00a0\u00bb.vc_custom_1657182461156{background-image: url(\/wp-content\/uploads\/2022\/07\/Group-825.png?id=148) !important;}\u00a0\u00bb][vc_row el_id=\u00a0\u00bbactivity-intro-heading-row\u00a0\u00bb][vc_column][vc_column_text] Etudes des infrastructures [\/vc_column_text][\/vc_column][\/vc_row][vc_row full_width=\u00a0\u00bbstretch_row_content_no_spaces\u00a0\u00bb][vc_column][vc_single_image image=\u00a0\u00bb148&Prime; img_size=\u00a0\u00bbfull\u00a0\u00bb alignment=\u00a0\u00bbcenter\u00a0\u00bb el_class=\u00a0\u00bbno-space-img\u00a0\u00bb][vc_column_text el_class=\u00a0\u00bbhidden\u00a0\u00bb]Le d\u00e9partement \u00ab Voiries et R\u00e9seaux Divers \u00bb (VRD) assure,<span class=\"excerpt-hellip\"> [\u2026]<\/span><\/p>\n","protected":false},"author":1,"featured_media":161,"parent":122,"menu_order":0,"comment_status":"closed","ping_status":"closed","template":"","meta":{"footnotes":""},"class_list":["post-313","page","type-page","status-publish","has-post-thumbnail","hentry"],"yoast_head":"<!-- This site is optimized with the Yoast SEO plugin v19.14 - https:\/\/yoast.com\/wordpress\/plugins\/seo\/ -->\n<title>Etudes des infrastructures - BFH Ingenieure<\/title>\n<meta name=\"robots\" content=\"index, follow, max-snippet:-1, max-image-preview:large, max-video-preview:-1\" \/>\n<link rel=\"canonical\" href=\"https:\/\/bfh-ingenieure.de\/fr\/nos-activites\/etudes-des-infrastructures\/\" \/>\n<meta property=\"og:locale\" content=\"fr_FR\" \/>\n<meta property=\"og:type\" content=\"article\" \/>\n<meta property=\"og:title\" content=\"Etudes des infrastructures - BFH Ingenieure\" \/>\n<meta property=\"og:description\" content=\"[vc_section full_width=\u00a0\u00bbstretch_row\u00a0\u00bb el_id=\u00a0\u00bbactivity-intro\u00a0\u00bb css=\u00a0\u00bb.vc_custom_1657182461156{background-image: url(\/wp-content\/uploads\/2022\/07\/Group-825.png?id=148) !important;}\u00a0\u00bb][vc_row el_id=\u00a0\u00bbactivity-intro-heading-row\u00a0\u00bb][vc_column][vc_column_text] Etudes des infrastructures [\/vc_column_text][\/vc_column][\/vc_row][vc_row full_width=\u00a0\u00bbstretch_row_content_no_spaces\u00a0\u00bb][vc_column][vc_single_image image=\u00a0\u00bb148&Prime; img_size=\u00a0\u00bbfull\u00a0\u00bb alignment=\u00a0\u00bbcenter\u00a0\u00bb el_class=\u00a0\u00bbno-space-img\u00a0\u00bb][vc_column_text el_class=\u00a0\u00bbhidden\u00a0\u00bb]Le d\u00e9partement \u00ab Voiries et R\u00e9seaux Divers \u00bb (VRD) assure, [\u2026]\" \/>\n<meta property=\"og:url\" content=\"https:\/\/bfh-ingenieure.de\/fr\/nos-activites\/etudes-des-infrastructures\/\" \/>\n<meta property=\"og:site_name\" content=\"BFH Ingenieure\" \/>\n<meta property=\"article:modified_time\" content=\"2025-12-09T12:16:21+00:00\" \/>\n<meta property=\"og:image\" content=\"https:\/\/bfh-ingenieure.de\/wp-content\/uploads\/2022\/07\/infra-featured.jpg\" \/>\n\t<meta property=\"og:image:width\" content=\"800\" \/>\n\t<meta property=\"og:image:height\" content=\"500\" \/>\n\t<meta property=\"og:image:type\" content=\"image\/jpeg\" \/>\n<meta name=\"twitter:card\" content=\"summary_large_image\" \/>\n<meta name=\"twitter:label1\" content=\"Dur\u00e9e de lecture estim\u00e9e\" \/>\n\t<meta name=\"twitter:data1\" content=\"2 minutes\" \/>\n<script type=\"application\/ld+json\" class=\"yoast-schema-graph\">{\"@context\":\"https:\/\/schema.org\",\"@graph\":[{\"@type\":\"WebPage\",\"@id\":\"https:\/\/bfh-ingenieure.de\/fr\/nos-activites\/etudes-des-infrastructures\/\",\"url\":\"https:\/\/bfh-ingenieure.de\/fr\/nos-activites\/etudes-des-infrastructures\/\",\"name\":\"Etudes des infrastructures - BFH Ingenieure\",\"isPartOf\":{\"@id\":\"https:\/\/bfh-ingenieure.de\/#website\"},\"datePublished\":\"2022-07-05T13:01:27+00:00\",\"dateModified\":\"2025-12-09T12:16:21+00:00\",\"breadcrumb\":{\"@id\":\"https:\/\/bfh-ingenieure.de\/fr\/nos-activites\/etudes-des-infrastructures\/#breadcrumb\"},\"inLanguage\":\"fr-FR\",\"potentialAction\":[{\"@type\":\"ReadAction\",\"target\":[\"https:\/\/bfh-ingenieure.de\/fr\/nos-activites\/etudes-des-infrastructures\/\"]}]},{\"@type\":\"BreadcrumbList\",\"@id\":\"https:\/\/bfh-ingenieure.de\/fr\/nos-activites\/etudes-des-infrastructures\/#breadcrumb\",\"itemListElement\":[{\"@type\":\"ListItem\",\"position\":1,\"name\":\"Home\",\"item\":\"https:\/\/bfh-ingenieure.de\/fr\/home\/\"},{\"@type\":\"ListItem\",\"position\":2,\"name\":\"Nos activit\u00e9s\",\"item\":\"https:\/\/bfh-ingenieure.de\/fr\/nos-activites\/\"},{\"@type\":\"ListItem\",\"position\":3,\"name\":\"Etudes des infrastructures\"}]},{\"@type\":\"WebSite\",\"@id\":\"https:\/\/bfh-ingenieure.de\/#website\",\"url\":\"https:\/\/bfh-ingenieure.de\/\",\"name\":\"BFH Ingenieure\",\"description\":\"Eine weitere WordPress-Website\",\"inLanguage\":\"fr-FR\"}]}<\/script>\n<!-- \/ Yoast SEO plugin. -->","yoast_head_json":{"title":"Etudes des infrastructures - BFH Ingenieure","robots":{"index":"index","follow":"follow","max-snippet":"max-snippet:-1","max-image-preview":"max-image-preview:large","max-video-preview":"max-video-preview:-1"},"canonical":"https:\/\/bfh-ingenieure.de\/fr\/nos-activites\/etudes-des-infrastructures\/","og_locale":"fr_FR","og_type":"article","og_title":"Etudes des infrastructures - BFH Ingenieure","og_description":"[vc_section full_width=\u00a0\u00bbstretch_row\u00a0\u00bb el_id=\u00a0\u00bbactivity-intro\u00a0\u00bb css=\u00a0\u00bb.vc_custom_1657182461156{background-image: url(\/wp-content\/uploads\/2022\/07\/Group-825.png?id=148) !important;}\u00a0\u00bb][vc_row el_id=\u00a0\u00bbactivity-intro-heading-row\u00a0\u00bb][vc_column][vc_column_text] Etudes des infrastructures [\/vc_column_text][\/vc_column][\/vc_row][vc_row full_width=\u00a0\u00bbstretch_row_content_no_spaces\u00a0\u00bb][vc_column][vc_single_image image=\u00a0\u00bb148&Prime; img_size=\u00a0\u00bbfull\u00a0\u00bb alignment=\u00a0\u00bbcenter\u00a0\u00bb el_class=\u00a0\u00bbno-space-img\u00a0\u00bb][vc_column_text el_class=\u00a0\u00bbhidden\u00a0\u00bb]Le d\u00e9partement \u00ab Voiries et R\u00e9seaux Divers \u00bb (VRD) assure, [\u2026]","og_url":"https:\/\/bfh-ingenieure.de\/fr\/nos-activites\/etudes-des-infrastructures\/","og_site_name":"BFH Ingenieure","article_modified_time":"2025-12-09T12:16:21+00:00","og_image":[{"width":800,"height":500,"url":"https:\/\/bfh-ingenieure.de\/wp-content\/uploads\/2022\/07\/infra-featured.jpg","type":"image\/jpeg"}],"twitter_card":"summary_large_image","twitter_misc":{"Dur\u00e9e de lecture estim\u00e9e":"2 minutes"},"schema":{"@context":"https:\/\/schema.org","@graph":[{"@type":"WebPage","@id":"https:\/\/bfh-ingenieure.de\/fr\/nos-activites\/etudes-des-infrastructures\/","url":"https:\/\/bfh-ingenieure.de\/fr\/nos-activites\/etudes-des-infrastructures\/","name":"Etudes des infrastructures - BFH Ingenieure","isPartOf":{"@id":"https:\/\/bfh-ingenieure.de\/#website"},"datePublished":"2022-07-05T13:01:27+00:00","dateModified":"2025-12-09T12:16:21+00:00","breadcrumb":{"@id":"https:\/\/bfh-ingenieure.de\/fr\/nos-activites\/etudes-des-infrastructures\/#breadcrumb"},"inLanguage":"fr-FR","potentialAction":[{"@type":"ReadAction","target":["https:\/\/bfh-ingenieure.de\/fr\/nos-activites\/etudes-des-infrastructures\/"]}]},{"@type":"BreadcrumbList","@id":"https:\/\/bfh-ingenieure.de\/fr\/nos-activites\/etudes-des-infrastructures\/#breadcrumb","itemListElement":[{"@type":"ListItem","position":1,"name":"Home","item":"https:\/\/bfh-ingenieure.de\/fr\/home\/"},{"@type":"ListItem","position":2,"name":"Nos activit\u00e9s","item":"https:\/\/bfh-ingenieure.de\/fr\/nos-activites\/"},{"@type":"ListItem","position":3,"name":"Etudes des infrastructures"}]},{"@type":"WebSite","@id":"https:\/\/bfh-ingenieure.de\/#website","url":"https:\/\/bfh-ingenieure.de\/","name":"BFH Ingenieure","description":"Eine weitere WordPress-Website","inLanguage":"fr-FR"}]}},"_links":{"self":[{"href":"https:\/\/bfh-ingenieure.de\/fr\/wp-json\/wp\/v2\/pages\/313","targetHints":{"allow":["GET"]}}],"collection":[{"href":"https:\/\/bfh-ingenieure.de\/fr\/wp-json\/wp\/v2\/pages"}],"about":[{"href":"https:\/\/bfh-ingenieure.de\/fr\/wp-json\/wp\/v2\/types\/page"}],"author":[{"embeddable":true,"href":"https:\/\/bfh-ingenieure.de\/fr\/wp-json\/wp\/v2\/users\/1"}],"replies":[{"embeddable":true,"href":"https:\/\/bfh-ingenieure.de\/fr\/wp-json\/wp\/v2\/comments?post=313"}],"version-history":[{"count":3,"href":"https:\/\/bfh-ingenieure.de\/fr\/wp-json\/wp\/v2\/pages\/313\/revisions"}],"predecessor-version":[{"id":954,"href":"https:\/\/bfh-ingenieure.de\/fr\/wp-json\/wp\/v2\/pages\/313\/revisions\/954"}],"up":[{"embeddable":true,"href":"https:\/\/bfh-ingenieure.de\/fr\/wp-json\/wp\/v2\/pages\/122"}],"wp:featuredmedia":[{"embeddable":true,"href":"https:\/\/bfh-ingenieure.de\/fr\/wp-json\/wp\/v2\/media\/161"}],"wp:attachment":[{"href":"https:\/\/bfh-ingenieure.de\/fr\/wp-json\/wp\/v2\/media?parent=313"}],"curies":[{"name":"wp","href":"https:\/\/api.w.org\/{rel}","templated":true}]}}