{"id":322,"date":"2022-07-05T15:02:04","date_gmt":"2022-07-05T13:02:04","guid":{"rendered":"http:\/\/bfh-ingenieure.de\/nos-activites\/wasserwirtschaft-wasserbau\/"},"modified":"2025-12-09T13:17:22","modified_gmt":"2025-12-09T12:17:22","slug":"hydrologie-et-gestion-des-eaux","status":"publish","type":"page","link":"https:\/\/bfh-ingenieure.de\/fr\/nos-activites\/hydrologie-et-gestion-des-eaux\/","title":{"rendered":"Hydrologie et gestion des eaux"},"content":{"rendered":"<p>[vc_section full_width=\u00a0\u00bbstretch_row\u00a0\u00bb el_id=\u00a0\u00bbactivity-intro\u00a0\u00bb css=\u00a0\u00bb.vc_custom_1657183878140{background-image: url(\/wp-content\/uploads\/2022\/07\/Group-823.png?id=192) !important;}\u00a0\u00bb][vc_row el_id=\u00a0\u00bbactivity-intro-heading-row\u00a0\u00bb][vc_column][vc_column_text]<\/p>\n<h1 class=\"upper\">Hydrologie et gestion des eaux<\/h1>\n<p>[\/vc_column_text][\/vc_column][\/vc_row][vc_row full_width=\u00a0\u00bbstretch_row_content_no_spaces\u00a0\u00bb][vc_column][vc_single_image image=\u00a0\u00bb192&Prime; img_size=\u00a0\u00bbfull\u00a0\u00bb alignment=\u00a0\u00bbcenter\u00a0\u00bb el_class=\u00a0\u00bbno-space-img\u00a0\u00bb][vc_column_text el_class=\u00a0\u00bbhidden\u00a0\u00bb]Le d\u00e9partement Hydrologie est sp\u00e9cialis\u00e9 dans la gestion des eaux. Il intervient dans l\u2019assainissement, l\u2019eau potable et la renaturation des cours d\u2019eau.[\/vc_column_text][vc_column_text el_id=\u00a0\u00bbactivity-breadcrumbs\u00a0\u00bb]<a href=\"https:\/\/bfh-ingenieure.de\/fr\/nos-activites\/\">Nos activit\u00e9s<\/a> &gt; <a href=\"#\">Hydrologie et gestion des eaux<\/a>[\/vc_column_text][\/vc_column][\/vc_row][\/vc_section][vc_section el_id=\u00a0\u00bbactivity-content-sec\u00a0\u00bb][vc_row][vc_column][vc_column_text]Notre d\u00e9partement Hydrologie poss\u00e8de les comp\u00e9tences et l\u2019exp\u00e9rience n\u00e9cessaires \u00e0 la <strong>r\u00e9alisation d\u2019\u00e9tudes hydrauliques et hydrologiques<\/strong>. La bonne <strong>gestion des eaux <\/strong>est notre principal objectif, c\u2019est pour cette raison que nous intervenons au niveau des trois grands axes du domaine : <strong>assainissement, eau potable et renaturation des cours d\u2019eau<\/strong>.<\/p>\n<p>Notre service est \u00e9quip\u00e9 des logiciels de mod\u00e9lisation et de calculs hydrauliques les plus performants. De plus, gr\u00e2ce \u00e0 la formation continue de notre \u00e9quipe et \u00e0 l\u2019affiliation de la soci\u00e9t\u00e9 dans plusieurs associations professionnelles, nous garantissons qualit\u00e9 et rigueur dans nos projets tout en restant \u00e0 jour.[\/vc_column_text][vc_column_text]<strong class=\"colored upper activity-service-strong\">Nos services<\/strong><br \/>\nDe l\u2019\u00e9tude de faisabilit\u00e9 \u00e0 la r\u00e9ception :<\/p>\n<ul class=\"black\">\n<li>Bassins d\u2019orage, collecteurs, canalisations, stations de pompage et stations d\u2019\u00e9puration<\/li>\n<li>Assainissement non collectif<\/li>\n<li>Gestion des eaux dans les projets d\u2019urbanisation<\/li>\n<li>Bassins de r\u00e9tention routiers<\/li>\n<li>Dossiers techniques d\u2019assainissement<\/li>\n<li>\u00c9tude hydraulique de r\u00e9seaux d\u2019eau potable<\/li>\n<li>R\u00e9servoirs d\u2019eau potable, ch\u00e2teaux d\u2019eau, stations de pompage, captages<\/li>\n<li>Renaturation, restauration de la continuit\u00e9 \u00e9cologique et mesures anti-crues<\/li>\n<li>Simulation hydraulique 1D et 2D<\/li>\n<\/ul>\n<p><strong class=\"colored upper activity-service-strong\">Certifications professionnelles<\/strong><br \/>\nConseiller certifi\u00e9 par la \u00ab F\u00f6rdergemeinschaft f\u00fcr die Sanierung von Entw\u00e4sserungssystemen \u00bb :<\/p>\n<ul class=\"black\">\n<li>Deutsche Vereinigung f\u00fcr Wasserwirtschaft Abwasser und Abfall e.V. (DWA)<\/li>\n<li>Deutsche Bauindustrie<\/li>\n<li>G\u00fcteschutz Kanalbau e.V. (RAL)<\/li>\n<li>Rohrleitungssanierungsverband e.V. (RSV)<\/li>\n<li>Zentralverband Deutsches Baugewerbe (ZDB) dans le domaine de la r\u00e9habilitation et la r\u00e9novation des canalisations (\u201cZertifizierter Kanalsanierungsberater\u201d)<\/li>\n<\/ul>\n<p><strong class=\"colored upper activity-service-strong\">Associations professionnelles<\/strong><\/p>\n<ul class=\"black\">\n<li>Bund der Ingenieure f\u00fcr Wasserwirtschaft, Abfallwirtschaft und Kulturbau (BWK)<\/li>\n<li>Deutsche Vereinigung f\u00fcr Wasserwirtschaft Abwasser und Abfall e.V. (DWA)<\/li>\n<\/ul>\n<p>[\/vc_column_text][\/vc_column][\/vc_row][vc_row el_class=\u00a0\u00bbhidden\u00a0\u00bb][vc_column][vc_btn title=\u00a0\u00bbDownload Infoflyer\u00a0\u00bb align=\u00a0\u00bbcenter\u00a0\u00bb link=\u00a0\u00bburl:%2Fwp-content%2Fuploads%2F2022%2F07%2FGC-COM-SUP-PII-20220629-FP-HYD-DE.pdf|target:_blank\u00a0\u00bb el_class=\u00a0\u00bbcta-btn\u00a0\u00bb][\/vc_column][\/vc_row][\/vc_section][vc_section el_id=\u00a0\u00bbactivity-gallery-sec\u00a0\u00bb][vc_row][vc_column][vc_column_text]<\/p>\n<h2 class=\"upper al-center\">Galerie photos<\/h2>\n<p>[\/vc_column_text][\/vc_column][\/vc_row][vc_row][vc_column][vc_gallery type=\u00a0\u00bbimage_grid\u00a0\u00bb images=\u00a0\u00bb200,208,206,204,202,196,194&Prime; img_size=\u00a0\u00bbfull\u00a0\u00bb][\/vc_column][\/vc_row][vc_row full_width=\u00a0\u00bbstretch_row_content_no_spaces\u00a0\u00bb el_class=\u00a0\u00bbskew-bot-row skew-bot-row-light\u00a0\u00bb][vc_column][\/vc_column][\/vc_row][\/vc_section][vc_section full_width=\u00a0\u00bbstretch_row\u00a0\u00bb el_id=\u00a0\u00bbactivity-reference-footer-sec\u00a0\u00bb css=\u00a0\u00bb.vc_custom_1657187404424{background-color: #cae7ef !important;}\u00a0\u00bb][vc_row][vc_column][vc_column_text]<h2 class=\"white upper bot-mar-2 al-center top-mar-1\">D\u00e9couvrez nos projets<\/h1><div id=\"ref-act-footer\" class=\"ref-act-footer-c-9 needs-slider\"><div class=\"ref-act-footer-item ref-act-footer-type-page\"><a href=\"https:\/\/bfh-ingenieure.de\/fr\/hochwasserrueckhaltebecken-hrb-oberthal\/\"><img decoding=\"async\" src=\"https:\/\/bfh-ingenieure.de\/wp-content\/uploads\/2022\/07\/foto_02-1024x768.jpg\"><div class=\"ref-act-footer-inner\"><span class=\"ref-act-footer-title\">Hochwasserr\u00fcckhaltebecken (HRB) Oberthal<\/span><\/div><\/a><\/div><div class=\"ref-act-footer-item ref-act-footer-type-page\"><a href=\"https:\/\/bfh-ingenieure.de\/fr\/sanierung-hochwasserschutz-deich-in-trier\/\"><img decoding=\"async\" src=\"https:\/\/bfh-ingenieure.de\/wp-content\/uploads\/2022\/07\/bild_2_baustelle-1-1024x768.jpg\"><div class=\"ref-act-footer-inner\"><span class=\"ref-act-footer-title\">Sanierung Hochwasserschutz-Deich in Trier<\/span><\/div><\/a><\/div><div class=\"ref-act-footer-item ref-act-footer-type-page\"><a href=\"https:\/\/bfh-ingenieure.de\/fr\/fischaufstiegsanlage-am-grundbach-in-trier-irsch\/\"><img decoding=\"async\" src=\"https:\/\/bfh-ingenieure.de\/wp-content\/uploads\/2022\/07\/baustelle-1024x768.jpg\"><div class=\"ref-act-footer-inner\"><span class=\"ref-act-footer-title\">Fischaufstiegsanlage am Grundbach in Trier-Irsch<\/span><\/div><\/a><\/div><div class=\"ref-act-footer-item ref-act-footer-type-page\"><a href=\"https:\/\/bfh-ingenieure.de\/fr\/blaues-klassenzimmer-in-trier-irsch\/\"><img decoding=\"async\" src=\"https:\/\/bfh-ingenieure.de\/wp-content\/uploads\/2022\/07\/dji_0032-1024x768.jpg\"><div class=\"ref-act-footer-inner\"><span class=\"ref-act-footer-title\">Blaues Klassenzimmer in Trier-Irsch<\/span><\/div><\/a><\/div><div class=\"ref-act-footer-item ref-act-footer-type-page\"><a href=\"https:\/\/bfh-ingenieure.de\/fr\/hochwasser-und-stofftransport-managementkonzept-kondeler-bach\/\"><img decoding=\"async\" src=\"https:\/\/bfh-ingenieure.de\/wp-content\/uploads\/2022\/07\/04-1-1024x768.jpg\"><div class=\"ref-act-footer-inner\"><span class=\"ref-act-footer-title\">Hochwasser- und Stofftransport-Managementkonzept Kondeler Bach<\/span><\/div><\/a><\/div><div class=\"ref-act-footer-item ref-act-footer-type-page\"><a href=\"https:\/\/bfh-ingenieure.de\/fr\/renaturierung-des-irscher-bachs\/\"><img decoding=\"async\" src=\"https:\/\/bfh-ingenieure.de\/wp-content\/uploads\/2022\/07\/nachher_13-1920x1380-1-1024x768.jpg\"><div class=\"ref-act-footer-inner\"><span class=\"ref-act-footer-title\">Renaturierung des Irscher Bachs<\/span><\/div><\/a><\/div><div class=\"ref-act-footer-item ref-act-footer-type-page\"><a href=\"https:\/\/bfh-ingenieure.de\/fr\/sanierung-der-teichanlage-im-nells-park\/\"><img decoding=\"async\" src=\"https:\/\/bfh-ingenieure.de\/wp-content\/uploads\/2022\/07\/nellls_park_01-1024x768.jpg\"><div class=\"ref-act-footer-inner\"><span class=\"ref-act-footer-title\">Sanierung der Teichanlage im Nells Park<\/span><\/div><\/a><\/div><div class=\"ref-act-footer-item ref-act-footer-type-page\"><a href=\"https:\/\/bfh-ingenieure.de\/fr\/hydraulisch-hydrologische-optimierung-eines-wassergartens\/\"><img decoding=\"async\" src=\"https:\/\/bfh-ingenieure.de\/wp-content\/uploads\/2022\/07\/06-1024x768.jpg\"><div class=\"ref-act-footer-inner\"><span class=\"ref-act-footer-title\">Hydraulisch-hydrologische Optimierung eines Wassergartens<\/span><\/div><\/a><\/div><div class=\"ref-act-footer-item ref-act-footer-type-page\"><a href=\"https:\/\/bfh-ingenieure.de\/fr\/lebens-und-gesundheitszentrum-in-oberthal\/\"><img decoding=\"async\" src=\"https:\/\/bfh-ingenieure.de\/wp-content\/uploads\/2022\/07\/img_20190814_155919-1-1920x1380-1-1024x768.jpg\"><div class=\"ref-act-footer-inner\"><span class=\"ref-act-footer-title\">Lebens \u2013 und Gesundheitszentrum in Oberthal<\/span><\/div><\/a><\/div><\/div>[\/vc_column_text][\/vc_column][\/vc_row][\/vc_section]<\/p>\n","protected":false},"excerpt":{"rendered":"<p>[vc_section full_width=\u00a0\u00bbstretch_row\u00a0\u00bb el_id=\u00a0\u00bbactivity-intro\u00a0\u00bb css=\u00a0\u00bb.vc_custom_1657183878140{background-image: url(\/wp-content\/uploads\/2022\/07\/Group-823.png?id=192) !important;}\u00a0\u00bb][vc_row el_id=\u00a0\u00bbactivity-intro-heading-row\u00a0\u00bb][vc_column][vc_column_text] Hydrologie et gestion des eaux [\/vc_column_text][\/vc_column][\/vc_row][vc_row full_width=\u00a0\u00bbstretch_row_content_no_spaces\u00a0\u00bb][vc_column][vc_single_image image=\u00a0\u00bb192&Prime; img_size=\u00a0\u00bbfull\u00a0\u00bb alignment=\u00a0\u00bbcenter\u00a0\u00bb el_class=\u00a0\u00bbno-space-img\u00a0\u00bb][vc_column_text el_class=\u00a0\u00bbhidden\u00a0\u00bb]Le d\u00e9partement Hydrologie est sp\u00e9cialis\u00e9 dans la gestion<span class=\"excerpt-hellip\"> [\u2026]<\/span><\/p>\n","protected":false},"author":1,"featured_media":199,"parent":122,"menu_order":0,"comment_status":"closed","ping_status":"closed","template":"","meta":{"footnotes":""},"class_list":["post-322","page","type-page","status-publish","has-post-thumbnail","hentry"],"yoast_head":"<!-- This site is optimized with the Yoast SEO plugin v19.14 - https:\/\/yoast.com\/wordpress\/plugins\/seo\/ -->\n<title>Hydrologie et gestion des eaux - BFH Ingenieure<\/title>\n<meta name=\"robots\" content=\"index, follow, max-snippet:-1, max-image-preview:large, max-video-preview:-1\" \/>\n<link rel=\"canonical\" href=\"https:\/\/bfh-ingenieure.de\/fr\/nos-activites\/hydrologie-et-gestion-des-eaux\/\" \/>\n<meta property=\"og:locale\" content=\"fr_FR\" \/>\n<meta property=\"og:type\" content=\"article\" \/>\n<meta property=\"og:title\" content=\"Hydrologie et gestion des eaux - BFH Ingenieure\" \/>\n<meta property=\"og:description\" content=\"[vc_section full_width=\u00a0\u00bbstretch_row\u00a0\u00bb el_id=\u00a0\u00bbactivity-intro\u00a0\u00bb css=\u00a0\u00bb.vc_custom_1657183878140{background-image: url(\/wp-content\/uploads\/2022\/07\/Group-823.png?id=192) !important;}\u00a0\u00bb][vc_row el_id=\u00a0\u00bbactivity-intro-heading-row\u00a0\u00bb][vc_column][vc_column_text] Hydrologie et gestion des eaux [\/vc_column_text][\/vc_column][\/vc_row][vc_row full_width=\u00a0\u00bbstretch_row_content_no_spaces\u00a0\u00bb][vc_column][vc_single_image image=\u00a0\u00bb192&Prime; img_size=\u00a0\u00bbfull\u00a0\u00bb alignment=\u00a0\u00bbcenter\u00a0\u00bb el_class=\u00a0\u00bbno-space-img\u00a0\u00bb][vc_column_text el_class=\u00a0\u00bbhidden\u00a0\u00bb]Le d\u00e9partement Hydrologie est sp\u00e9cialis\u00e9 dans la gestion [\u2026]\" \/>\n<meta property=\"og:url\" content=\"https:\/\/bfh-ingenieure.de\/fr\/nos-activites\/hydrologie-et-gestion-des-eaux\/\" \/>\n<meta property=\"og:site_name\" content=\"BFH Ingenieure\" \/>\n<meta property=\"article:modified_time\" content=\"2025-12-09T12:17:22+00:00\" \/>\n<meta property=\"og:image\" content=\"https:\/\/bfh-ingenieure.de\/wp-content\/uploads\/2022\/07\/wasser-featured.jpg\" \/>\n\t<meta property=\"og:image:width\" content=\"800\" \/>\n\t<meta property=\"og:image:height\" content=\"500\" \/>\n\t<meta property=\"og:image:type\" content=\"image\/jpeg\" \/>\n<meta name=\"twitter:card\" content=\"summary_large_image\" \/>\n<meta name=\"twitter:label1\" content=\"Dur\u00e9e de lecture estim\u00e9e\" \/>\n\t<meta name=\"twitter:data1\" content=\"2 minutes\" \/>\n<script type=\"application\/ld+json\" class=\"yoast-schema-graph\">{\"@context\":\"https:\/\/schema.org\",\"@graph\":[{\"@type\":\"WebPage\",\"@id\":\"https:\/\/bfh-ingenieure.de\/fr\/nos-activites\/hydrologie-et-gestion-des-eaux\/\",\"url\":\"https:\/\/bfh-ingenieure.de\/fr\/nos-activites\/hydrologie-et-gestion-des-eaux\/\",\"name\":\"Hydrologie et gestion des eaux - BFH Ingenieure\",\"isPartOf\":{\"@id\":\"https:\/\/bfh-ingenieure.de\/#website\"},\"datePublished\":\"2022-07-05T13:02:04+00:00\",\"dateModified\":\"2025-12-09T12:17:22+00:00\",\"breadcrumb\":{\"@id\":\"https:\/\/bfh-ingenieure.de\/fr\/nos-activites\/hydrologie-et-gestion-des-eaux\/#breadcrumb\"},\"inLanguage\":\"fr-FR\",\"potentialAction\":[{\"@type\":\"ReadAction\",\"target\":[\"https:\/\/bfh-ingenieure.de\/fr\/nos-activites\/hydrologie-et-gestion-des-eaux\/\"]}]},{\"@type\":\"BreadcrumbList\",\"@id\":\"https:\/\/bfh-ingenieure.de\/fr\/nos-activites\/hydrologie-et-gestion-des-eaux\/#breadcrumb\",\"itemListElement\":[{\"@type\":\"ListItem\",\"position\":1,\"name\":\"Home\",\"item\":\"https:\/\/bfh-ingenieure.de\/fr\/home\/\"},{\"@type\":\"ListItem\",\"position\":2,\"name\":\"Nos activit\u00e9s\",\"item\":\"https:\/\/bfh-ingenieure.de\/fr\/nos-activites\/\"},{\"@type\":\"ListItem\",\"position\":3,\"name\":\"Hydrologie et gestion des eaux\"}]},{\"@type\":\"WebSite\",\"@id\":\"https:\/\/bfh-ingenieure.de\/#website\",\"url\":\"https:\/\/bfh-ingenieure.de\/\",\"name\":\"BFH Ingenieure\",\"description\":\"Eine weitere WordPress-Website\",\"inLanguage\":\"fr-FR\"}]}<\/script>\n<!-- \/ Yoast SEO plugin. -->","yoast_head_json":{"title":"Hydrologie et gestion des eaux - BFH Ingenieure","robots":{"index":"index","follow":"follow","max-snippet":"max-snippet:-1","max-image-preview":"max-image-preview:large","max-video-preview":"max-video-preview:-1"},"canonical":"https:\/\/bfh-ingenieure.de\/fr\/nos-activites\/hydrologie-et-gestion-des-eaux\/","og_locale":"fr_FR","og_type":"article","og_title":"Hydrologie et gestion des eaux - BFH Ingenieure","og_description":"[vc_section full_width=\u00a0\u00bbstretch_row\u00a0\u00bb el_id=\u00a0\u00bbactivity-intro\u00a0\u00bb css=\u00a0\u00bb.vc_custom_1657183878140{background-image: url(\/wp-content\/uploads\/2022\/07\/Group-823.png?id=192) !important;}\u00a0\u00bb][vc_row el_id=\u00a0\u00bbactivity-intro-heading-row\u00a0\u00bb][vc_column][vc_column_text] Hydrologie et gestion des eaux [\/vc_column_text][\/vc_column][\/vc_row][vc_row full_width=\u00a0\u00bbstretch_row_content_no_spaces\u00a0\u00bb][vc_column][vc_single_image image=\u00a0\u00bb192&Prime; img_size=\u00a0\u00bbfull\u00a0\u00bb alignment=\u00a0\u00bbcenter\u00a0\u00bb el_class=\u00a0\u00bbno-space-img\u00a0\u00bb][vc_column_text el_class=\u00a0\u00bbhidden\u00a0\u00bb]Le d\u00e9partement Hydrologie est sp\u00e9cialis\u00e9 dans la gestion [\u2026]","og_url":"https:\/\/bfh-ingenieure.de\/fr\/nos-activites\/hydrologie-et-gestion-des-eaux\/","og_site_name":"BFH Ingenieure","article_modified_time":"2025-12-09T12:17:22+00:00","og_image":[{"width":800,"height":500,"url":"https:\/\/bfh-ingenieure.de\/wp-content\/uploads\/2022\/07\/wasser-featured.jpg","type":"image\/jpeg"}],"twitter_card":"summary_large_image","twitter_misc":{"Dur\u00e9e de lecture estim\u00e9e":"2 minutes"},"schema":{"@context":"https:\/\/schema.org","@graph":[{"@type":"WebPage","@id":"https:\/\/bfh-ingenieure.de\/fr\/nos-activites\/hydrologie-et-gestion-des-eaux\/","url":"https:\/\/bfh-ingenieure.de\/fr\/nos-activites\/hydrologie-et-gestion-des-eaux\/","name":"Hydrologie et gestion des eaux - BFH Ingenieure","isPartOf":{"@id":"https:\/\/bfh-ingenieure.de\/#website"},"datePublished":"2022-07-05T13:02:04+00:00","dateModified":"2025-12-09T12:17:22+00:00","breadcrumb":{"@id":"https:\/\/bfh-ingenieure.de\/fr\/nos-activites\/hydrologie-et-gestion-des-eaux\/#breadcrumb"},"inLanguage":"fr-FR","potentialAction":[{"@type":"ReadAction","target":["https:\/\/bfh-ingenieure.de\/fr\/nos-activites\/hydrologie-et-gestion-des-eaux\/"]}]},{"@type":"BreadcrumbList","@id":"https:\/\/bfh-ingenieure.de\/fr\/nos-activites\/hydrologie-et-gestion-des-eaux\/#breadcrumb","itemListElement":[{"@type":"ListItem","position":1,"name":"Home","item":"https:\/\/bfh-ingenieure.de\/fr\/home\/"},{"@type":"ListItem","position":2,"name":"Nos activit\u00e9s","item":"https:\/\/bfh-ingenieure.de\/fr\/nos-activites\/"},{"@type":"ListItem","position":3,"name":"Hydrologie et gestion des eaux"}]},{"@type":"WebSite","@id":"https:\/\/bfh-ingenieure.de\/#website","url":"https:\/\/bfh-ingenieure.de\/","name":"BFH Ingenieure","description":"Eine weitere WordPress-Website","inLanguage":"fr-FR"}]}},"_links":{"self":[{"href":"https:\/\/bfh-ingenieure.de\/fr\/wp-json\/wp\/v2\/pages\/322","targetHints":{"allow":["GET"]}}],"collection":[{"href":"https:\/\/bfh-ingenieure.de\/fr\/wp-json\/wp\/v2\/pages"}],"about":[{"href":"https:\/\/bfh-ingenieure.de\/fr\/wp-json\/wp\/v2\/types\/page"}],"author":[{"embeddable":true,"href":"https:\/\/bfh-ingenieure.de\/fr\/wp-json\/wp\/v2\/users\/1"}],"replies":[{"embeddable":true,"href":"https:\/\/bfh-ingenieure.de\/fr\/wp-json\/wp\/v2\/comments?post=322"}],"version-history":[{"count":3,"href":"https:\/\/bfh-ingenieure.de\/fr\/wp-json\/wp\/v2\/pages\/322\/revisions"}],"predecessor-version":[{"id":955,"href":"https:\/\/bfh-ingenieure.de\/fr\/wp-json\/wp\/v2\/pages\/322\/revisions\/955"}],"up":[{"embeddable":true,"href":"https:\/\/bfh-ingenieure.de\/fr\/wp-json\/wp\/v2\/pages\/122"}],"wp:featuredmedia":[{"embeddable":true,"href":"https:\/\/bfh-ingenieure.de\/fr\/wp-json\/wp\/v2\/media\/199"}],"wp:attachment":[{"href":"https:\/\/bfh-ingenieure.de\/fr\/wp-json\/wp\/v2\/media?parent=322"}],"curies":[{"name":"wp","href":"https:\/\/api.w.org\/{rel}","templated":true}]}}