{"id":337,"date":"2022-07-05T15:04:30","date_gmt":"2022-07-05T13:04:30","guid":{"rendered":"http:\/\/bfh-ingenieure.de\/nos-activites\/vermessung\/"},"modified":"2026-02-09T21:54:38","modified_gmt":"2026-02-09T20:54:38","slug":"topographie-laser-scanning-3d","status":"publish","type":"page","link":"https:\/\/bfh-ingenieure.de\/fr\/nos-activites\/topographie-laser-scanning-3d\/","title":{"rendered":"Topographie &#038; laser scanning 3D"},"content":{"rendered":"<p>[vc_section full_width=\u00a0\u00bbstretch_row\u00a0\u00bb el_id=\u00a0\u00bbactivity-intro\u00a0\u00bb css=\u00a0\u00bb.vc_custom_1770670467866{background-image: url(https:\/\/bfh-ingenieure.de\/wp-content\/uploads\/2026\/02\/Group-799.png?id=1056) !important;}\u00a0\u00bb][vc_row el_id=\u00a0\u00bbactivity-intro-heading-row\u00a0\u00bb][vc_column][vc_column_text]<\/p>\n<h1 class=\"upper\">Topographie &amp; laser scanning 3D<\/h1>\n<p>[\/vc_column_text][\/vc_column][\/vc_row][vc_row full_width=\u00a0\u00bbstretch_row_content_no_spaces\u00a0\u00bb][vc_column][vc_single_image image=\u00a0\u00bb1056&Prime; img_size=\u00a0\u00bbfull\u00a0\u00bb alignment=\u00a0\u00bbcenter\u00a0\u00bb el_class=\u00a0\u00bbno-space-img\u00a0\u00bb][vc_column_text el_class=\u00a0\u00bbhidden\u00a0\u00bb]Nous proposons des solutions efficaces et innovantes pour le mesurage, le traitement des donn\u00e9es et DAO, les solutions de laser scanning 3D, les\u00a0 relev\u00e9s par tach\u00e9om\u00e8tres et drones.[\/vc_column_text][vc_column_text el_id=\u00a0\u00bbactivity-breadcrumbs\u00a0\u00bb]<a href=\"\/fr\/nos-activites\/\">Nos activit\u00e9s<\/a> &gt; <a href=\"#\">Topographie &amp; laser scanning 3D<\/a>[\/vc_column_text][\/vc_column][\/vc_row][\/vc_section][vc_section el_id=\u00a0\u00bbactivity-content-sec\u00a0\u00bb][vc_row][vc_column][vc_column_text]Notre d\u00e9partement offre des solutions efficaces dans tous les domaines de la topographie. L\u2019utilisation d\u2019un \u00e9quipement avanc\u00e9 de <strong>mesurage, de traitement de donn\u00e9es et de DAO (Dessin Assist\u00e9 par Ordinateur)<\/strong> garantit un maximum de pr\u00e9cision selon les demandes du client.<\/p>\n<p>Outre ces prestations classiques, le d\u00e9partement propose \u00e9galement des <strong>solutions de laser scanning 3D<\/strong>. Technologie de pointe combin\u00e9e aux <strong>relev\u00e9s par tach\u00e9om\u00e8tres et drones<\/strong>, le scanner offre de nombreuses possibilit\u00e9s. Il est devenu indispensable \u00e0 l\u2019acquisition de donn\u00e9es 3D.[\/vc_column_text][vc_column_text]<strong class=\"colored upper activity-service-strong\">Nos services<\/strong><\/p>\n<ul class=\"black\">\n<li>Polygonales de grands projets lin\u00e9aires (syst\u00e8me LUREF national)<\/li>\n<li>Mesurage par satellites (GPS)<\/li>\n<li>Cr\u00e9ation de lotissements<\/li>\n<li>Lev\u00e9 topographique de situations existantes<\/li>\n<li>Lev\u00e9 d\u2019immeuble (fa\u00e7ades et int\u00e9rieures)<\/li>\n<li>Cadastres verticaux<\/li>\n<li>Implantation d\u2019axes et d\u2019ouvrages d\u2019art<\/li>\n<li>Profils en travers et en long<\/li>\n<li>Calcul de cubatures<\/li>\n<li>Suivi de chantier, r\u00e9ceptions topographiques<\/li>\n<li>Lev\u00e9 et \u00e9laboration de plans \u00ab as built\u00bb de r\u00e9seaux pos\u00e9s lors de travaux<\/li>\n<li>Mesures de d\u00e9formation d\u2019ouvrages<\/li>\n<li>G\u00e9om\u00e9trie souterraine<\/li>\n<li>\u00c9laboration et mise \u00e0 jour de S.I.G. (Syst\u00e8me d\u2019Informations G\u00e9ographiques)<\/li>\n<li>Nivellement de pr\u00e9cision<\/li>\n<li>Laser Scanning 3D et lev\u00e9 photogramm\u00e9trique par drones en collaboration avec le d\u00e9partement Geodata de LSC360<\/li>\n<li>Collaboration avec le bureau de g\u00e9om\u00e8tres officiels : Terra G.O.<\/li>\n<\/ul>\n<p>[\/vc_column_text][\/vc_column][\/vc_row][vc_row el_class=\u00a0\u00bbhidden\u00a0\u00bb][vc_column][vc_btn title=\u00a0\u00bbDownload Infoflyer\u00a0\u00bb align=\u00a0\u00bbcenter\u00a0\u00bb link=\u00a0\u00bburl:%2Fwp-content%2Fuploads%2F2022%2F07%2FGC-COM-SUP-PII-20220629-FP-HYD-DE.pdf|target:_blank\u00a0\u00bb el_class=\u00a0\u00bbcta-btn\u00a0\u00bb][\/vc_column][\/vc_row][\/vc_section][vc_section el_id=\u00a0\u00bbactivity-gallery-sec\u00a0\u00bb][vc_row][vc_column][vc_column_text]<\/p>\n<h2 class=\"upper al-center\">Galerie photos<\/h2>\n<p>[\/vc_column_text][\/vc_column][\/vc_row][vc_row][vc_column][vc_gallery type=\u00a0\u00bbimage_grid\u00a0\u00bb images=\u00a0\u00bb266,264,262,258,256&Prime; img_size=\u00a0\u00bbfull\u00a0\u00bb][\/vc_column][\/vc_row][vc_row full_width=\u00a0\u00bbstretch_row_content_no_spaces\u00a0\u00bb el_class=\u00a0\u00bbskew-bot-row skew-bot-row-light\u00a0\u00bb][vc_column][\/vc_column][\/vc_row][\/vc_section][vc_section full_width=\u00a0\u00bbstretch_row\u00a0\u00bb el_id=\u00a0\u00bbactivity-reference-footer-sec\u00a0\u00bb css=\u00a0\u00bb.vc_custom_1657188381707{background-color: #cae7ef !important;}\u00a0\u00bb][vc_row][vc_column][vc_column_text]<h2 class=\"white upper bot-mar-2 al-center top-mar-1\">D\u00e9couvrez nos projets<\/h1><div id=\"ref-act-footer\" class=\"ref-act-footer-c-7 needs-slider\"><div class=\"ref-act-footer-item ref-act-footer-type-page\"><a href=\"https:\/\/bfh-ingenieure.de\/fr\/sanierung-hochwasserschutz-deich-in-trier\/\"><img decoding=\"async\" src=\"https:\/\/bfh-ingenieure.de\/wp-content\/uploads\/2022\/07\/bild_2_baustelle-1-1024x768.jpg\"><div class=\"ref-act-footer-inner\"><span class=\"ref-act-footer-title\">Sanierung Hochwasserschutz-Deich in Trier<\/span><\/div><\/a><\/div><div class=\"ref-act-footer-item ref-act-footer-type-page\"><a href=\"https:\/\/bfh-ingenieure.de\/fr\/fischaufstiegsanlage-am-grundbach-in-trier-irsch\/\"><img decoding=\"async\" src=\"https:\/\/bfh-ingenieure.de\/wp-content\/uploads\/2022\/07\/baustelle-1024x768.jpg\"><div class=\"ref-act-footer-inner\"><span class=\"ref-act-footer-title\">Fischaufstiegsanlage am Grundbach in Trier-Irsch<\/span><\/div><\/a><\/div><div class=\"ref-act-footer-item ref-act-footer-type-page\"><a href=\"https:\/\/bfh-ingenieure.de\/fr\/blaues-klassenzimmer-in-trier-irsch\/\"><img decoding=\"async\" src=\"https:\/\/bfh-ingenieure.de\/wp-content\/uploads\/2022\/07\/dji_0032-1024x768.jpg\"><div class=\"ref-act-footer-inner\"><span class=\"ref-act-footer-title\">Blaues Klassenzimmer in Trier-Irsch<\/span><\/div><\/a><\/div><div class=\"ref-act-footer-item ref-act-footer-type-page\"><a href=\"https:\/\/bfh-ingenieure.de\/fr\/hochwasser-und-stofftransport-managementkonzept-kondeler-bach\/\"><img decoding=\"async\" src=\"https:\/\/bfh-ingenieure.de\/wp-content\/uploads\/2022\/07\/04-1-1024x768.jpg\"><div class=\"ref-act-footer-inner\"><span class=\"ref-act-footer-title\">Hochwasser- und Stofftransport-Managementkonzept Kondeler Bach<\/span><\/div><\/a><\/div><div class=\"ref-act-footer-item ref-act-footer-type-page\"><a href=\"https:\/\/bfh-ingenieure.de\/fr\/renaturierung-des-irscher-bachs\/\"><img decoding=\"async\" src=\"https:\/\/bfh-ingenieure.de\/wp-content\/uploads\/2022\/07\/nachher_13-1920x1380-1-1024x768.jpg\"><div class=\"ref-act-footer-inner\"><span class=\"ref-act-footer-title\">Renaturierung des Irscher Bachs<\/span><\/div><\/a><\/div><div class=\"ref-act-footer-item ref-act-footer-type-page\"><a href=\"https:\/\/bfh-ingenieure.de\/fr\/sanierung-der-teichanlage-im-nells-park\/\"><img decoding=\"async\" src=\"https:\/\/bfh-ingenieure.de\/wp-content\/uploads\/2022\/07\/nellls_park_01-1024x768.jpg\"><div class=\"ref-act-footer-inner\"><span class=\"ref-act-footer-title\">Sanierung der Teichanlage im Nells Park<\/span><\/div><\/a><\/div><div class=\"ref-act-footer-item ref-act-footer-type-page\"><a href=\"https:\/\/bfh-ingenieure.de\/fr\/lebens-und-gesundheitszentrum-in-oberthal\/\"><img decoding=\"async\" src=\"https:\/\/bfh-ingenieure.de\/wp-content\/uploads\/2022\/07\/img_20190814_155919-1-1920x1380-1-1024x768.jpg\"><div class=\"ref-act-footer-inner\"><span class=\"ref-act-footer-title\">Lebens \u2013 und Gesundheitszentrum in Oberthal<\/span><\/div><\/a><\/div><\/div>[\/vc_column_text][\/vc_column][\/vc_row][\/vc_section]<\/p>\n","protected":false},"excerpt":{"rendered":"<p>[vc_section full_width=\u00a0\u00bbstretch_row\u00a0\u00bb el_id=\u00a0\u00bbactivity-intro\u00a0\u00bb css=\u00a0\u00bb.vc_custom_1770670467866{background-image: url(https:\/\/bfh-ingenieure.de\/wp-content\/uploads\/2026\/02\/Group-799.png?id=1056) !important;}\u00a0\u00bb][vc_row el_id=\u00a0\u00bbactivity-intro-heading-row\u00a0\u00bb][vc_column][vc_column_text] Topographie &amp; laser scanning 3D [\/vc_column_text][\/vc_column][\/vc_row][vc_row full_width=\u00a0\u00bbstretch_row_content_no_spaces\u00a0\u00bb][vc_column][vc_single_image image=\u00a0\u00bb1056&Prime; img_size=\u00a0\u00bbfull\u00a0\u00bb alignment=\u00a0\u00bbcenter\u00a0\u00bb el_class=\u00a0\u00bbno-space-img\u00a0\u00bb][vc_column_text el_class=\u00a0\u00bbhidden\u00a0\u00bb]Nous proposons des solutions efficaces et innovantes pour<span class=\"excerpt-hellip\"> [\u2026]<\/span><\/p>\n","protected":false},"author":1,"featured_media":261,"parent":122,"menu_order":0,"comment_status":"closed","ping_status":"closed","template":"","meta":{"footnotes":""},"class_list":["post-337","page","type-page","status-publish","has-post-thumbnail","hentry"],"yoast_head":"<!-- This site is optimized with the Yoast SEO plugin v19.14 - https:\/\/yoast.com\/wordpress\/plugins\/seo\/ -->\n<title>Topographie &amp; laser scanning 3D - BFH Ingenieure<\/title>\n<meta name=\"robots\" content=\"index, follow, max-snippet:-1, max-image-preview:large, max-video-preview:-1\" \/>\n<link rel=\"canonical\" href=\"https:\/\/bfh-ingenieure.de\/fr\/nos-activites\/topographie-laser-scanning-3d\/\" \/>\n<meta property=\"og:locale\" content=\"fr_FR\" \/>\n<meta property=\"og:type\" content=\"article\" \/>\n<meta property=\"og:title\" content=\"Topographie &amp; laser scanning 3D - BFH Ingenieure\" \/>\n<meta property=\"og:description\" content=\"[vc_section full_width=\u00a0\u00bbstretch_row\u00a0\u00bb el_id=\u00a0\u00bbactivity-intro\u00a0\u00bb css=\u00a0\u00bb.vc_custom_1770670467866{background-image: url(https:\/\/bfh-ingenieure.de\/wp-content\/uploads\/2026\/02\/Group-799.png?id=1056) !important;}\u00a0\u00bb][vc_row el_id=\u00a0\u00bbactivity-intro-heading-row\u00a0\u00bb][vc_column][vc_column_text] Topographie &amp; laser scanning 3D [\/vc_column_text][\/vc_column][\/vc_row][vc_row full_width=\u00a0\u00bbstretch_row_content_no_spaces\u00a0\u00bb][vc_column][vc_single_image image=\u00a0\u00bb1056&Prime; img_size=\u00a0\u00bbfull\u00a0\u00bb alignment=\u00a0\u00bbcenter\u00a0\u00bb el_class=\u00a0\u00bbno-space-img\u00a0\u00bb][vc_column_text el_class=\u00a0\u00bbhidden\u00a0\u00bb]Nous proposons des solutions efficaces et innovantes pour [\u2026]\" \/>\n<meta property=\"og:url\" content=\"https:\/\/bfh-ingenieure.de\/fr\/nos-activites\/topographie-laser-scanning-3d\/\" \/>\n<meta property=\"og:site_name\" content=\"BFH Ingenieure\" \/>\n<meta property=\"article:modified_time\" content=\"2026-02-09T20:54:38+00:00\" \/>\n<meta property=\"og:image\" content=\"https:\/\/bfh-ingenieure.de\/wp-content\/uploads\/2022\/07\/vermessung-featured.jpg\" \/>\n\t<meta property=\"og:image:width\" content=\"800\" \/>\n\t<meta property=\"og:image:height\" content=\"500\" \/>\n\t<meta property=\"og:image:type\" content=\"image\/jpeg\" \/>\n<meta name=\"twitter:card\" content=\"summary_large_image\" \/>\n<meta name=\"twitter:label1\" content=\"Dur\u00e9e de lecture estim\u00e9e\" \/>\n\t<meta name=\"twitter:data1\" content=\"2 minutes\" \/>\n<script type=\"application\/ld+json\" class=\"yoast-schema-graph\">{\"@context\":\"https:\/\/schema.org\",\"@graph\":[{\"@type\":\"WebPage\",\"@id\":\"https:\/\/bfh-ingenieure.de\/fr\/nos-activites\/topographie-laser-scanning-3d\/\",\"url\":\"https:\/\/bfh-ingenieure.de\/fr\/nos-activites\/topographie-laser-scanning-3d\/\",\"name\":\"Topographie & laser scanning 3D - BFH Ingenieure\",\"isPartOf\":{\"@id\":\"https:\/\/bfh-ingenieure.de\/#website\"},\"datePublished\":\"2022-07-05T13:04:30+00:00\",\"dateModified\":\"2026-02-09T20:54:38+00:00\",\"breadcrumb\":{\"@id\":\"https:\/\/bfh-ingenieure.de\/fr\/nos-activites\/topographie-laser-scanning-3d\/#breadcrumb\"},\"inLanguage\":\"fr-FR\",\"potentialAction\":[{\"@type\":\"ReadAction\",\"target\":[\"https:\/\/bfh-ingenieure.de\/fr\/nos-activites\/topographie-laser-scanning-3d\/\"]}]},{\"@type\":\"BreadcrumbList\",\"@id\":\"https:\/\/bfh-ingenieure.de\/fr\/nos-activites\/topographie-laser-scanning-3d\/#breadcrumb\",\"itemListElement\":[{\"@type\":\"ListItem\",\"position\":1,\"name\":\"Home\",\"item\":\"https:\/\/bfh-ingenieure.de\/fr\/home\/\"},{\"@type\":\"ListItem\",\"position\":2,\"name\":\"Nos activit\u00e9s\",\"item\":\"https:\/\/bfh-ingenieure.de\/fr\/nos-activites\/\"},{\"@type\":\"ListItem\",\"position\":3,\"name\":\"Topographie &#038; laser scanning 3D\"}]},{\"@type\":\"WebSite\",\"@id\":\"https:\/\/bfh-ingenieure.de\/#website\",\"url\":\"https:\/\/bfh-ingenieure.de\/\",\"name\":\"BFH Ingenieure\",\"description\":\"Eine weitere WordPress-Website\",\"inLanguage\":\"fr-FR\"}]}<\/script>\n<!-- \/ Yoast SEO plugin. -->","yoast_head_json":{"title":"Topographie & laser scanning 3D - BFH Ingenieure","robots":{"index":"index","follow":"follow","max-snippet":"max-snippet:-1","max-image-preview":"max-image-preview:large","max-video-preview":"max-video-preview:-1"},"canonical":"https:\/\/bfh-ingenieure.de\/fr\/nos-activites\/topographie-laser-scanning-3d\/","og_locale":"fr_FR","og_type":"article","og_title":"Topographie & laser scanning 3D - BFH Ingenieure","og_description":"[vc_section full_width=\u00a0\u00bbstretch_row\u00a0\u00bb el_id=\u00a0\u00bbactivity-intro\u00a0\u00bb css=\u00a0\u00bb.vc_custom_1770670467866{background-image: url(https:\/\/bfh-ingenieure.de\/wp-content\/uploads\/2026\/02\/Group-799.png?id=1056) !important;}\u00a0\u00bb][vc_row el_id=\u00a0\u00bbactivity-intro-heading-row\u00a0\u00bb][vc_column][vc_column_text] Topographie &amp; laser scanning 3D [\/vc_column_text][\/vc_column][\/vc_row][vc_row full_width=\u00a0\u00bbstretch_row_content_no_spaces\u00a0\u00bb][vc_column][vc_single_image image=\u00a0\u00bb1056&Prime; img_size=\u00a0\u00bbfull\u00a0\u00bb alignment=\u00a0\u00bbcenter\u00a0\u00bb el_class=\u00a0\u00bbno-space-img\u00a0\u00bb][vc_column_text el_class=\u00a0\u00bbhidden\u00a0\u00bb]Nous proposons des solutions efficaces et innovantes pour [\u2026]","og_url":"https:\/\/bfh-ingenieure.de\/fr\/nos-activites\/topographie-laser-scanning-3d\/","og_site_name":"BFH Ingenieure","article_modified_time":"2026-02-09T20:54:38+00:00","og_image":[{"width":800,"height":500,"url":"https:\/\/bfh-ingenieure.de\/wp-content\/uploads\/2022\/07\/vermessung-featured.jpg","type":"image\/jpeg"}],"twitter_card":"summary_large_image","twitter_misc":{"Dur\u00e9e de lecture estim\u00e9e":"2 minutes"},"schema":{"@context":"https:\/\/schema.org","@graph":[{"@type":"WebPage","@id":"https:\/\/bfh-ingenieure.de\/fr\/nos-activites\/topographie-laser-scanning-3d\/","url":"https:\/\/bfh-ingenieure.de\/fr\/nos-activites\/topographie-laser-scanning-3d\/","name":"Topographie & laser scanning 3D - BFH Ingenieure","isPartOf":{"@id":"https:\/\/bfh-ingenieure.de\/#website"},"datePublished":"2022-07-05T13:04:30+00:00","dateModified":"2026-02-09T20:54:38+00:00","breadcrumb":{"@id":"https:\/\/bfh-ingenieure.de\/fr\/nos-activites\/topographie-laser-scanning-3d\/#breadcrumb"},"inLanguage":"fr-FR","potentialAction":[{"@type":"ReadAction","target":["https:\/\/bfh-ingenieure.de\/fr\/nos-activites\/topographie-laser-scanning-3d\/"]}]},{"@type":"BreadcrumbList","@id":"https:\/\/bfh-ingenieure.de\/fr\/nos-activites\/topographie-laser-scanning-3d\/#breadcrumb","itemListElement":[{"@type":"ListItem","position":1,"name":"Home","item":"https:\/\/bfh-ingenieure.de\/fr\/home\/"},{"@type":"ListItem","position":2,"name":"Nos activit\u00e9s","item":"https:\/\/bfh-ingenieure.de\/fr\/nos-activites\/"},{"@type":"ListItem","position":3,"name":"Topographie &#038; laser scanning 3D"}]},{"@type":"WebSite","@id":"https:\/\/bfh-ingenieure.de\/#website","url":"https:\/\/bfh-ingenieure.de\/","name":"BFH Ingenieure","description":"Eine weitere WordPress-Website","inLanguage":"fr-FR"}]}},"_links":{"self":[{"href":"https:\/\/bfh-ingenieure.de\/fr\/wp-json\/wp\/v2\/pages\/337","targetHints":{"allow":["GET"]}}],"collection":[{"href":"https:\/\/bfh-ingenieure.de\/fr\/wp-json\/wp\/v2\/pages"}],"about":[{"href":"https:\/\/bfh-ingenieure.de\/fr\/wp-json\/wp\/v2\/types\/page"}],"author":[{"embeddable":true,"href":"https:\/\/bfh-ingenieure.de\/fr\/wp-json\/wp\/v2\/users\/1"}],"replies":[{"embeddable":true,"href":"https:\/\/bfh-ingenieure.de\/fr\/wp-json\/wp\/v2\/comments?post=337"}],"version-history":[{"count":4,"href":"https:\/\/bfh-ingenieure.de\/fr\/wp-json\/wp\/v2\/pages\/337\/revisions"}],"predecessor-version":[{"id":1167,"href":"https:\/\/bfh-ingenieure.de\/fr\/wp-json\/wp\/v2\/pages\/337\/revisions\/1167"}],"up":[{"embeddable":true,"href":"https:\/\/bfh-ingenieure.de\/fr\/wp-json\/wp\/v2\/pages\/122"}],"wp:featuredmedia":[{"embeddable":true,"href":"https:\/\/bfh-ingenieure.de\/fr\/wp-json\/wp\/v2\/media\/261"}],"wp:attachment":[{"href":"https:\/\/bfh-ingenieure.de\/fr\/wp-json\/wp\/v2\/media?parent=337"}],"curies":[{"name":"wp","href":"https:\/\/api.w.org\/{rel}","templated":true}]}}