{"id":346,"date":"2022-07-05T15:05:06","date_gmt":"2022-07-05T13:05:06","guid":{"rendered":"http:\/\/bfh-ingenieure.de\/nos-activites\/konstruktiver-ingenieurbau\/"},"modified":"2026-02-09T21:57:01","modified_gmt":"2026-02-09T20:57:01","slug":"etudes-des-structures","status":"publish","type":"page","link":"https:\/\/bfh-ingenieure.de\/fr\/nos-activites\/etudes-des-structures\/","title":{"rendered":"\u00c9tudes des structures"},"content":{"rendered":"<p>[vc_section full_width=\u00a0\u00bbstretch_row\u00a0\u00bb el_id=\u00a0\u00bbactivity-intro\u00a0\u00bb css=\u00a0\u00bb.vc_custom_1770670603653{background-image: url(https:\/\/bfh-ingenieure.de\/wp-content\/uploads\/2026\/02\/Group-3.png?id=1112) !important;}\u00a0\u00bb][vc_row el_id=\u00a0\u00bbactivity-intro-heading-row\u00a0\u00bb][vc_column][vc_column_text]<\/p>\n<h1 class=\"upper\">\u00c9tudes des structures<\/h1>\n<p>[\/vc_column_text][\/vc_column][\/vc_row][vc_row full_width=\u00a0\u00bbstretch_row_content_no_spaces\u00a0\u00bb][vc_column][vc_single_image image=\u00a0\u00bb1112&Prime; img_size=\u00a0\u00bbfull\u00a0\u00bb alignment=\u00a0\u00bbcenter\u00a0\u00bb el_class=\u00a0\u00bbno-space-img\u00a0\u00bb][vc_column_text el_class=\u00a0\u00bbhidden\u00a0\u00bb]Nos ing\u00e9nieurs et techniciens dessinateurs exp\u00e9riment\u00e9s r\u00e9alisent vos \u00e9tudes de stabilit\u00e9 les plus complexes en alliant quotidiennement savoir-faire, rigueur et r\u00e9activit\u00e9.[\/vc_column_text][vc_column_text el_id=\u00a0\u00bbactivity-breadcrumbs\u00a0\u00bb]<a href=\"\/fr\/nos-activites\/\">Nos activit\u00e9s<\/a> &gt; <a href=\"#\">\u00c9tudes des structures<\/a>[\/vc_column_text][\/vc_column][\/vc_row][\/vc_section][vc_section el_id=\u00a0\u00bbactivity-content-sec\u00a0\u00bb][vc_row][vc_column][vc_column_text]Notre d\u00e9partement, d\u00e9di\u00e9 aux \u00e9tudes des structures, est compos\u00e9 d\u2019ing\u00e9nieurs et de techniciens dessinateurs exp\u00e9riment\u00e9s. Ayant toutes les comp\u00e9tences n\u00e9cessaires \u00e0 la r\u00e9alisation des \u00e9tudes de stabilit\u00e9, ils allient quotidiennement savoir-faire, rigueur et r\u00e9activit\u00e9 en gardant pour objectif l\u2019optimisation des co\u00fbts de construction pour des bulletins techniques performants. Passionn\u00e9s par leurs m\u00e9tiers, les membres de notre \u00e9quipe aiment relever des challenges en travaillant sur les projets les plus complexes avec des particularit\u00e9s techniques importantes.[\/vc_column_text][vc_column_text]<strong class=\"colored upper activity-service-strong\">Nos domaines de comp\u00e9tences<\/strong><\/p>\n<ul class=\"black\">\n<li><strong>B\u00e2timents publics <\/strong>: centres scolaires, sportifs et culturels, h\u00f4pitaux, maison de soins et de retraite.<\/li>\n<li><strong>B\u00e2timents r\u00e9sidentiels <\/strong>: immeubles r\u00e9sidentiels, maisons d\u2019habitation, logements sociaux.<\/li>\n<li><strong>Ouvrages d\u2019art <\/strong>: ponts, viaducs, passerelles, tunnels, ch\u00e2teaux d\u2019eau, ouvrages hydrauliques, salles de spectacles.<\/li>\n<li><strong>Transformation <\/strong>: les \u00e9tudes de transformation sont relatives aux projets de restauration et de r\u00e9habilitation d\u2019ancien immeubles.<\/li>\n<li><strong>Projets industriels <\/strong>: sid\u00e9rurgie, centrales \u00e9nerg\u00e9tiques, halls et ateliers de productions, stations d\u2019\u00e9puration, hangars, d\u00e9p\u00f4ts et garages, centres d\u2019interventions<\/li>\n<\/ul>\n<p><strong class=\"colored upper activity-service-strong\">Nos services<\/strong><\/p>\n<ul class=\"black\">\n<li>\u00c9tude de stabilit\u00e9<\/li>\n<li>Conception<\/li>\n<li>Calcul des masses et devis d\u00e9taill\u00e9<\/li>\n<li>\u00c9laboration des dossiers de soumission<\/li>\n<li>\u00c9laboration des plans d\u2019ex\u00e9cution :\n<ul class=\"black sub-list\">\n<li>Plans d\u2019ensemble<\/li>\n<li>Plans de coffrages et de ferraillage<\/li>\n<li>Plans de terrassement et de blindage des fouilles<\/li>\n<\/ul>\n<\/li>\n<li>Contr\u00f4le et surveillance des travaux<\/li>\n<\/ul>\n<p>[\/vc_column_text][\/vc_column][\/vc_row][vc_row el_class=\u00a0\u00bbhidden\u00a0\u00bb][vc_column][vc_btn title=\u00a0\u00bbDownload Infoflyer\u00a0\u00bb align=\u00a0\u00bbcenter\u00a0\u00bb link=\u00a0\u00bburl:%2Fwp-content%2Fuploads%2F2022%2F07%2FGC-COM-SUP-PII-20220629-FP-HYD-DE.pdf|target:_blank\u00a0\u00bb el_class=\u00a0\u00bbcta-btn\u00a0\u00bb][\/vc_column][\/vc_row][\/vc_section][vc_section el_id=\u00a0\u00bbactivity-gallery-sec\u00a0\u00bb][vc_row full_width=\u00a0\u00bbstretch_row_content_no_spaces\u00a0\u00bb el_class=\u00a0\u00bbskew-bot-row skew-bot-row-light\u00a0\u00bb][vc_column][\/vc_column][\/vc_row][\/vc_section][vc_section full_width=\u00a0\u00bbstretch_row\u00a0\u00bb el_id=\u00a0\u00bbactivity-reference-footer-sec\u00a0\u00bb css=\u00a0\u00bb.vc_custom_1657185522250{background-color: #cae7ef !important;}\u00a0\u00bb][vc_row][vc_column][vc_column_text]<h2 class=\"white upper bot-mar-2 al-center top-mar-1\">D\u00e9couvrez nos projets<\/h1><div id=\"ref-act-footer\" class=\"ref-act-footer-c-5 needs-slider\"><div class=\"ref-act-footer-item ref-act-footer-type-page\"><a href=\"https:\/\/bfh-ingenieure.de\/fr\/hochwasserrueckhaltebecken-hrb-oberthal\/\"><img decoding=\"async\" src=\"https:\/\/bfh-ingenieure.de\/wp-content\/uploads\/2022\/07\/foto_02-1024x768.jpg\"><div class=\"ref-act-footer-inner\"><span class=\"ref-act-footer-title\">Hochwasserr\u00fcckhaltebecken (HRB) Oberthal<\/span><\/div><\/a><\/div><div class=\"ref-act-footer-item ref-act-footer-type-page\"><a href=\"https:\/\/bfh-ingenieure.de\/fr\/sanierung-hochwasserschutz-deich-in-trier\/\"><img decoding=\"async\" src=\"https:\/\/bfh-ingenieure.de\/wp-content\/uploads\/2022\/07\/bild_2_baustelle-1-1024x768.jpg\"><div class=\"ref-act-footer-inner\"><span class=\"ref-act-footer-title\">Sanierung Hochwasserschutz-Deich in Trier<\/span><\/div><\/a><\/div><div class=\"ref-act-footer-item ref-act-footer-type-page\"><a href=\"https:\/\/bfh-ingenieure.de\/fr\/fahrradstation-am-hbf-trier\/\"><img decoding=\"async\" src=\"https:\/\/bfh-ingenieure.de\/wp-content\/uploads\/2022\/07\/20181107_101955-1-1920x1380-1-1024x768.jpg\"><div class=\"ref-act-footer-inner\"><span class=\"ref-act-footer-title\">Fahrradstation am HBF Trier<\/span><\/div><\/a><\/div><div class=\"ref-act-footer-item ref-act-footer-type-page\"><a href=\"https:\/\/bfh-ingenieure.de\/fr\/lagerhalle-in-trier-pfalzel\/\"><img decoding=\"async\" src=\"https:\/\/bfh-ingenieure.de\/wp-content\/uploads\/2022\/07\/pfalzel_1-1920x1380-1-1024x768.jpg\"><div class=\"ref-act-footer-inner\"><span class=\"ref-act-footer-title\">Lagerhalle in Trier-Pfalzel<\/span><\/div><\/a><\/div><div class=\"ref-act-footer-item ref-act-footer-type-page\"><a href=\"https:\/\/bfh-ingenieure.de\/fr\/lebens-und-gesundheitszentrum-in-oberthal\/\"><img decoding=\"async\" src=\"https:\/\/bfh-ingenieure.de\/wp-content\/uploads\/2022\/07\/img_20190814_155919-1-1920x1380-1-1024x768.jpg\"><div class=\"ref-act-footer-inner\"><span class=\"ref-act-footer-title\">Lebens \u2013 und Gesundheitszentrum in Oberthal<\/span><\/div><\/a><\/div><\/div>[\/vc_column_text][\/vc_column][\/vc_row][\/vc_section]<\/p>\n","protected":false},"excerpt":{"rendered":"<p>[vc_section full_width=\u00a0\u00bbstretch_row\u00a0\u00bb el_id=\u00a0\u00bbactivity-intro\u00a0\u00bb css=\u00a0\u00bb.vc_custom_1770670603653{background-image: url(https:\/\/bfh-ingenieure.de\/wp-content\/uploads\/2026\/02\/Group-3.png?id=1112) !important;}\u00a0\u00bb][vc_row el_id=\u00a0\u00bbactivity-intro-heading-row\u00a0\u00bb][vc_column][vc_column_text] \u00c9tudes des structures [\/vc_column_text][\/vc_column][\/vc_row][vc_row full_width=\u00a0\u00bbstretch_row_content_no_spaces\u00a0\u00bb][vc_column][vc_single_image image=\u00a0\u00bb1112&Prime; img_size=\u00a0\u00bbfull\u00a0\u00bb alignment=\u00a0\u00bbcenter\u00a0\u00bb el_class=\u00a0\u00bbno-space-img\u00a0\u00bb][vc_column_text el_class=\u00a0\u00bbhidden\u00a0\u00bb]Nos ing\u00e9nieurs et techniciens dessinateurs exp\u00e9riment\u00e9s r\u00e9alisent vos \u00e9tudes de<span class=\"excerpt-hellip\"> [\u2026]<\/span><\/p>\n","protected":false},"author":1,"featured_media":297,"parent":122,"menu_order":0,"comment_status":"closed","ping_status":"closed","template":"","meta":{"footnotes":""},"class_list":["post-346","page","type-page","status-publish","has-post-thumbnail","hentry"],"yoast_head":"<!-- This site is optimized with the Yoast SEO plugin v19.14 - https:\/\/yoast.com\/wordpress\/plugins\/seo\/ -->\n<title>\u00c9tudes des structures - BFH Ingenieure<\/title>\n<meta name=\"robots\" content=\"index, follow, max-snippet:-1, max-image-preview:large, max-video-preview:-1\" \/>\n<link rel=\"canonical\" href=\"https:\/\/bfh-ingenieure.de\/fr\/nos-activites\/etudes-des-structures\/\" \/>\n<meta property=\"og:locale\" content=\"fr_FR\" \/>\n<meta property=\"og:type\" content=\"article\" \/>\n<meta property=\"og:title\" content=\"\u00c9tudes des structures - BFH Ingenieure\" \/>\n<meta property=\"og:description\" content=\"[vc_section full_width=\u00a0\u00bbstretch_row\u00a0\u00bb el_id=\u00a0\u00bbactivity-intro\u00a0\u00bb css=\u00a0\u00bb.vc_custom_1770670603653{background-image: url(https:\/\/bfh-ingenieure.de\/wp-content\/uploads\/2026\/02\/Group-3.png?id=1112) !important;}\u00a0\u00bb][vc_row el_id=\u00a0\u00bbactivity-intro-heading-row\u00a0\u00bb][vc_column][vc_column_text] \u00c9tudes des structures [\/vc_column_text][\/vc_column][\/vc_row][vc_row full_width=\u00a0\u00bbstretch_row_content_no_spaces\u00a0\u00bb][vc_column][vc_single_image image=\u00a0\u00bb1112&Prime; img_size=\u00a0\u00bbfull\u00a0\u00bb alignment=\u00a0\u00bbcenter\u00a0\u00bb el_class=\u00a0\u00bbno-space-img\u00a0\u00bb][vc_column_text el_class=\u00a0\u00bbhidden\u00a0\u00bb]Nos ing\u00e9nieurs et techniciens dessinateurs exp\u00e9riment\u00e9s r\u00e9alisent vos \u00e9tudes de [\u2026]\" \/>\n<meta property=\"og:url\" content=\"https:\/\/bfh-ingenieure.de\/fr\/nos-activites\/etudes-des-structures\/\" \/>\n<meta property=\"og:site_name\" content=\"BFH Ingenieure\" \/>\n<meta property=\"article:modified_time\" content=\"2026-02-09T20:57:01+00:00\" \/>\n<meta property=\"og:image\" content=\"https:\/\/bfh-ingenieure.de\/wp-content\/uploads\/2022\/07\/ingenieursbau-featured.jpg\" \/>\n\t<meta property=\"og:image:width\" content=\"800\" \/>\n\t<meta property=\"og:image:height\" content=\"500\" \/>\n\t<meta property=\"og:image:type\" content=\"image\/jpeg\" \/>\n<meta name=\"twitter:card\" content=\"summary_large_image\" \/>\n<meta name=\"twitter:label1\" content=\"Dur\u00e9e de lecture estim\u00e9e\" \/>\n\t<meta name=\"twitter:data1\" content=\"2 minutes\" \/>\n<script type=\"application\/ld+json\" class=\"yoast-schema-graph\">{\"@context\":\"https:\/\/schema.org\",\"@graph\":[{\"@type\":\"WebPage\",\"@id\":\"https:\/\/bfh-ingenieure.de\/fr\/nos-activites\/etudes-des-structures\/\",\"url\":\"https:\/\/bfh-ingenieure.de\/fr\/nos-activites\/etudes-des-structures\/\",\"name\":\"\u00c9tudes des structures - BFH Ingenieure\",\"isPartOf\":{\"@id\":\"https:\/\/bfh-ingenieure.de\/#website\"},\"datePublished\":\"2022-07-05T13:05:06+00:00\",\"dateModified\":\"2026-02-09T20:57:01+00:00\",\"breadcrumb\":{\"@id\":\"https:\/\/bfh-ingenieure.de\/fr\/nos-activites\/etudes-des-structures\/#breadcrumb\"},\"inLanguage\":\"fr-FR\",\"potentialAction\":[{\"@type\":\"ReadAction\",\"target\":[\"https:\/\/bfh-ingenieure.de\/fr\/nos-activites\/etudes-des-structures\/\"]}]},{\"@type\":\"BreadcrumbList\",\"@id\":\"https:\/\/bfh-ingenieure.de\/fr\/nos-activites\/etudes-des-structures\/#breadcrumb\",\"itemListElement\":[{\"@type\":\"ListItem\",\"position\":1,\"name\":\"Home\",\"item\":\"https:\/\/bfh-ingenieure.de\/fr\/home\/\"},{\"@type\":\"ListItem\",\"position\":2,\"name\":\"Nos activit\u00e9s\",\"item\":\"https:\/\/bfh-ingenieure.de\/fr\/nos-activites\/\"},{\"@type\":\"ListItem\",\"position\":3,\"name\":\"\u00c9tudes des structures\"}]},{\"@type\":\"WebSite\",\"@id\":\"https:\/\/bfh-ingenieure.de\/#website\",\"url\":\"https:\/\/bfh-ingenieure.de\/\",\"name\":\"BFH Ingenieure\",\"description\":\"Eine weitere WordPress-Website\",\"inLanguage\":\"fr-FR\"}]}<\/script>\n<!-- \/ Yoast SEO plugin. -->","yoast_head_json":{"title":"\u00c9tudes des structures - BFH Ingenieure","robots":{"index":"index","follow":"follow","max-snippet":"max-snippet:-1","max-image-preview":"max-image-preview:large","max-video-preview":"max-video-preview:-1"},"canonical":"https:\/\/bfh-ingenieure.de\/fr\/nos-activites\/etudes-des-structures\/","og_locale":"fr_FR","og_type":"article","og_title":"\u00c9tudes des structures - BFH Ingenieure","og_description":"[vc_section full_width=\u00a0\u00bbstretch_row\u00a0\u00bb el_id=\u00a0\u00bbactivity-intro\u00a0\u00bb css=\u00a0\u00bb.vc_custom_1770670603653{background-image: url(https:\/\/bfh-ingenieure.de\/wp-content\/uploads\/2026\/02\/Group-3.png?id=1112) !important;}\u00a0\u00bb][vc_row el_id=\u00a0\u00bbactivity-intro-heading-row\u00a0\u00bb][vc_column][vc_column_text] \u00c9tudes des structures [\/vc_column_text][\/vc_column][\/vc_row][vc_row full_width=\u00a0\u00bbstretch_row_content_no_spaces\u00a0\u00bb][vc_column][vc_single_image image=\u00a0\u00bb1112&Prime; img_size=\u00a0\u00bbfull\u00a0\u00bb alignment=\u00a0\u00bbcenter\u00a0\u00bb el_class=\u00a0\u00bbno-space-img\u00a0\u00bb][vc_column_text el_class=\u00a0\u00bbhidden\u00a0\u00bb]Nos ing\u00e9nieurs et techniciens dessinateurs exp\u00e9riment\u00e9s r\u00e9alisent vos \u00e9tudes de [\u2026]","og_url":"https:\/\/bfh-ingenieure.de\/fr\/nos-activites\/etudes-des-structures\/","og_site_name":"BFH Ingenieure","article_modified_time":"2026-02-09T20:57:01+00:00","og_image":[{"width":800,"height":500,"url":"https:\/\/bfh-ingenieure.de\/wp-content\/uploads\/2022\/07\/ingenieursbau-featured.jpg","type":"image\/jpeg"}],"twitter_card":"summary_large_image","twitter_misc":{"Dur\u00e9e de lecture estim\u00e9e":"2 minutes"},"schema":{"@context":"https:\/\/schema.org","@graph":[{"@type":"WebPage","@id":"https:\/\/bfh-ingenieure.de\/fr\/nos-activites\/etudes-des-structures\/","url":"https:\/\/bfh-ingenieure.de\/fr\/nos-activites\/etudes-des-structures\/","name":"\u00c9tudes des structures - BFH Ingenieure","isPartOf":{"@id":"https:\/\/bfh-ingenieure.de\/#website"},"datePublished":"2022-07-05T13:05:06+00:00","dateModified":"2026-02-09T20:57:01+00:00","breadcrumb":{"@id":"https:\/\/bfh-ingenieure.de\/fr\/nos-activites\/etudes-des-structures\/#breadcrumb"},"inLanguage":"fr-FR","potentialAction":[{"@type":"ReadAction","target":["https:\/\/bfh-ingenieure.de\/fr\/nos-activites\/etudes-des-structures\/"]}]},{"@type":"BreadcrumbList","@id":"https:\/\/bfh-ingenieure.de\/fr\/nos-activites\/etudes-des-structures\/#breadcrumb","itemListElement":[{"@type":"ListItem","position":1,"name":"Home","item":"https:\/\/bfh-ingenieure.de\/fr\/home\/"},{"@type":"ListItem","position":2,"name":"Nos activit\u00e9s","item":"https:\/\/bfh-ingenieure.de\/fr\/nos-activites\/"},{"@type":"ListItem","position":3,"name":"\u00c9tudes des structures"}]},{"@type":"WebSite","@id":"https:\/\/bfh-ingenieure.de\/#website","url":"https:\/\/bfh-ingenieure.de\/","name":"BFH Ingenieure","description":"Eine weitere WordPress-Website","inLanguage":"fr-FR"}]}},"_links":{"self":[{"href":"https:\/\/bfh-ingenieure.de\/fr\/wp-json\/wp\/v2\/pages\/346","targetHints":{"allow":["GET"]}}],"collection":[{"href":"https:\/\/bfh-ingenieure.de\/fr\/wp-json\/wp\/v2\/pages"}],"about":[{"href":"https:\/\/bfh-ingenieure.de\/fr\/wp-json\/wp\/v2\/types\/page"}],"author":[{"embeddable":true,"href":"https:\/\/bfh-ingenieure.de\/fr\/wp-json\/wp\/v2\/users\/1"}],"replies":[{"embeddable":true,"href":"https:\/\/bfh-ingenieure.de\/fr\/wp-json\/wp\/v2\/comments?post=346"}],"version-history":[{"count":4,"href":"https:\/\/bfh-ingenieure.de\/fr\/wp-json\/wp\/v2\/pages\/346\/revisions"}],"predecessor-version":[{"id":1171,"href":"https:\/\/bfh-ingenieure.de\/fr\/wp-json\/wp\/v2\/pages\/346\/revisions\/1171"}],"up":[{"embeddable":true,"href":"https:\/\/bfh-ingenieure.de\/fr\/wp-json\/wp\/v2\/pages\/122"}],"wp:featuredmedia":[{"embeddable":true,"href":"https:\/\/bfh-ingenieure.de\/fr\/wp-json\/wp\/v2\/media\/297"}],"wp:attachment":[{"href":"https:\/\/bfh-ingenieure.de\/fr\/wp-json\/wp\/v2\/media?parent=346"}],"curies":[{"name":"wp","href":"https:\/\/api.w.org\/{rel}","templated":true}]}}