{"id":636,"date":"2022-07-05T15:00:45","date_gmt":"2022-07-05T13:00:45","guid":{"rendered":"http:\/\/bfh-ingenieure.de\/referenzen\/"},"modified":"2026-02-09T21:25:28","modified_gmt":"2026-02-09T20:25:28","slug":"nos-references","status":"publish","type":"page","link":"https:\/\/bfh-ingenieure.de\/fr\/nos-references\/","title":{"rendered":"Nos r\u00e9f\u00e9rences"},"content":{"rendered":"<p>[vc_section full_width=\u00a0\u00bbstretch_row\u00a0\u00bb el_id=\u00a0\u00bbintro\u00a0\u00bb css=\u00a0\u00bb.vc_custom_1770668723670{background: #cae7ef url(https:\/\/bfh-ingenieure.de\/wp-content\/uploads\/2026\/02\/Group-3.png?id=1112) !important;}\u00a0\u00bb][vc_row][vc_column width=\u00a0\u00bb1\/2&Prime;][vc_column_text]<\/p>\n<h1 class=\"upper\">Nos r\u00e9f\u00e9rences<\/h1>\n<p>D\u00e9couvrez quelques r\u00e9f\u00e9rences et projets-types \u00e0 l\u2019image du savoir-faire et de l\u2019exp\u00e9rience de BFH Ingenieure.[\/vc_column_text][\/vc_column][vc_column width=\u00a0\u00bb1\/2&Prime;][\/vc_column][\/vc_row][vc_row full_width=\u00a0\u00bbstretch_row_content_no_spaces\u00a0\u00bb el_class=\u00a0\u00bbskew-bot-row skew-bot-row-light\u00a0\u00bb][vc_column][\/vc_column][\/vc_row][\/vc_section][vc_section full_width=\u00a0\u00bbstretch_row\u00a0\u00bb css=\u00a0\u00bb.vc_custom_1657275919217{background-color: #cae7ef !important;}\u00a0\u00bb][vc_row][vc_column][vc_column_text]<div id=\"ref-filter\"><div><select><option value=\"\">Domaine d\u2019activit\u00e9<\/option><option value=\"Direction des travaux\">Direction des travaux<\/option><option value=\"Etudes des infrastructures\">Etudes des infrastructures<\/option><option value=\"\u00c9tudes des structures\">\u00c9tudes des structures<\/option><option value=\"\u00c9tudes environnementales\">\u00c9tudes environnementales<\/option><option value=\"Hydrologie et gestion des eaux\">Hydrologie et gestion des eaux<\/option><option value=\"Project management\">Project management<\/option><option value=\"Topographie &amp; laser scanning 3D\">Topographie &amp; laser scanning 3D<\/option><\/select><\/div><div><select><option value=\"\">Vous \u00eates<\/option><option value=\"Un organisme public\">Un organisme public<\/option><option value=\"Un particulier\">Un particulier<\/option><option value=\"Un professionnel\">Un professionnel<\/option><option value=\"Une commune\">Une commune<\/option><\/select><\/div><div><select id=\"order-select\"><option value=\"\">Tri<\/option><option value=\"alpha\">Par lieu (A...Z)<\/option><option value=\"date-desc\">Du plus r\u00e9cent au plus ancien<\/option><option value=\"date-asc\">Du plus ancien au plus r\u00e9cent<\/option><\/select><\/div><\/div>[\/vc_column_text][\/vc_column][\/vc_row][vc_row full_width=\u00a0\u00bbstretch_row_content_no_spaces\u00a0\u00bb el_class=\u00a0\u00bbskew-bot-row skew-bot-row-white\u00a0\u00bb][vc_column][\/vc_column][\/vc_row][\/vc_section][vc_section el_id=\u00a0\u00bbref-grid-sec\u00a0\u00bb][vc_row el_id=\u00a0\u00bbref-grid\u00a0\u00bb][vc_column][vc_basic_grid post_type=\u00a0\u00bbpost\u00a0\u00bb max_items=\u00a0\u00bb-1&Prime; item=\u00a0\u00bb99&Prime; grid_id=\u00a0\u00bbvc_gid:1770668708030-a2a52e7c-ff8c-7&Prime; taxonomies=\u00a0\u00bb13&Prime;][\/vc_column][\/vc_row][\/vc_section]<\/p>\n","protected":false},"excerpt":{"rendered":"<p>[vc_section full_width=\u00a0\u00bbstretch_row\u00a0\u00bb el_id=\u00a0\u00bbintro\u00a0\u00bb css=\u00a0\u00bb.vc_custom_1770668723670{background: #cae7ef url(https:\/\/bfh-ingenieure.de\/wp-content\/uploads\/2026\/02\/Group-3.png?id=1112) !important;}\u00a0\u00bb][vc_row][vc_column width=\u00a0\u00bb1\/2&Prime;][vc_column_text] Nos r\u00e9f\u00e9rences D\u00e9couvrez quelques r\u00e9f\u00e9rences et projets-types \u00e0 l\u2019image du savoir-faire et de l\u2019exp\u00e9rience de BFH Ingenieure.[\/vc_column_text][\/vc_column][vc_column width=\u00a0\u00bb1\/2&Prime;][\/vc_column][\/vc_row][vc_row<span class=\"excerpt-hellip\"> [\u2026]<\/span><\/p>\n","protected":false},"author":1,"featured_media":0,"parent":0,"menu_order":0,"comment_status":"closed","ping_status":"closed","template":"","meta":{"footnotes":""},"class_list":["post-636","page","type-page","status-publish","hentry"],"yoast_head":"<!-- This site is optimized with the Yoast SEO plugin v19.14 - https:\/\/yoast.com\/wordpress\/plugins\/seo\/ -->\n<title>Nos r\u00e9f\u00e9rences - BFH Ingenieure<\/title>\n<meta name=\"robots\" content=\"index, follow, max-snippet:-1, max-image-preview:large, max-video-preview:-1\" \/>\n<link rel=\"canonical\" href=\"https:\/\/bfh-ingenieure.de\/fr\/nos-references\/\" \/>\n<meta property=\"og:locale\" content=\"fr_FR\" \/>\n<meta property=\"og:type\" content=\"article\" \/>\n<meta property=\"og:title\" content=\"Nos r\u00e9f\u00e9rences - BFH Ingenieure\" \/>\n<meta property=\"og:description\" content=\"[vc_section full_width=\u00a0\u00bbstretch_row\u00a0\u00bb el_id=\u00a0\u00bbintro\u00a0\u00bb css=\u00a0\u00bb.vc_custom_1770668723670{background: #cae7ef url(https:\/\/bfh-ingenieure.de\/wp-content\/uploads\/2026\/02\/Group-3.png?id=1112) !important;}\u00a0\u00bb][vc_row][vc_column width=\u00a0\u00bb1\/2&Prime;][vc_column_text] Nos r\u00e9f\u00e9rences D\u00e9couvrez quelques r\u00e9f\u00e9rences et projets-types \u00e0 l\u2019image du savoir-faire et de l\u2019exp\u00e9rience de BFH Ingenieure.[\/vc_column_text][\/vc_column][vc_column width=\u00a0\u00bb1\/2&Prime;][\/vc_column][\/vc_row][vc_row [\u2026]\" \/>\n<meta property=\"og:url\" content=\"https:\/\/bfh-ingenieure.de\/fr\/nos-references\/\" \/>\n<meta property=\"og:site_name\" content=\"BFH Ingenieure\" \/>\n<meta property=\"article:modified_time\" content=\"2026-02-09T20:25:28+00:00\" \/>\n<meta name=\"twitter:card\" content=\"summary_large_image\" \/>\n<meta name=\"twitter:label1\" content=\"Dur\u00e9e de lecture estim\u00e9e\" \/>\n\t<meta name=\"twitter:data1\" content=\"1 minute\" \/>\n<script type=\"application\/ld+json\" class=\"yoast-schema-graph\">{\"@context\":\"https:\/\/schema.org\",\"@graph\":[{\"@type\":\"WebPage\",\"@id\":\"https:\/\/bfh-ingenieure.de\/fr\/nos-references\/\",\"url\":\"https:\/\/bfh-ingenieure.de\/fr\/nos-references\/\",\"name\":\"Nos r\u00e9f\u00e9rences - BFH Ingenieure\",\"isPartOf\":{\"@id\":\"https:\/\/bfh-ingenieure.de\/#website\"},\"datePublished\":\"2022-07-05T13:00:45+00:00\",\"dateModified\":\"2026-02-09T20:25:28+00:00\",\"breadcrumb\":{\"@id\":\"https:\/\/bfh-ingenieure.de\/fr\/nos-references\/#breadcrumb\"},\"inLanguage\":\"fr-FR\",\"potentialAction\":[{\"@type\":\"ReadAction\",\"target\":[\"https:\/\/bfh-ingenieure.de\/fr\/nos-references\/\"]}]},{\"@type\":\"BreadcrumbList\",\"@id\":\"https:\/\/bfh-ingenieure.de\/fr\/nos-references\/#breadcrumb\",\"itemListElement\":[{\"@type\":\"ListItem\",\"position\":1,\"name\":\"Home\",\"item\":\"https:\/\/bfh-ingenieure.de\/fr\/home\/\"},{\"@type\":\"ListItem\",\"position\":2,\"name\":\"Nos r\u00e9f\u00e9rences\"}]},{\"@type\":\"WebSite\",\"@id\":\"https:\/\/bfh-ingenieure.de\/#website\",\"url\":\"https:\/\/bfh-ingenieure.de\/\",\"name\":\"BFH Ingenieure\",\"description\":\"Eine weitere WordPress-Website\",\"inLanguage\":\"fr-FR\"}]}<\/script>\n<!-- \/ Yoast SEO plugin. -->","yoast_head_json":{"title":"Nos r\u00e9f\u00e9rences - BFH Ingenieure","robots":{"index":"index","follow":"follow","max-snippet":"max-snippet:-1","max-image-preview":"max-image-preview:large","max-video-preview":"max-video-preview:-1"},"canonical":"https:\/\/bfh-ingenieure.de\/fr\/nos-references\/","og_locale":"fr_FR","og_type":"article","og_title":"Nos r\u00e9f\u00e9rences - BFH Ingenieure","og_description":"[vc_section full_width=\u00a0\u00bbstretch_row\u00a0\u00bb el_id=\u00a0\u00bbintro\u00a0\u00bb css=\u00a0\u00bb.vc_custom_1770668723670{background: #cae7ef url(https:\/\/bfh-ingenieure.de\/wp-content\/uploads\/2026\/02\/Group-3.png?id=1112) !important;}\u00a0\u00bb][vc_row][vc_column width=\u00a0\u00bb1\/2&Prime;][vc_column_text] Nos r\u00e9f\u00e9rences D\u00e9couvrez quelques r\u00e9f\u00e9rences et projets-types \u00e0 l\u2019image du savoir-faire et de l\u2019exp\u00e9rience de BFH Ingenieure.[\/vc_column_text][\/vc_column][vc_column width=\u00a0\u00bb1\/2&Prime;][\/vc_column][\/vc_row][vc_row [\u2026]","og_url":"https:\/\/bfh-ingenieure.de\/fr\/nos-references\/","og_site_name":"BFH Ingenieure","article_modified_time":"2026-02-09T20:25:28+00:00","twitter_card":"summary_large_image","twitter_misc":{"Dur\u00e9e de lecture estim\u00e9e":"1 minute"},"schema":{"@context":"https:\/\/schema.org","@graph":[{"@type":"WebPage","@id":"https:\/\/bfh-ingenieure.de\/fr\/nos-references\/","url":"https:\/\/bfh-ingenieure.de\/fr\/nos-references\/","name":"Nos r\u00e9f\u00e9rences - BFH Ingenieure","isPartOf":{"@id":"https:\/\/bfh-ingenieure.de\/#website"},"datePublished":"2022-07-05T13:00:45+00:00","dateModified":"2026-02-09T20:25:28+00:00","breadcrumb":{"@id":"https:\/\/bfh-ingenieure.de\/fr\/nos-references\/#breadcrumb"},"inLanguage":"fr-FR","potentialAction":[{"@type":"ReadAction","target":["https:\/\/bfh-ingenieure.de\/fr\/nos-references\/"]}]},{"@type":"BreadcrumbList","@id":"https:\/\/bfh-ingenieure.de\/fr\/nos-references\/#breadcrumb","itemListElement":[{"@type":"ListItem","position":1,"name":"Home","item":"https:\/\/bfh-ingenieure.de\/fr\/home\/"},{"@type":"ListItem","position":2,"name":"Nos r\u00e9f\u00e9rences"}]},{"@type":"WebSite","@id":"https:\/\/bfh-ingenieure.de\/#website","url":"https:\/\/bfh-ingenieure.de\/","name":"BFH Ingenieure","description":"Eine weitere WordPress-Website","inLanguage":"fr-FR"}]}},"_links":{"self":[{"href":"https:\/\/bfh-ingenieure.de\/fr\/wp-json\/wp\/v2\/pages\/636","targetHints":{"allow":["GET"]}}],"collection":[{"href":"https:\/\/bfh-ingenieure.de\/fr\/wp-json\/wp\/v2\/pages"}],"about":[{"href":"https:\/\/bfh-ingenieure.de\/fr\/wp-json\/wp\/v2\/types\/page"}],"author":[{"embeddable":true,"href":"https:\/\/bfh-ingenieure.de\/fr\/wp-json\/wp\/v2\/users\/1"}],"replies":[{"embeddable":true,"href":"https:\/\/bfh-ingenieure.de\/fr\/wp-json\/wp\/v2\/comments?post=636"}],"version-history":[{"count":2,"href":"https:\/\/bfh-ingenieure.de\/fr\/wp-json\/wp\/v2\/pages\/636\/revisions"}],"predecessor-version":[{"id":1136,"href":"https:\/\/bfh-ingenieure.de\/fr\/wp-json\/wp\/v2\/pages\/636\/revisions\/1136"}],"wp:attachment":[{"href":"https:\/\/bfh-ingenieure.de\/fr\/wp-json\/wp\/v2\/media?parent=636"}],"curies":[{"name":"wp","href":"https:\/\/api.w.org\/{rel}","templated":true}]}}