{"id":807,"date":"2022-07-05T14:59:54","date_gmt":"2022-07-05T12:59:54","guid":{"rendered":"http:\/\/bfh-ingenieure.de\/das-unternehmen\/"},"modified":"2026-02-09T22:56:45","modified_gmt":"2026-02-09T21:56:45","slug":"societe","status":"publish","type":"page","link":"https:\/\/bfh-ingenieure.de\/fr\/societe\/","title":{"rendered":"Soci\u00e9t\u00e9"},"content":{"rendered":"<p>[vc_section full_width=\u00a0\u00bbstretch_row\u00a0\u00bb el_id=\u00a0\u00bbintro\u00a0\u00bb css=\u00a0\u00bb.vc_custom_1770667851366{background: #cae7ef url(https:\/\/bfh-ingenieure.de\/wp-content\/uploads\/2026\/02\/Group-6.png?id=1118) !important;}\u00a0\u00bb][vc_row][vc_column width=\u00a0\u00bb1\/2&Prime;][vc_column_text]<\/p>\n<h1 class=\"upper\">Qui sommes nous?<\/h1>\n<p>[\/vc_column_text][\/vc_column][vc_column width=\u00a0\u00bb1\/2&Prime;][\/vc_column][\/vc_row][vc_row full_width=\u00a0\u00bbstretch_row_content_no_spaces\u00a0\u00bb el_class=\u00a0\u00bbskew-bot-row skew-bot-row-light\u00a0\u00bb][vc_column][\/vc_column][\/vc_row][\/vc_section][vc_section full_width=\u00a0\u00bbstretch_row\u00a0\u00bb css=\u00a0\u00bb.vc_custom_1657287564035{background-color: #cae7ef !important;}\u00a0\u00bb el_class=\u00a0\u00bbtop-pad-4&Prime;][vc_row el_class=\u00a0\u00bbsqueeze-row\u00a0\u00bb][vc_column][vc_column_text el_class=\u00a0\u00bbdark-colored\u00a0\u00bb]Gr\u00e2ce \u00e0 ses ing\u00e9nieurs exp\u00e9riment\u00e9s et comp\u00e9tents, le bureau d\u2019ing\u00e9nieurs conseils BFH Ingenieure proposent \u00e0 ses clients des services de qualit\u00e9 et une expertise compl\u00e8te de l\u2019\u00e9tude pr\u00e9liminaire \u00e0 la phase de mise en \u0153uvre.<\/p>\n<p>Nos services couvrent la quasi-totalit\u00e9 du cycle de vie des projets, de l\u2019avant-projet \u00e0 la phase d\u2019ex\u00e9cution. Regroupant un grand nombre de domaines de comp\u00e9tences sous un m\u00eame toit, la gestion rapide des projets est garantie et nos clients disposent d\u2019un interlocuteur unique.[\/vc_column_text][vc_column_text el_class=\u00a0\u00bbdark-colored\u00a0\u00bb]BFH Ingenieure est membre de :<\/p>\n<ul class=\"white\">\n<li>BWK : Bund der Ingenieure f\u00fcr Wasserwirtschaft, Abfallwirtschaft und Kulturbau e.V.<\/li>\n<li>DHG: Deutsche Hydrologische Gesellschaft<\/li>\n<li>DWA : Deutsche Vereinigung f\u00fcr Wasserwirtschaft Abwasser und Abfall e.V<\/li>\n<li>FGSV : Forschungsgesellschaft f\u00fcr Strassen und Verkehrswesen e.V<\/li>\n<li>ING : Ingenieurkammer Rheinland Pfalz<\/li>\n<li>OAI: Ordre des Architecteset des Ing\u00e9nieurs-Conseils<\/li>\n<li>VDI : Verein Deutscher Ingenieure<\/li>\n<\/ul>\n<p>[\/vc_column_text][\/vc_column][\/vc_row][vc_row full_width=\u00a0\u00bbstretch_row_content_no_spaces\u00a0\u00bb el_class=\u00a0\u00bbskew-bot-row skew-bot-row-special\u00a0\u00bb][vc_column][\/vc_column][\/vc_row][\/vc_section][vc_section full_width=\u00a0\u00bbstretch_row\u00a0\u00bb css=\u00a0\u00bb.vc_custom_1657287617526{background-color: #253151 !important;}\u00a0\u00bb el_class=\u00a0\u00bbtop-pad-6&Prime;][vc_row][vc_column][vc_column_text]<\/p>\n<h2 class=\"al-center white upper bot-mar-2\">Les cl\u00e9s de notre succ\u00e8s<\/h2>\n<p>[\/vc_column_text][\/vc_column][\/vc_row][vc_row el_id=\u00a0\u00bbvalue-row\u00a0\u00bb][vc_column width=\u00a0\u00bb1\/3&Prime;][vc_single_image image=\u00a0\u00bb770&Prime; img_size=\u00a0\u00bbfull\u00a0\u00bb alignment=\u00a0\u00bbcenter\u00a0\u00bb][vc_column_text el_class=\u00a0\u00bbwhite\u00a0\u00bb]<\/p>\n<h3 class=\"upper\"><strong>Qualit\u00e9<\/strong><\/h3>\n<p>Notre priorit\u00e9 absolue est la r\u00e9alisation de toutes les commandes dans une qualit\u00e9 irr\u00e9prochable. Nous y parvenons gr\u00e2ce \u00e0 notre approche et notre m\u00e9thode de travail interdisciplinaires, \u00e0 notre exp\u00e9rience transfrontali\u00e8re en mati\u00e8re de projets, ainsi qu&rsquo;\u00e0 des mesures internes de gestion de la qualit\u00e9, notamment des audits r\u00e9guliers conform\u00e9ment \u00e0 la norme ISO 9001.[\/vc_column_text][\/vc_column][vc_column width=\u00a0\u00bb1\/3&Prime;][vc_single_image image=\u00a0\u00bb767&Prime; img_size=\u00a0\u00bbfull\u00a0\u00bb alignment=\u00a0\u00bbcenter\u00a0\u00bb][vc_column_text el_class=\u00a0\u00bbwhite\u00a0\u00bb]<\/p>\n<h3 class=\"upper\">Interdisciplinarit\u00e9<\/h3>\n<p>Nous constituons des \u00e9quipes d\u2019experts capables de r\u00e9pondre aux exigences et aux sp\u00e9cifications de missions de planification hautement complexes. Nous n\u2019apportons pas seulement notre savoir-faire technique sp\u00e9cialis\u00e9 dans la conception et le d\u00e9veloppement, mais gardons \u00e9galement toujours une vision globale du projet.[\/vc_column_text][\/vc_column][vc_column width=\u00a0\u00bb1\/3&Prime;][vc_single_image image=\u00a0\u00bb1026&Prime; img_size=\u00a0\u00bbfull\u00a0\u00bb alignment=\u00a0\u00bbcenter\u00a0\u00bb][vc_column_text el_class=\u00a0\u00bbwhite\u00a0\u00bb]<\/p>\n<h3 class=\"upper\">Durabilit\u00e9<\/h3>\n<p>Nous mettons l&rsquo;accent non seulement sur la durabilit\u00e9 \u00e9conomique, mais aussi sur la durabilit\u00e9 \u00e9cologique et sociale des projets que nous r\u00e9alisons. Nous sommes convaincus que seules la prise en compte des questions environnementales et des aspects sociaux permet de d\u00e9velopper des solutions globales et fonctionnelles \u00e0 long terme.[\/vc_column_text][\/vc_column][\/vc_row][vc_row full_width=\u00a0\u00bbstretch_row_content_no_spaces\u00a0\u00bb el_class=\u00a0\u00bbskew-bot-row skew-bot-row-white top-mar-4&Prime;][vc_column][\/vc_column][\/vc_row][\/vc_section][vc_section full_width=\u00a0\u00bbstretch_row\u00a0\u00bb el_class=\u00a0\u00bbteam-sec top-pad-4&Prime; css=\u00a0\u00bb.vc_custom_1770028702900{background-color: #cae7ef !important;}\u00a0\u00bb][vc_row][vc_column][vc_column_text]<\/p>\n<h2 class=\"al-center upper bot-mar-3\">Direction<\/h2>\n<p>[\/vc_column_text][\/vc_column][\/vc_row][vc_row equal_height=\u00a0\u00bbyes\u00a0\u00bb el_class=\u00a0\u00bbteam-row\u00a0\u00bb el_id=\u00a0\u00bbdirectors-row\u00a0\u00bb][vc_column width=\u00a0\u00bb1\/4&Prime;][\/vc_column][vc_column width=\u00a0\u00bb1\/4&Prime;][vc_single_image image=\u00a0\u00bb1201&Prime; img_size=\u00a0\u00bbfull\u00a0\u00bb alignment=\u00a0\u00bbcenter\u00a0\u00bb el_class=\u00a0\u00bbno-space-img\u00a0\u00bb][vc_column_text el_class=\u00a0\u00bbteam-social-overlay\u00a0\u00bb]<a href=\"https:\/\/www.linkedin.com\/in\/frank-arendt-46305086\/\" target=\"_blank\" rel=\"nofollow noopener\"><i class=\"fab fa-linkedin-in\"><span class=\"social-placeholder\">.<\/span><\/i><\/a>[\/vc_column_text][vc_column_text el_class=\u00a0\u00bbteam-desc\u00a0\u00bb]<\/p>\n<h6>Frank ARENDT<\/h6>\n<p><span class=\"team-position\">Administrateur<\/span>[\/vc_column_text][\/vc_column][vc_column width=\u00a0\u00bb1\/4&Prime;][vc_single_image image=\u00a0\u00bb1204&Prime; img_size=\u00a0\u00bbfull\u00a0\u00bb alignment=\u00a0\u00bbcenter\u00a0\u00bb el_class=\u00a0\u00bbno-space-img\u00a0\u00bb][vc_column_text el_class=\u00a0\u00bbteam-desc\u00a0\u00bb]<\/p>\n<h6>Forve MICHAEL<\/h6>\n<p><span class=\"team-position\">Administrateur<\/span>[\/vc_column_text][\/vc_column][vc_column width=\u00a0\u00bb1\/4&Prime;][\/vc_column][\/vc_row][\/vc_section][vc_section el_class=\u00a0\u00bbtop-mar-4&Prime;][vc_row][vc_column][vc_column_text]<\/p>\n<h2 class=\"al-center upper\"><strong>Le groupe<\/strong><\/h2>\n<p>[\/vc_column_text][vc_column_text el_class=\u00a0\u00bbblack\u00a0\u00bb]LSC Engineering Group est compos\u00e9 de plusieurs bureaux d\u2019ing\u00e9nieurs-conseils associant quotidiennement leur savoir-faire afin de r\u00e9pondre aux exigences du march\u00e9 dans le domaine de la construction et de l\u2019am\u00e9nagement du territoire.<\/p>\n<p>Les prestations propos\u00e9es ont pour objectif\u00a0d\u2019accompagner le client tout au long d\u2019un projet de construction, de r\u00e9novation et\/ou de transformation.<\/p>\n<p>Avec plus de\u00a050 ans d\u2019histoire, l\u2019engagement et le savoir-faire d\u2019un personnel exp\u00e9riment\u00e9 et pluridisciplinaire ont hiss\u00e9 le groupe au niveau des\u00a0leaders du march\u00e9 luxembourgeois. Caract\u00e9ris\u00e9 par la diversit\u00e9 de ses effectifs, le groupe compte aujourd\u2019hui pr\u00e8s de 400 collaborateurs\u00a0compos\u00e9s de jeunes talents dynamiques et d\u2019employ\u00e9s exp\u00e9riment\u00e9s.[\/vc_column_text][\/vc_column][\/vc_row][vc_row][vc_column][vc_btn title=\u00a0\u00bbVoir le site du groupe\u00a0\u00bb align=\u00a0\u00bbcenter\u00a0\u00bb link=\u00a0\u00bburl:https%3A%2F%2Flsc-group.lu|target:_blank\u00a0\u00bb el_class=\u00a0\u00bbcta-btn\u00a0\u00bb][\/vc_column][\/vc_row][vc_row][vc_column][vc_column_text el_class=\u00a0\u00bbal-center black bordered-content top-mar-4 bot-mar-4&Prime;]<strong>La collaboration fr\u00e9quente avec les autres soci\u00e9t\u00e9s du groupe est sans conteste des atouts consid\u00e9rables pour BFH Ingenieure.<\/strong>[\/vc_column_text][\/vc_column][\/vc_row][vc_row][vc_column][vc_images_carousel images=\u00a0\u00bb982,791,795,799,1045,787,909&Prime; img_size=\u00a0\u00bbfull\u00a0\u00bb onclick=\u00a0\u00bbcustom_link\u00a0\u00bb custom_links_target=\u00a0\u00bb_blank\u00a0\u00bb speed=\u00a0\u00bb3000&Prime; slides_per_view=\u00a0\u00bb5&Prime; autoplay=\u00a0\u00bbyes\u00a0\u00bb hide_pagination_control=\u00a0\u00bbyes\u00a0\u00bb wrap=\u00a0\u00bbyes\u00a0\u00bb el_id=\u00a0\u00bbcompany-logos\u00a0\u00bb custom_links=\u00a0\u00bb#E-8_aHR0cHMlM0ElMkYlMkZsc2MzNjAubHUlMkYlMkNodHRwcyUzQSUyRiUyRmJzYy5sdSUyRiUyQ2h0dHBzJTNBJTJGJTJGZ2VvY29uc2VpbHMubHUlMkYlMkNodHRwcyUzQSUyRiUyRmludGVyYWxpYS5sdSUyRiUyQ2h0dHBzJTNBJTJGJTJGc2NhZnJpcXVlLmNvbSUyRiUyQ2h0dHBzJTNBJTJGJTJGc2MtZnJhbmNlLmZyJTJGJTJDaHR0cHMlM0ElMkYlMkZlY29zcGVjdGl2ZS5kZSUyRg==\u00a0\u00bb][\/vc_column][\/vc_row][vc_row full_width=\u00a0\u00bbstretch_row_content_no_spaces\u00a0\u00bb el_class=\u00a0\u00bbskew-bot-row skew-bot-row-light\u00a0\u00bb][vc_column][\/vc_column][\/vc_row][\/vc_section][vc_section full_width=\u00a0\u00bbstretch_row\u00a0\u00bb css=\u00a0\u00bb.vc_custom_1657287920533{background-color: #cae7ef !important;}\u00a0\u00bb][vc_row][vc_column][vc_column_text]<\/p>\n<h2 class=\"upper al-center\">Nos partenaires<\/h2>\n<p>[\/vc_column_text][vc_column_text el_class=\u00a0\u00bbal-center dark-colored\u00a0\u00bb]Nous coop\u00e9rons \u00e9galement avec d\u2019autres soci\u00e9t\u00e9s agissant sur le march\u00e9 national et international, notamment dans la planification et la r\u00e9alisation de grands projets.[\/vc_column_text][\/vc_column][\/vc_row][vc_row disable_element=\u00a0\u00bbyes\u00a0\u00bb][vc_column width=\u00a0\u00bb1\/3&Prime;][vc_single_image image=\u00a0\u00bb763&Prime; img_size=\u00a0\u00bbfull\u00a0\u00bb alignment=\u00a0\u00bbcenter\u00a0\u00bb css=\u00a0\u00bb.vc_custom_1657287957042{margin-bottom: 0px !important;}\u00a0\u00bb][vc_column_text]<\/p>\n<h3 class=\"al-center upper white partner-name\">Geocoptix<\/h3>\n<p>[\/vc_column_text][vc_column_text el_class=\u00a0\u00bbdark-colored al-center\u00a0\u00bb]Drohnen-Daten f\u00fcr smarte L\u00f6sungen<br \/>\nTrier[\/vc_column_text][vc_btn title=\u00a0\u00bbVoir le site\u00a0\u00bb align=\u00a0\u00bbcenter\u00a0\u00bb link=\u00a0\u00bburl:https%3A%2F%2Fwww.geocoptix.com%2F|target:_blank|rel:nofollow\u00a0\u00bb el_class=\u00a0\u00bbcta-btn\u00a0\u00bb][\/vc_column][vc_column width=\u00a0\u00bb1\/3&Prime;][vc_single_image image=\u00a0\u00bb771&Prime; img_size=\u00a0\u00bbfull\u00a0\u00bb alignment=\u00a0\u00bbcenter\u00a0\u00bb css=\u00a0\u00bb.vc_custom_1657288020241{margin-bottom: 0px !important;}\u00a0\u00bb][vc_column_text]<\/p>\n<h3 class=\"al-center upper white partner-name\">Tramp<\/h3>\n<p>[\/vc_column_text][vc_column_text el_class=\u00a0\u00bbdark-colored al-center\u00a0\u00bb]Ingenieurb\u00fcro f\u00fcr Verkehrsplanung und Verkehrstechnik<br \/>\nMagdeburg[\/vc_column_text][vc_btn title=\u00a0\u00bbVoir le site\u00a0\u00bb align=\u00a0\u00bbcenter\u00a0\u00bb link=\u00a0\u00bburl:http%3A%2F%2Fwww.tramp-gmbh.de%2F|target:_blank|rel:nofollow\u00a0\u00bb el_class=\u00a0\u00bbcta-btn\u00a0\u00bb][\/vc_column][vc_column width=\u00a0\u00bb1\/3&Prime;][vc_single_image image=\u00a0\u00bb761&Prime; img_size=\u00a0\u00bbfull\u00a0\u00bb alignment=\u00a0\u00bbcenter\u00a0\u00bb css=\u00a0\u00bb.vc_custom_1657288076869{margin-bottom: 0px !important;}\u00a0\u00bb][vc_column_text]<\/p>\n<h3 class=\"al-center upper white partner-name\">Terra G.O.<\/h3>\n<p>[\/vc_column_text][vc_column_text el_class=\u00a0\u00bbdark-colored al-center\u00a0\u00bb]Bureau de g\u00e9om\u00e8tre officiel au Luxembourg[\/vc_column_text][vc_btn title=\u00a0\u00bbVoir le site\u00a0\u00bb align=\u00a0\u00bbcenter\u00a0\u00bb link=\u00a0\u00bburl:http%3A%2F%2Fterra-go.lu%2F|target:_blank|rel:nofollow\u00a0\u00bb el_class=\u00a0\u00bbcta-btn\u00a0\u00bb][\/vc_column][\/vc_row][vc_row][vc_column width=\u00a0\u00bb1\/2&Prime;][vc_single_image image=\u00a0\u00bb771&Prime; img_size=\u00a0\u00bbfull\u00a0\u00bb alignment=\u00a0\u00bbcenter\u00a0\u00bb css=\u00a0\u00bb.vc_custom_1657288020241{margin-bottom: 0px !important;}\u00a0\u00bb][vc_column_text]<\/p>\n<h3 class=\"al-center upper white partner-name\">Tramp<\/h3>\n<p>[\/vc_column_text][vc_column_text el_class=\u00a0\u00bbdark-colored al-center\u00a0\u00bb]Ingenieurb\u00fcro f\u00fcr Verkehrsplanung und Verkehrstechnik<br \/>\nMagdeburg[\/vc_column_text][vc_btn title=\u00a0\u00bbVoir le site\u00a0\u00bb align=\u00a0\u00bbcenter\u00a0\u00bb link=\u00a0\u00bburl:http%3A%2F%2Fwww.tramp-gmbh.de%2F|target:_blank|rel:nofollow\u00a0\u00bb el_class=\u00a0\u00bbcta-btn\u00a0\u00bb][\/vc_column][vc_column width=\u00a0\u00bb1\/2&Prime;][vc_single_image image=\u00a0\u00bb761&Prime; img_size=\u00a0\u00bbfull\u00a0\u00bb alignment=\u00a0\u00bbcenter\u00a0\u00bb css=\u00a0\u00bb.vc_custom_1657288076869{margin-bottom: 0px !important;}\u00a0\u00bb][vc_column_text]<\/p>\n<h3 class=\"al-center upper white partner-name\">Terra G.O.<\/h3>\n<p>[\/vc_column_text][vc_column_text el_class=\u00a0\u00bbdark-colored al-center\u00a0\u00bb]Bureau de g\u00e9om\u00e8tre officiel au Luxembourg[\/vc_column_text][vc_btn title=\u00a0\u00bbVoir le site\u00a0\u00bb align=\u00a0\u00bbcenter\u00a0\u00bb link=\u00a0\u00bburl:http%3A%2F%2Fterra-go.lu%2F|target:_blank|rel:nofollow\u00a0\u00bb el_class=\u00a0\u00bbcta-btn\u00a0\u00bb][\/vc_column][\/vc_row][\/vc_section]<\/p>\n","protected":false},"excerpt":{"rendered":"<p>[vc_section full_width=\u00a0\u00bbstretch_row\u00a0\u00bb el_id=\u00a0\u00bbintro\u00a0\u00bb css=\u00a0\u00bb.vc_custom_1770667851366{background: #cae7ef url(https:\/\/bfh-ingenieure.de\/wp-content\/uploads\/2026\/02\/Group-6.png?id=1118) !important;}\u00a0\u00bb][vc_row][vc_column width=\u00a0\u00bb1\/2&Prime;][vc_column_text] Qui sommes nous? [\/vc_column_text][\/vc_column][vc_column width=\u00a0\u00bb1\/2&Prime;][\/vc_column][\/vc_row][vc_row full_width=\u00a0\u00bbstretch_row_content_no_spaces\u00a0\u00bb el_class=\u00a0\u00bbskew-bot-row skew-bot-row-light\u00a0\u00bb][vc_column][\/vc_column][\/vc_row][\/vc_section][vc_section full_width=\u00a0\u00bbstretch_row\u00a0\u00bb css=\u00a0\u00bb.vc_custom_1657287564035{background-color: #cae7ef !important;}\u00a0\u00bb el_class=\u00a0\u00bbtop-pad-4&Prime;][vc_row el_class=\u00a0\u00bbsqueeze-row\u00a0\u00bb][vc_column][vc_column_text el_class=\u00a0\u00bbdark-colored\u00a0\u00bb]Gr\u00e2ce \u00e0 ses ing\u00e9nieurs<span class=\"excerpt-hellip\"> [\u2026]<\/span><\/p>\n","protected":false},"author":1,"featured_media":0,"parent":0,"menu_order":0,"comment_status":"closed","ping_status":"closed","template":"","meta":{"footnotes":""},"class_list":["post-807","page","type-page","status-publish","hentry"],"yoast_head":"<!-- This site is optimized with the Yoast SEO plugin v19.14 - https:\/\/yoast.com\/wordpress\/plugins\/seo\/ -->\n<title>Soci\u00e9t\u00e9 - BFH Ingenieure<\/title>\n<meta name=\"robots\" content=\"index, follow, max-snippet:-1, max-image-preview:large, max-video-preview:-1\" \/>\n<link rel=\"canonical\" href=\"https:\/\/bfh-ingenieure.de\/fr\/societe\/\" \/>\n<meta property=\"og:locale\" content=\"fr_FR\" \/>\n<meta property=\"og:type\" content=\"article\" \/>\n<meta property=\"og:title\" content=\"Soci\u00e9t\u00e9 - BFH Ingenieure\" \/>\n<meta property=\"og:description\" content=\"[vc_section full_width=\u00a0\u00bbstretch_row\u00a0\u00bb el_id=\u00a0\u00bbintro\u00a0\u00bb css=\u00a0\u00bb.vc_custom_1770667851366{background: #cae7ef url(https:\/\/bfh-ingenieure.de\/wp-content\/uploads\/2026\/02\/Group-6.png?id=1118) !important;}\u00a0\u00bb][vc_row][vc_column width=\u00a0\u00bb1\/2&Prime;][vc_column_text] Qui sommes nous? [\/vc_column_text][\/vc_column][vc_column width=\u00a0\u00bb1\/2&Prime;][\/vc_column][\/vc_row][vc_row full_width=\u00a0\u00bbstretch_row_content_no_spaces\u00a0\u00bb el_class=\u00a0\u00bbskew-bot-row skew-bot-row-light\u00a0\u00bb][vc_column][\/vc_column][\/vc_row][\/vc_section][vc_section full_width=\u00a0\u00bbstretch_row\u00a0\u00bb css=\u00a0\u00bb.vc_custom_1657287564035{background-color: #cae7ef !important;}\u00a0\u00bb el_class=\u00a0\u00bbtop-pad-4&Prime;][vc_row el_class=\u00a0\u00bbsqueeze-row\u00a0\u00bb][vc_column][vc_column_text el_class=\u00a0\u00bbdark-colored\u00a0\u00bb]Gr\u00e2ce \u00e0 ses ing\u00e9nieurs [\u2026]\" \/>\n<meta property=\"og:url\" content=\"https:\/\/bfh-ingenieure.de\/fr\/societe\/\" \/>\n<meta property=\"og:site_name\" content=\"BFH Ingenieure\" \/>\n<meta property=\"article:modified_time\" content=\"2026-02-09T21:56:45+00:00\" \/>\n<meta name=\"twitter:card\" content=\"summary_large_image\" \/>\n<meta name=\"twitter:label1\" content=\"Dur\u00e9e de lecture estim\u00e9e\" \/>\n\t<meta name=\"twitter:data1\" content=\"3 minutes\" \/>\n<script type=\"application\/ld+json\" class=\"yoast-schema-graph\">{\"@context\":\"https:\/\/schema.org\",\"@graph\":[{\"@type\":\"WebPage\",\"@id\":\"https:\/\/bfh-ingenieure.de\/fr\/societe\/\",\"url\":\"https:\/\/bfh-ingenieure.de\/fr\/societe\/\",\"name\":\"Soci\u00e9t\u00e9 - BFH Ingenieure\",\"isPartOf\":{\"@id\":\"https:\/\/bfh-ingenieure.de\/#website\"},\"datePublished\":\"2022-07-05T12:59:54+00:00\",\"dateModified\":\"2026-02-09T21:56:45+00:00\",\"breadcrumb\":{\"@id\":\"https:\/\/bfh-ingenieure.de\/fr\/societe\/#breadcrumb\"},\"inLanguage\":\"fr-FR\",\"potentialAction\":[{\"@type\":\"ReadAction\",\"target\":[\"https:\/\/bfh-ingenieure.de\/fr\/societe\/\"]}]},{\"@type\":\"BreadcrumbList\",\"@id\":\"https:\/\/bfh-ingenieure.de\/fr\/societe\/#breadcrumb\",\"itemListElement\":[{\"@type\":\"ListItem\",\"position\":1,\"name\":\"Home\",\"item\":\"https:\/\/bfh-ingenieure.de\/fr\/home\/\"},{\"@type\":\"ListItem\",\"position\":2,\"name\":\"Soci\u00e9t\u00e9\"}]},{\"@type\":\"WebSite\",\"@id\":\"https:\/\/bfh-ingenieure.de\/#website\",\"url\":\"https:\/\/bfh-ingenieure.de\/\",\"name\":\"BFH Ingenieure\",\"description\":\"Eine weitere WordPress-Website\",\"inLanguage\":\"fr-FR\"}]}<\/script>\n<!-- \/ Yoast SEO plugin. -->","yoast_head_json":{"title":"Soci\u00e9t\u00e9 - BFH Ingenieure","robots":{"index":"index","follow":"follow","max-snippet":"max-snippet:-1","max-image-preview":"max-image-preview:large","max-video-preview":"max-video-preview:-1"},"canonical":"https:\/\/bfh-ingenieure.de\/fr\/societe\/","og_locale":"fr_FR","og_type":"article","og_title":"Soci\u00e9t\u00e9 - BFH Ingenieure","og_description":"[vc_section full_width=\u00a0\u00bbstretch_row\u00a0\u00bb el_id=\u00a0\u00bbintro\u00a0\u00bb css=\u00a0\u00bb.vc_custom_1770667851366{background: #cae7ef url(https:\/\/bfh-ingenieure.de\/wp-content\/uploads\/2026\/02\/Group-6.png?id=1118) !important;}\u00a0\u00bb][vc_row][vc_column width=\u00a0\u00bb1\/2&Prime;][vc_column_text] Qui sommes nous? [\/vc_column_text][\/vc_column][vc_column width=\u00a0\u00bb1\/2&Prime;][\/vc_column][\/vc_row][vc_row full_width=\u00a0\u00bbstretch_row_content_no_spaces\u00a0\u00bb el_class=\u00a0\u00bbskew-bot-row skew-bot-row-light\u00a0\u00bb][vc_column][\/vc_column][\/vc_row][\/vc_section][vc_section full_width=\u00a0\u00bbstretch_row\u00a0\u00bb css=\u00a0\u00bb.vc_custom_1657287564035{background-color: #cae7ef !important;}\u00a0\u00bb el_class=\u00a0\u00bbtop-pad-4&Prime;][vc_row el_class=\u00a0\u00bbsqueeze-row\u00a0\u00bb][vc_column][vc_column_text el_class=\u00a0\u00bbdark-colored\u00a0\u00bb]Gr\u00e2ce \u00e0 ses ing\u00e9nieurs [\u2026]","og_url":"https:\/\/bfh-ingenieure.de\/fr\/societe\/","og_site_name":"BFH Ingenieure","article_modified_time":"2026-02-09T21:56:45+00:00","twitter_card":"summary_large_image","twitter_misc":{"Dur\u00e9e de lecture estim\u00e9e":"3 minutes"},"schema":{"@context":"https:\/\/schema.org","@graph":[{"@type":"WebPage","@id":"https:\/\/bfh-ingenieure.de\/fr\/societe\/","url":"https:\/\/bfh-ingenieure.de\/fr\/societe\/","name":"Soci\u00e9t\u00e9 - BFH Ingenieure","isPartOf":{"@id":"https:\/\/bfh-ingenieure.de\/#website"},"datePublished":"2022-07-05T12:59:54+00:00","dateModified":"2026-02-09T21:56:45+00:00","breadcrumb":{"@id":"https:\/\/bfh-ingenieure.de\/fr\/societe\/#breadcrumb"},"inLanguage":"fr-FR","potentialAction":[{"@type":"ReadAction","target":["https:\/\/bfh-ingenieure.de\/fr\/societe\/"]}]},{"@type":"BreadcrumbList","@id":"https:\/\/bfh-ingenieure.de\/fr\/societe\/#breadcrumb","itemListElement":[{"@type":"ListItem","position":1,"name":"Home","item":"https:\/\/bfh-ingenieure.de\/fr\/home\/"},{"@type":"ListItem","position":2,"name":"Soci\u00e9t\u00e9"}]},{"@type":"WebSite","@id":"https:\/\/bfh-ingenieure.de\/#website","url":"https:\/\/bfh-ingenieure.de\/","name":"BFH Ingenieure","description":"Eine weitere WordPress-Website","inLanguage":"fr-FR"}]}},"_links":{"self":[{"href":"https:\/\/bfh-ingenieure.de\/fr\/wp-json\/wp\/v2\/pages\/807","targetHints":{"allow":["GET"]}}],"collection":[{"href":"https:\/\/bfh-ingenieure.de\/fr\/wp-json\/wp\/v2\/pages"}],"about":[{"href":"https:\/\/bfh-ingenieure.de\/fr\/wp-json\/wp\/v2\/types\/page"}],"author":[{"embeddable":true,"href":"https:\/\/bfh-ingenieure.de\/fr\/wp-json\/wp\/v2\/users\/1"}],"replies":[{"embeddable":true,"href":"https:\/\/bfh-ingenieure.de\/fr\/wp-json\/wp\/v2\/comments?post=807"}],"version-history":[{"count":31,"href":"https:\/\/bfh-ingenieure.de\/fr\/wp-json\/wp\/v2\/pages\/807\/revisions"}],"predecessor-version":[{"id":1206,"href":"https:\/\/bfh-ingenieure.de\/fr\/wp-json\/wp\/v2\/pages\/807\/revisions\/1206"}],"wp:attachment":[{"href":"https:\/\/bfh-ingenieure.de\/fr\/wp-json\/wp\/v2\/media?parent=807"}],"curies":[{"name":"wp","href":"https:\/\/api.w.org\/{rel}","templated":true}]}}